{"id":8924,"date":"2024-11-01T15:26:57","date_gmt":"2024-11-01T13:26:57","guid":{"rendered":"https:\/\/www.sologusto.com\/product\/ragu-di-carne-chianina-e-funghi-porcini-ricette-di-caterina-gr-180"},"modified":"2025-11-25T10:39:34","modified_gmt":"2025-11-25T08:39:34","slug":"ragu-di-carne-chianina-e-funghi-porcini-ricette-di-caterina-gr-180","status":"publish","type":"product","link":"https:\/\/www.sologusto.com\/lt\/produktas\/ragu-di-carne-chianina-e-funghi-porcini-ricette-di-caterina-gr-180\/","title":{"rendered":"Jautienos ir baravyk\u0173 pada\u017eas &#8220;Ricette Di Caterina&#8221; 180 g"},"content":{"rendered":"<div class=\"flex max-w-full flex-col flex-grow\">\n<div class=\"min-h-8 text-message flex w-full flex-col items-end gap-2 whitespace-normal break-words text-start [.text-message+&amp;]:mt-5\" dir=\"auto\" data-message-author-role=\"assistant\" data-message-id=\"df8b1822-bf01-467f-b020-8ef19c786f7a\" data-message-model-slug=\"gpt-4o\">\n<div class=\"flex w-full flex-col gap-1 empty:hidden first:pt-[3px]\">\n<div class=\"markdown prose w-full break-words dark:prose-invert light\">\n<p>jautienos ir baravyk\u0173<\/p>\n<p>&nbsp;<\/p>\n<p><strong>Ingredientai<\/strong><br \/>\nJautienos \u201echianina\u201c m\u0117sa (60%), pomidor\u0173 tyr\u0117, baravykai (Boletus edulis) 10%, auk\u0161\u010diausios kokyb\u0117s alyvuogi\u0173 aliejus, dar\u017eov\u0117s \u012fvairiomis proporcijomis (morkos, salierai, svog\u016bnai, \u010desnakai), vynas, kiauliena, druska, petra\u017eol\u0117s, prieskoniai.<\/p>\n<\/div>\n<\/div>\n<\/div>\n<\/div>\n<p>Ragu&#8217; Di Carne Chianina E Funghi Porcini &#8220;Ricette Di Caterina&#8221; Gr.180<\/p>\n","protected":false},"excerpt":{"rendered":"<p>Ragu&#8217; Di Carne Chianina E Funghi Porcini &#8220;Ricette Di Caterina&#8221; Gr.180<\/p>","protected":false},"featured_media":9386,"template":"","meta":{"jetpack_publicize_message":"","jetpack_publicize_feature_enabled":true,"jetpack_social_post_already_shared":true,"jetpack_social_options":{"image_generator_settings":{"template":"highway","default_image_id":0,"font":"","enabled":false},"version":2}},"product_brand":[],"product_cat":[52,53],"product_tag":[608,612,616,606,615,621,568,620,613,617,622,102,611,619,610,605,607,618,614,609],"class_list":{"0":"post-8924","1":"product","2":"type-product","3":"status-publish","4":"has-post-thumbnail","6":"product_cat-padazai","7":"product_cat-uztepeles","8":"product_tag-carne","9":"product_tag-caterinas-recipes","10":"product_tag-caterinos-receptai","11":"product_tag-chianina","12":"product_tag-first-course","13":"product_tag-funghi","14":"product_tag-grybai","15":"product_tag-makaronai-ragu","16":"product_tag-meat","17":"product_tag-mesa","18":"product_tag-mushrooms","19":"product_tag-pasta","20":"product_tag-pasta-ragu","21":"product_tag-pirmasis-patiekalas","22":"product_tag-primo-piatto","23":"product_tag-ragu","24":"product_tag-ricette-di-caterina","25":"product_tag-tradicinis","26":"product_tag-traditional","27":"product_tag-tradizionale","29":"first","30":"outofstock","31":"taxable","32":"shipping-taxable","33":"purchasable","34":"product-type-simple"},"jetpack_publicize_connections":[],"jetpack_sharing_enabled":true,"_links":{"self":[{"href":"https:\/\/www.sologusto.com\/lt\/wp-json\/wp\/v2\/product\/8924","targetHints":{"allow":["GET"]}}],"collection":[{"href":"https:\/\/www.sologusto.com\/lt\/wp-json\/wp\/v2\/product"}],"about":[{"href":"https:\/\/www.sologusto.com\/lt\/wp-json\/wp\/v2\/types\/product"}],"wp:featuredmedia":[{"embeddable":true,"href":"https:\/\/www.sologusto.com\/lt\/wp-json\/wp\/v2\/media\/9386"}],"wp:attachment":[{"href":"https:\/\/www.sologusto.com\/lt\/wp-json\/wp\/v2\/media?parent=8924"}],"wp:term":[{"taxonomy":"product_brand","embeddable":true,"href":"https:\/\/www.sologusto.com\/lt\/wp-json\/wp\/v2\/product_brand?post=8924"},{"taxonomy":"product_cat","embeddable":true,"href":"https:\/\/www.sologusto.com\/lt\/wp-json\/wp\/v2\/product_cat?post=8924"},{"taxonomy":"product_tag","embeddable":true,"href":"https:\/\/www.sologusto.com\/lt\/wp-json\/wp\/v2\/product_tag?post=8924"}],"curies":[{"name":"wp","href":"https:\/\/api.w.org\/{rel}","templated":true}]}}