{"id":8923,"date":"2024-11-01T15:26:57","date_gmt":"2024-11-01T13:26:57","guid":{"rendered":"https:\/\/www.sologusto.com\/product\/ragu-di-carne-chianina-ricette-di-caterina-gr-180"},"modified":"2025-11-25T10:38:09","modified_gmt":"2025-11-25T08:38:09","slug":"ragu-di-carne-chianina-ricette-di-caterina-gr-180","status":"publish","type":"product","link":"https:\/\/www.sologusto.com\/lt\/produktas\/ragu-di-carne-chianina-ricette-di-caterina-gr-180\/","title":{"rendered":"&#8220;Ricette Di Caterina&#8221; &#8211; Chianina M\u0117sa Ragu Gr.180"},"content":{"rendered":"<p>La chianina \u00e8 una razza bovina tra le pi\u00f9 antiche e importanti di Italia, deve il suo nome alla zona di allevamento la VAL DI CHIANA. Carne chianina certificata secondo il disciplinare IT 003 ET.<\/p>\n<p>Ottimo condimento per tutti i tipi di pasta, gnocchetti, ravioli tagliatelle ecc. Prodotto gi\u00e0 pronto all&#8217;uso da scaldare a bagnomaria, in forno a microonde oppure direttamente in padella.<\/p>\n<p><strong>Ingredienti:\u00a0<\/strong>Carne bovina &#8220;chianina&#8221; (60%)certificata secondo il disciplinare IT003ET, passata di pomodoro (origine Italia), olio extra vergine di oliva, ortaggi in proporzione variabile (carota, sedano, cipolla, aglio), vino, carne suina, sale, prezzemolo, spezie.\u00a0<strong>Allergeni: sedano. Senza glutine e senza lattosio, naturalmente a basso contenuto di zuccheri. Senza conservanti.<\/strong><\/p>\n<p><strong>Valori nutrizionali medi per 100 g:\u00a0<\/strong>Energia 906\/216 Kj\/Kcal; grassi 17.2 g di cui saturi 3.4 g; carboidrati 2.6 g di cui zuccheri 2.4 g; proteine 14.7 g; sale 2.1 g.<\/p>\n<p>&#8212; &#8212;<\/p>\n<p>Chianina yra viena i\u0161 seniausi\u0173 ir svarbiausi\u0173 galvij\u0173 veisli\u0173 Italijoje, ji pavadinta VAL DI CHIANA veisimo vietove. Chianina m\u0117sa sertifikuota pagal IT 003 ET specifikacij\u0105.<\/p>\n<p>Puikus vis\u0173 r\u016b\u0161i\u0173 makaron\u0173, gnocchi, ravioli\u0173, tagliatelle ir kt. Paruo\u0161tas naudojimui produktas, skirtas kaitinti baseine, mikrobang\u0173 krosnel\u0117je arba tiesiai keptuv\u0117je.<\/p>\n<p>Sud\u0117tis: &#8220;Chianina&#8221; jautiena (60%), sertifikuota pagal IT003ET specifikacij\u0105, pomidor\u0173 tyr\u0117 (itali\u0161kos kilm\u0117s), auk\u0161\u010diausios kokyb\u0117s pirmojo spaudimo alyvuogi\u0173 aliejus, dar\u017eov\u0117s \u012fvairiomis proporcijomis (morkos, salierai, svog\u016bnai, \u010desnakai), vynas, kiauliena, druska, petra\u017eol\u0117s , prieskoniai. Alergenai: salierai. Be glitimo ir laktoz\u0117s, nat\u016braliai ma\u017eai cukraus. Be konservant\u0173.<\/p>\n<p>Vidutin\u0117s maistin\u0117s vert\u0117s 100 g: Energija 906\/216 Kj\/Kcal; riebalai 17,2 g, i\u0161 kuri\u0173 so\u010di\u0173j\u0173 3,4 g; angliavandeniai 2,6 g i\u0161 kuri\u0173 cukr\u0173 2,4 g; baltym\u0173 14,7 g; druskos 2,1 g.<\/p>\n<p>&#8212; &#8212;<\/p>\n<p>Chianina is one of the oldest and most important cattle breeds in Italy, it owes its name to the breeding area of \u200b\u200bVAL DI CHIANA. Chianina meat certified according to the IT 003 ET specification.<\/p>\n<p>Excellent condiment for all types of pasta, gnocchi, ravioli, tagliatelle, etc. Ready-to-use product to heat in a bain-marie, in the microwave or directly in a pan.<\/p>\n<p>Ingredients: &#8220;Chianina&#8221; beef (60%) certified according to the IT003ET specification, tomato puree (origin Italy), extra virgin olive oil, vegetables in variable proportions (carrot, celery, onion, garlic), wine, pork, salt, parsley, spices. Allergens: celery. Gluten-free and lactose-free, naturally low in sugar. No preservatives.<\/p>\n<p>Average nutritional values \u200b\u200bper 100 g: Energy 906\/216 Kj\/Kcal; fat 17.2 g of which saturated 3.4 g; carbohydrates 2.6 g of which sugars 2.4 g; proteins 14.7 g; salt 2.1 g.<\/p>\n<p>&nbsp;<\/p>","protected":false},"excerpt":{"rendered":"<p>Ragu&#8217; Di Carne Chianina &#8220;Ricette Di Caterina&#8221; Gr.180<\/p>\n<p>Chianina Meat Ragu &#8220;Caterina&#8217;s Recipes&#8221; Gr.180<\/p>\n<p>Chianina M\u0117sa Ragu &#8220;Katerinos receptai&#8221; Gr.180<\/p>\n<p>&nbsp;<\/p>","protected":false},"featured_media":8977,"template":"","meta":{"jetpack_publicize_message":"","jetpack_publicize_feature_enabled":true,"jetpack_social_post_already_shared":true,"jetpack_social_options":{"image_generator_settings":{"template":"highway","default_image_id":0,"font":"","enabled":false},"version":2}},"product_brand":[],"product_cat":[52,53],"product_tag":[608,612,616,606,615,620,613,617,102,611,619,610,605,607,618,614,609],"class_list":{"0":"post-8923","1":"product","2":"type-product","3":"status-publish","4":"has-post-thumbnail","6":"product_cat-padazai","7":"product_cat-uztepeles","8":"product_tag-carne","9":"product_tag-caterinas-recipes","10":"product_tag-caterinos-receptai","11":"product_tag-chianina","12":"product_tag-first-course","13":"product_tag-makaronai-ragu","14":"product_tag-meat","15":"product_tag-mesa","16":"product_tag-pasta","17":"product_tag-pasta-ragu","18":"product_tag-pirmasis-patiekalas","19":"product_tag-primo-piatto","20":"product_tag-ragu","21":"product_tag-ricette-di-caterina","22":"product_tag-tradicinis","23":"product_tag-traditional","24":"product_tag-tradizionale","26":"first","27":"outofstock","28":"taxable","29":"shipping-taxable","30":"purchasable","31":"product-type-simple"},"jetpack_publicize_connections":[],"jetpack_sharing_enabled":true,"_links":{"self":[{"href":"https:\/\/www.sologusto.com\/lt\/wp-json\/wp\/v2\/product\/8923","targetHints":{"allow":["GET"]}}],"collection":[{"href":"https:\/\/www.sologusto.com\/lt\/wp-json\/wp\/v2\/product"}],"about":[{"href":"https:\/\/www.sologusto.com\/lt\/wp-json\/wp\/v2\/types\/product"}],"wp:featuredmedia":[{"embeddable":true,"href":"https:\/\/www.sologusto.com\/lt\/wp-json\/wp\/v2\/media\/8977"}],"wp:attachment":[{"href":"https:\/\/www.sologusto.com\/lt\/wp-json\/wp\/v2\/media?parent=8923"}],"wp:term":[{"taxonomy":"product_brand","embeddable":true,"href":"https:\/\/www.sologusto.com\/lt\/wp-json\/wp\/v2\/product_brand?post=8923"},{"taxonomy":"product_cat","embeddable":true,"href":"https:\/\/www.sologusto.com\/lt\/wp-json\/wp\/v2\/product_cat?post=8923"},{"taxonomy":"product_tag","embeddable":true,"href":"https:\/\/www.sologusto.com\/lt\/wp-json\/wp\/v2\/product_tag?post=8923"}],"curies":[{"name":"wp","href":"https:\/\/api.w.org\/{rel}","templated":true}]}}