{"id":8922,"date":"2024-11-01T15:26:56","date_gmt":"2024-11-01T13:26:56","guid":{"rendered":"https:\/\/www.sologusto.com\/product\/salsa-per-crostini-toscani-gr-180"},"modified":"2026-01-11T11:56:41","modified_gmt":"2026-01-11T09:56:41","slug":"salsa-per-crostini-toscani-gr-180","status":"publish","type":"product","link":"https:\/\/www.sologusto.com\/lt\/produktas\/salsa-per-crostini-toscani-gr-180\/","title":{"rendered":"Toskani\u0161kos brusketos pada\u017eas, 180 g"},"content":{"rendered":"<div class=\"flex max-w-full flex-col flex-grow\">\n<div class=\"min-h-8 text-message flex w-full flex-col items-end gap-2 whitespace-normal break-words text-start [.text-message+&amp;]:mt-5\" dir=\"auto\" data-message-author-role=\"assistant\" data-message-id=\"5672e20b-720c-4af9-ac8c-6fe270c1170f\" data-message-model-slug=\"gpt-4o\">\n<div class=\"flex w-full flex-col gap-1 empty:hidden first:pt-[3px]\">\n<div class=\"markdown prose w-full break-words dark:prose-invert light\">\n<h3><strong>Toskani\u0161kos brusketos pada\u017eas, 180 g<\/strong><\/h3>\n<h5><strong>Ingredientai<\/strong><\/h5>\n<p>Vi\u0161tienos kepen\u0117l\u0117s, marinuoti kapar\u0117liai (kapar\u0117liai, vanduo, druska), ypa\u010d tyro alyvuogi\u0173 aliejaus, an\u010diuvi\u0173 pasta (an\u010diuviai 95%, druska, saul\u0117gr\u0105\u017e\u0173 aliejus), petra\u017eol\u0117s, svog\u016bnas, druska, actas.<\/p>\n<\/div>\n<\/div>\n<\/div>\n<\/div>\n<h3><strong>Salsa Per Crostini Toscani Gr.180<\/strong><\/h3>\n<h5>Ingredienti<\/h5>\n<p>Fegato di pollo, capperi in salamoia (capperi, acqua, sale), olio extra vergine di oliva, pasta di acciughe (alici 95%, sale, olio di semi di girasole), prezzemolo, cipolla, sale, aceto.<\/p>\n","protected":false},"excerpt":{"rendered":"<p>Salsa Per Crostini Toscani Gr.180<\/p>","protected":false},"featured_media":9366,"template":"","meta":{"jetpack_publicize_message":"","jetpack_publicize_feature_enabled":true,"jetpack_social_post_already_shared":true,"jetpack_social_options":{"image_generator_settings":{"template":"highway","default_image_id":0,"font":"","enabled":false},"version":2}},"product_brand":[],"product_cat":[52,53],"product_tag":[591,604,589,595,603,588,593,597,592,65,598,602,587,590,599,596,479,600,594,601],"class_list":{"0":"post-8922","1":"product","2":"type-product","3":"status-publish","4":"has-post-thumbnail","6":"product_cat-padazai","7":"product_cat-uztepeles","8":"product_tag-aglio","9":"product_tag-alyvuogiu-aliejus-salsa","10":"product_tag-antipasto","11":"product_tag-appetizer","12":"product_tag-cesnakas","13":"product_tag-crostini","14":"product_tag-croutons","15":"product_tag-garlic","16":"product_tag-olio-doliva-sauce","17":"product_tag-olive-oil","18":"product_tag-olive-oil-padazas","19":"product_tag-pikantiskas","20":"product_tag-salsa","21":"product_tag-saporito","22":"product_tag-skrebuciai","23":"product_tag-tasty","24":"product_tag-toscano","25":"product_tag-toskana","26":"product_tag-tuscan","27":"product_tag-uzkandis","29":"first","30":"instock","31":"sale","32":"taxable","33":"shipping-taxable","34":"purchasable","35":"product-type-simple"},"jetpack_publicize_connections":[],"jetpack_sharing_enabled":true,"_links":{"self":[{"href":"https:\/\/www.sologusto.com\/lt\/wp-json\/wp\/v2\/product\/8922","targetHints":{"allow":["GET"]}}],"collection":[{"href":"https:\/\/www.sologusto.com\/lt\/wp-json\/wp\/v2\/product"}],"about":[{"href":"https:\/\/www.sologusto.com\/lt\/wp-json\/wp\/v2\/types\/product"}],"wp:featuredmedia":[{"embeddable":true,"href":"https:\/\/www.sologusto.com\/lt\/wp-json\/wp\/v2\/media\/9366"}],"wp:attachment":[{"href":"https:\/\/www.sologusto.com\/lt\/wp-json\/wp\/v2\/media?parent=8922"}],"wp:term":[{"taxonomy":"product_brand","embeddable":true,"href":"https:\/\/www.sologusto.com\/lt\/wp-json\/wp\/v2\/product_brand?post=8922"},{"taxonomy":"product_cat","embeddable":true,"href":"https:\/\/www.sologusto.com\/lt\/wp-json\/wp\/v2\/product_cat?post=8922"},{"taxonomy":"product_tag","embeddable":true,"href":"https:\/\/www.sologusto.com\/lt\/wp-json\/wp\/v2\/product_tag?post=8922"}],"curies":[{"name":"wp","href":"https:\/\/api.w.org\/{rel}","templated":true}]}}