{"id":8920,"date":"2024-11-01T11:49:15","date_gmt":"2024-11-01T09:49:15","guid":{"rendered":"https:\/\/www.sologusto.com\/product\/sale-al-tartufo"},"modified":"2026-01-11T11:56:41","modified_gmt":"2026-01-11T09:56:41","slug":"sale-al-tartufo","status":"publish","type":"product","link":"https:\/\/www.sologusto.com\/lt\/produktas\/sale-al-tartufo\/","title":{"rendered":"Sale al tartufo &#8211; Triufeli\u0173 druska"},"content":{"rendered":"<p>Sale al tartufo<\/p>\n<p><strong>Sale in piacevoli cristalli<\/strong>\u00a0per insaporire tagliate di carne, verdure al vapore o grigliate, pesce alla griglia, pop corn, patatine fritte. Eccellente sia per piatti caldi che freddi.<\/p>\n<p>&#8212;<\/p>\n<p>Triufeli\u0173 druska<\/p>\n<p>Druska maloniuose kristaluose pagardinti m\u0117sos gabal\u0117lius, garuose ar ant groteli\u0173 keptas dar\u017eoves, ant groteli\u0173 kept\u0105 \u017euv\u012f, kukur\u016bz\u0173 sprag\u0117sius, gruzdintas bulvytes. Puikiai tinka tiek kar\u0161tiems, tiek \u0161altiems patiekalams.<\/p>\n<p>&nbsp;<\/p>\n<p>&nbsp;<\/p>","protected":false},"excerpt":{"rendered":"<p>Sale al tartufo<\/p>\n<p>Triufeli\u0173 druska<\/p>\n<p>&nbsp;<\/p>","protected":false},"featured_media":9302,"template":"","meta":{"jetpack_publicize_message":"","jetpack_publicize_feature_enabled":true,"jetpack_social_post_already_shared":true,"jetpack_social_options":{"image_generator_settings":{"template":"highway","default_image_id":0,"font":"","enabled":false},"version":2}},"product_brand":[],"product_cat":[52,53],"product_tag":[584,585,586],"class_list":{"0":"post-8920","1":"product","2":"type-product","3":"status-publish","4":"has-post-thumbnail","6":"product_cat-padazai","7":"product_cat-uztepeles","8":"product_tag-sale-al-tartufo","9":"product_tag-triufeliu-druska","10":"product_tag-truffle-salt","12":"first","13":"instock","14":"sale","15":"taxable","16":"shipping-taxable","17":"purchasable","18":"product-type-simple"},"jetpack_publicize_connections":[],"jetpack_sharing_enabled":true,"_links":{"self":[{"href":"https:\/\/www.sologusto.com\/lt\/wp-json\/wp\/v2\/product\/8920","targetHints":{"allow":["GET"]}}],"collection":[{"href":"https:\/\/www.sologusto.com\/lt\/wp-json\/wp\/v2\/product"}],"about":[{"href":"https:\/\/www.sologusto.com\/lt\/wp-json\/wp\/v2\/types\/product"}],"wp:featuredmedia":[{"embeddable":true,"href":"https:\/\/www.sologusto.com\/lt\/wp-json\/wp\/v2\/media\/9302"}],"wp:attachment":[{"href":"https:\/\/www.sologusto.com\/lt\/wp-json\/wp\/v2\/media?parent=8920"}],"wp:term":[{"taxonomy":"product_brand","embeddable":true,"href":"https:\/\/www.sologusto.com\/lt\/wp-json\/wp\/v2\/product_brand?post=8920"},{"taxonomy":"product_cat","embeddable":true,"href":"https:\/\/www.sologusto.com\/lt\/wp-json\/wp\/v2\/product_cat?post=8920"},{"taxonomy":"product_tag","embeddable":true,"href":"https:\/\/www.sologusto.com\/lt\/wp-json\/wp\/v2\/product_tag?post=8920"}],"curies":[{"name":"wp","href":"https:\/\/api.w.org\/{rel}","templated":true}]}}