{"id":8918,"date":"2024-11-01T11:49:14","date_gmt":"2024-11-01T09:49:14","guid":{"rendered":"https:\/\/www.sologusto.com\/product\/miele-al-tartufo"},"modified":"2026-01-11T11:56:41","modified_gmt":"2026-01-11T09:56:41","slug":"miele-al-tartufo","status":"publish","type":"product","link":"https:\/\/www.sologusto.com\/lt\/produktas\/miele-al-tartufo\/","title":{"rendered":"&#8220;Dolcissimo&#8221; Trum\u0173 Medus 40 g"},"content":{"rendered":"<div class=\"flex max-w-full flex-col flex-grow\">\n<div class=\"min-h-8 text-message flex w-full flex-col items-end gap-2 whitespace-normal break-words text-start [.text-message+&amp;]:mt-5\" dir=\"auto\" data-message-author-role=\"assistant\" data-message-id=\"2db89137-d702-4508-8f03-be60ca07e456\" data-message-model-slug=\"gpt-4o\">\n<div class=\"flex w-full flex-col gap-1 empty:hidden first:pt-[3px]\">\n<div class=\"markdown prose w-full break-words dark:prose-invert light\">\n<p><strong>&#8220;Dolcissimo&#8221; Trum\u0173 Medus<\/strong><\/p>\n<p><strong>Pagrindin\u0117s savyb\u0117s:<\/strong><\/p>\n<ul>\n<li><strong>Ingredientai:<\/strong>\n<ul>\n<li>Akacij\u0173 medus (ekologi\u0161kas)<\/li>\n<li>Baltasis trumas (Tuber Borchii) 0,5 %<\/li>\n<li>Nat\u016brali\u0173 trum\u0173 aromatas<\/li>\n<\/ul>\n<\/li>\n<li><strong>Maistin\u0117 vert\u0117 100 g:<\/strong>\n<ul>\n<li>Energija: 1272 kJ \/ 304 kcal<\/li>\n<li>Riebalai: 0 g\n<ul>\n<li>i\u0161 j\u0173 so\u010di\u0173j\u0173 riebal\u0173 r\u016bg\u0161\u010di\u0173: 0 g<\/li>\n<\/ul>\n<\/li>\n<li>Angliavandeniai: 82 g\n<ul>\n<li>i\u0161 j\u0173 cukr\u0173: 82 g<\/li>\n<\/ul>\n<\/li>\n<\/ul>\n<\/li>\n<\/ul>\n<\/div>\n<\/div>\n<\/div>\n<\/div>\n<div class=\"mb-2 flex gap-3 empty:hidden -ml-2\">\n<div class=\"items-center justify-start rounded-xl p-1 flex\">\n<div class=\"flex items-center\">\n<p>&nbsp;<\/p>\n<div class=\"flex\"><\/div>\n<div class=\"flex items-center pb-0\"><span class=\"overflow-hidden text-clip whitespace-nowrap text-sm\">4o<\/span><\/div>\n<\/div>\n<\/div>\n<\/div>\n<p>Miele al tartufo<\/p>\n","protected":false},"excerpt":{"rendered":"<p>Miele al tartufo<\/p>","protected":false},"featured_media":0,"template":"","meta":{"jetpack_publicize_message":"","jetpack_publicize_feature_enabled":true,"jetpack_social_post_already_shared":false,"jetpack_social_options":{"image_generator_settings":{"template":"highway","default_image_id":0,"font":"","enabled":false},"version":2}},"product_brand":[],"product_cat":[52,53],"product_tag":[578,579,580],"class_list":{"0":"post-8918","1":"product","2":"type-product","3":"status-publish","5":"product_cat-padazai","6":"product_cat-uztepeles","7":"product_tag-miele-al-tartufo","8":"product_tag-triufeliu-medus","9":"product_tag-truffle-honey","11":"first","12":"instock","13":"sale","14":"taxable","15":"shipping-taxable","16":"purchasable","17":"product-type-simple"},"jetpack_publicize_connections":[],"jetpack_sharing_enabled":true,"_links":{"self":[{"href":"https:\/\/www.sologusto.com\/lt\/wp-json\/wp\/v2\/product\/8918","targetHints":{"allow":["GET"]}}],"collection":[{"href":"https:\/\/www.sologusto.com\/lt\/wp-json\/wp\/v2\/product"}],"about":[{"href":"https:\/\/www.sologusto.com\/lt\/wp-json\/wp\/v2\/types\/product"}],"wp:attachment":[{"href":"https:\/\/www.sologusto.com\/lt\/wp-json\/wp\/v2\/media?parent=8918"}],"wp:term":[{"taxonomy":"product_brand","embeddable":true,"href":"https:\/\/www.sologusto.com\/lt\/wp-json\/wp\/v2\/product_brand?post=8918"},{"taxonomy":"product_cat","embeddable":true,"href":"https:\/\/www.sologusto.com\/lt\/wp-json\/wp\/v2\/product_cat?post=8918"},{"taxonomy":"product_tag","embeddable":true,"href":"https:\/\/www.sologusto.com\/lt\/wp-json\/wp\/v2\/product_tag?post=8918"}],"curies":[{"name":"wp","href":"https:\/\/api.w.org\/{rel}","templated":true}]}}