{"id":8916,"date":"2024-11-01T11:49:13","date_gmt":"2024-11-01T09:49:13","guid":{"rendered":"https:\/\/www.sologusto.com\/product\/salsa-di-fegatini"},"modified":"2026-01-11T11:56:42","modified_gmt":"2026-01-11T09:56:42","slug":"salsa-di-fegatini","status":"publish","type":"product","link":"https:\/\/www.sologusto.com\/lt\/produktas\/salsa-di-fegatini\/","title":{"rendered":"Kepen\u0117li\u0173 pada\u017eas"},"content":{"rendered":"<p>Salsa di fegatini<\/p>\n<p>Ingredientai: Vi\u0161t\u0173 kepen\u0117l\u0117s 50%, kukur\u016bz\u0173 aliejus, kapar\u0117liai, svog\u016bnai, druska, pipirai, kadagio uogos, \u0161alavijas.<\/p>","protected":false},"excerpt":{"rendered":"<p>Salsa di fegatini<\/p>","protected":false},"featured_media":8955,"template":"","meta":{"jetpack_publicize_message":"","jetpack_publicize_feature_enabled":true,"jetpack_social_post_already_shared":false,"jetpack_social_options":{"image_generator_settings":{"template":"highway","default_image_id":0,"font":"","enabled":false},"version":2}},"product_brand":[],"product_cat":[52,53],"product_tag":[577,576,575],"class_list":{"0":"post-8916","1":"product","2":"type-product","3":"status-publish","4":"has-post-thumbnail","6":"product_cat-padazai","7":"product_cat-uztepeles","8":"product_tag-kepenu-padazas","9":"product_tag-liver-sauce","10":"product_tag-salsa-di-fegatini","12":"first","13":"instock","14":"sale","15":"taxable","16":"shipping-taxable","17":"purchasable","18":"product-type-simple"},"jetpack_publicize_connections":[],"jetpack_sharing_enabled":true,"_links":{"self":[{"href":"https:\/\/www.sologusto.com\/lt\/wp-json\/wp\/v2\/product\/8916","targetHints":{"allow":["GET"]}}],"collection":[{"href":"https:\/\/www.sologusto.com\/lt\/wp-json\/wp\/v2\/product"}],"about":[{"href":"https:\/\/www.sologusto.com\/lt\/wp-json\/wp\/v2\/types\/product"}],"wp:featuredmedia":[{"embeddable":true,"href":"https:\/\/www.sologusto.com\/lt\/wp-json\/wp\/v2\/media\/8955"}],"wp:attachment":[{"href":"https:\/\/www.sologusto.com\/lt\/wp-json\/wp\/v2\/media?parent=8916"}],"wp:term":[{"taxonomy":"product_brand","embeddable":true,"href":"https:\/\/www.sologusto.com\/lt\/wp-json\/wp\/v2\/product_brand?post=8916"},{"taxonomy":"product_cat","embeddable":true,"href":"https:\/\/www.sologusto.com\/lt\/wp-json\/wp\/v2\/product_cat?post=8916"},{"taxonomy":"product_tag","embeddable":true,"href":"https:\/\/www.sologusto.com\/lt\/wp-json\/wp\/v2\/product_tag?post=8916"}],"curies":[{"name":"wp","href":"https:\/\/api.w.org\/{rel}","templated":true}]}}