{"id":8915,"date":"2024-11-01T11:49:13","date_gmt":"2024-11-01T09:49:13","guid":{"rendered":"https:\/\/www.sologusto.com\/product\/crema-di-funghi-porcini-2"},"modified":"2026-01-11T11:56:42","modified_gmt":"2026-01-11T09:56:42","slug":"crema-di-funghi-porcini-2","status":"publish","type":"product","link":"https:\/\/www.sologusto.com\/lt\/produktas\/crema-di-funghi-porcini-2\/","title":{"rendered":"Crema di funghi porcini &#8211; Porcini gryb\u0173 kremas &#8211; 180gr"},"content":{"rendered":"<p><strong>La crema di funghi porcini<\/strong> \u00e8 preparata con funghi porcini e coltivati. La salsa \u00e8 cremosa e spalmabile ed \u00e8 adatta per tartine, primi piatti, frittate e carne ma anche per sformati di verdura e paste ripiene. Si pu\u00f2 usare al naturale o diluito con panna o maionese. *Una volta aperto il vasetto deve essere conservato in frigorifero e consumato entro 5\/6 giorni.<\/p>\n<p><strong>Ingredienti<\/strong><br \/>\nFunghi coltivati (Agaricus Bisporus), Funghi Porcini (Boletus Edulis e relativo gruppo) 40%, olio di semi di mais, sale, aglio, aromi.<\/p>\n<p>&#8212; &#8212;<\/p>\n<p>Porcini gryb\u0173 kremas ruo\u0161iamas i\u0161 kiaulienos gryb\u0173 ir auginam\u0173 gryb\u0173. Pada\u017eas yra kreminis ir tepamas ir tinka su kanap\u0117le, pirmiesiems patiekalams, omletams ir m\u0117sai, bet taip pat prie dar\u017eovi\u0173 kepini\u0173 ir \u012fdaryti makaron\u0173. Galima naudoti nat\u016bral\u0173 arba atskiest\u0105 grietin\u0117le ar majonezu. *Atkim\u0161us stiklain\u012f reikia laikyti \u0161aldytuve ir suvartoti per 5\/6 dienas.<\/p>\n<p>Ingredientai<br \/>\nKult\u016briniai grybai (Agaricus Bisporus), kiauliniai grybai (Boletus Edulis ir gimininga grup\u0117) 40%, kukur\u016bz\u0173 aliejus, druska, \u010desnakai, kvapiosios med\u017eiagos.<\/p>","protected":false},"excerpt":{"rendered":"<p>Crema di funghi porcini<\/p>\n<p>Porcini gryb\u0173 kremas<\/p>","protected":false},"featured_media":8945,"template":"","meta":{"jetpack_publicize_message":"","jetpack_publicize_feature_enabled":true,"jetpack_social_post_already_shared":true,"jetpack_social_options":{"image_generator_settings":{"template":"highway","default_image_id":0,"font":"","enabled":false},"version":2}},"product_brand":[],"product_cat":[52,53],"product_tag":[572,573,574],"class_list":{"0":"post-8915","1":"product","2":"type-product","3":"status-publish","4":"has-post-thumbnail","6":"product_cat-padazai","7":"product_cat-uztepeles","8":"product_tag-crema-di-funghi-porcini","9":"product_tag-porcini-grybu-kremas","10":"product_tag-porcini-mushroom-cream","12":"first","13":"instock","14":"sale","15":"taxable","16":"shipping-taxable","17":"purchasable","18":"product-type-simple"},"jetpack_publicize_connections":[],"jetpack_sharing_enabled":true,"_links":{"self":[{"href":"https:\/\/www.sologusto.com\/lt\/wp-json\/wp\/v2\/product\/8915","targetHints":{"allow":["GET"]}}],"collection":[{"href":"https:\/\/www.sologusto.com\/lt\/wp-json\/wp\/v2\/product"}],"about":[{"href":"https:\/\/www.sologusto.com\/lt\/wp-json\/wp\/v2\/types\/product"}],"wp:featuredmedia":[{"embeddable":true,"href":"https:\/\/www.sologusto.com\/lt\/wp-json\/wp\/v2\/media\/8945"}],"wp:attachment":[{"href":"https:\/\/www.sologusto.com\/lt\/wp-json\/wp\/v2\/media?parent=8915"}],"wp:term":[{"taxonomy":"product_brand","embeddable":true,"href":"https:\/\/www.sologusto.com\/lt\/wp-json\/wp\/v2\/product_brand?post=8915"},{"taxonomy":"product_cat","embeddable":true,"href":"https:\/\/www.sologusto.com\/lt\/wp-json\/wp\/v2\/product_cat?post=8915"},{"taxonomy":"product_tag","embeddable":true,"href":"https:\/\/www.sologusto.com\/lt\/wp-json\/wp\/v2\/product_tag?post=8915"}],"curies":[{"name":"wp","href":"https:\/\/api.w.org\/{rel}","templated":true}]}}