{"id":8914,"date":"2024-11-01T11:49:13","date_gmt":"2024-11-01T09:49:13","guid":{"rendered":"https:\/\/www.sologusto.com\/product\/crema-di-funghi-porcini"},"modified":"2026-01-11T11:56:42","modified_gmt":"2026-01-11T09:56:42","slug":"crema-di-funghi-porcini","status":"publish","type":"product","link":"https:\/\/www.sologusto.com\/lt\/produktas\/crema-di-funghi-porcini\/","title":{"rendered":"&#8220;Crema di porcini&#8221; Baravyk\u0173 Kreminis Pada\u017eas 80gr"},"content":{"rendered":"<p>Crema di funghi porcini<\/p>\n<p>&nbsp;<\/p>\n<p><span data-sheets-root=\"1\"><br \/>\nIngredientai: \u0160ampinjonai (Agaricus bisporus), baravykai (Boletus edulis ir pana\u0161i grup\u0117) 40%, kukur\u016bz\u0173 aliejus, druska, \u010desnakas, kvapiosios med\u017eiagos.<br \/>\nNaudojimas: Puikiai tinka u\u017ekand\u017eiams, makaronams, ant keptos m\u0117sos, omletui.&#8221;<\/span><\/p>","protected":false},"excerpt":{"rendered":"<p>Crema di funghi porcini<\/p>","protected":false},"featured_media":8945,"template":"","meta":{"jetpack_publicize_message":"","jetpack_publicize_feature_enabled":true,"jetpack_social_post_already_shared":true,"jetpack_social_options":{"image_generator_settings":{"template":"highway","default_image_id":0,"font":"","enabled":false},"version":2}},"product_brand":[],"product_cat":[52,53],"product_tag":[572,573,574],"class_list":{"0":"post-8914","1":"product","2":"type-product","3":"status-publish","4":"has-post-thumbnail","6":"product_cat-padazai","7":"product_cat-uztepeles","8":"product_tag-crema-di-funghi-porcini","9":"product_tag-porcini-grybu-kremas","10":"product_tag-porcini-mushroom-cream","12":"first","13":"instock","14":"sale","15":"taxable","16":"shipping-taxable","17":"purchasable","18":"product-type-simple"},"jetpack_publicize_connections":[],"jetpack_sharing_enabled":true,"_links":{"self":[{"href":"https:\/\/www.sologusto.com\/lt\/wp-json\/wp\/v2\/product\/8914","targetHints":{"allow":["GET"]}}],"collection":[{"href":"https:\/\/www.sologusto.com\/lt\/wp-json\/wp\/v2\/product"}],"about":[{"href":"https:\/\/www.sologusto.com\/lt\/wp-json\/wp\/v2\/types\/product"}],"wp:featuredmedia":[{"embeddable":true,"href":"https:\/\/www.sologusto.com\/lt\/wp-json\/wp\/v2\/media\/8945"}],"wp:attachment":[{"href":"https:\/\/www.sologusto.com\/lt\/wp-json\/wp\/v2\/media?parent=8914"}],"wp:term":[{"taxonomy":"product_brand","embeddable":true,"href":"https:\/\/www.sologusto.com\/lt\/wp-json\/wp\/v2\/product_brand?post=8914"},{"taxonomy":"product_cat","embeddable":true,"href":"https:\/\/www.sologusto.com\/lt\/wp-json\/wp\/v2\/product_cat?post=8914"},{"taxonomy":"product_tag","embeddable":true,"href":"https:\/\/www.sologusto.com\/lt\/wp-json\/wp\/v2\/product_tag?post=8914"}],"curies":[{"name":"wp","href":"https:\/\/api.w.org\/{rel}","templated":true}]}}