{"id":8912,"date":"2024-11-01T11:49:12","date_gmt":"2024-11-01T09:49:12","guid":{"rendered":"https:\/\/www.sologusto.com\/product\/funghetto"},"modified":"2026-01-11T11:56:42","modified_gmt":"2026-01-11T09:56:42","slug":"funghetto","status":"publish","type":"product","link":"https:\/\/www.sologusto.com\/lt\/produktas\/funghetto\/","title":{"rendered":"&#8220;Funghetto&#8221; Gryb\u0173 pada\u017eas 80 g"},"content":{"rendered":"<p><span data-sheets-root=\"1\">Gryb\u0173 pada\u017eas<br \/>\nIngredientai: grybai (Agaricus bisporus) 66%, baravykai (Boletus edulis ir pana\u0161i grup\u0117) 7%, kukur\u016bz\u0173 aliejus, auk\u0161\u010diausios kokyb\u0117s pirmo spaudimo alyvuogi\u0173 aliejus, druska, petra\u017eol\u0117s, \u010desnakas.<br \/>\nPuikiai tinka sumu\u0161tiniams, ant keptos m\u0117sos, omletams, makaron\u0173 pada\u017eams.<\/span><\/p>","protected":false},"excerpt":{"rendered":"<p>Funghetto<\/p>","protected":false},"featured_media":8948,"template":"","meta":{"jetpack_publicize_message":"","jetpack_publicize_feature_enabled":true,"jetpack_social_post_already_shared":true,"jetpack_social_options":{"image_generator_settings":{"template":"highway","default_image_id":0,"font":"","enabled":false},"version":2}},"product_brand":[],"product_cat":[52,53],"product_tag":[566,568,571,567,569,570],"class_list":{"0":"post-8912","1":"product","2":"type-product","3":"status-publish","4":"has-post-thumbnail","6":"product_cat-padazai","7":"product_cat-uztepeles","8":"product_tag-funghetto","9":"product_tag-grybai","10":"product_tag-padazai","11":"product_tag-salsa-al-funghetto","12":"product_tag-sauce","13":"product_tag-uztepeles","15":"first","16":"instock","17":"sale","18":"taxable","19":"shipping-taxable","20":"purchasable","21":"product-type-simple"},"jetpack_publicize_connections":[],"jetpack_sharing_enabled":true,"_links":{"self":[{"href":"https:\/\/www.sologusto.com\/lt\/wp-json\/wp\/v2\/product\/8912","targetHints":{"allow":["GET"]}}],"collection":[{"href":"https:\/\/www.sologusto.com\/lt\/wp-json\/wp\/v2\/product"}],"about":[{"href":"https:\/\/www.sologusto.com\/lt\/wp-json\/wp\/v2\/types\/product"}],"wp:featuredmedia":[{"embeddable":true,"href":"https:\/\/www.sologusto.com\/lt\/wp-json\/wp\/v2\/media\/8948"}],"wp:attachment":[{"href":"https:\/\/www.sologusto.com\/lt\/wp-json\/wp\/v2\/media?parent=8912"}],"wp:term":[{"taxonomy":"product_brand","embeddable":true,"href":"https:\/\/www.sologusto.com\/lt\/wp-json\/wp\/v2\/product_brand?post=8912"},{"taxonomy":"product_cat","embeddable":true,"href":"https:\/\/www.sologusto.com\/lt\/wp-json\/wp\/v2\/product_cat?post=8912"},{"taxonomy":"product_tag","embeddable":true,"href":"https:\/\/www.sologusto.com\/lt\/wp-json\/wp\/v2\/product_tag?post=8912"}],"curies":[{"name":"wp","href":"https:\/\/api.w.org\/{rel}","templated":true}]}}