{"id":8910,"date":"2024-11-01T11:49:12","date_gmt":"2024-11-01T09:49:12","guid":{"rendered":"https:\/\/www.sologusto.com\/product\/salsa-bianca-al-tartufo"},"modified":"2026-01-11T11:56:42","modified_gmt":"2026-01-11T09:56:42","slug":"salsa-bianca-al-tartufo","status":"publish","type":"product","link":"https:\/\/www.sologusto.com\/lt\/produktas\/salsa-bianca-al-tartufo\/","title":{"rendered":"&#8220;Salsa Bianca al tartufo&#8221; Baravyk\u0173 ir trumfeli\u0173 pada\u017eas &#8211; 80gr"},"content":{"rendered":"<p>Salsa Bianca al tartufo<\/p>\n<p>&nbsp;<\/p>\n<p><span data-sheets-root=\"1\">BALTASIS TRUMFELI\u0172 PADA\u017dAS Baravyk\u0173 ir trumfeli\u0173 pada\u017eas.<br \/>\nIngredientai: Auginami champignon grybai (Agaricus bisporus), baravykai (Boletus edulis ir pana\u0161i grup\u0117) 40%, kukur\u016bz\u0173 aliejus, baltojo triufelio (Tuber borchii Vitt.) 5%, druska, \u010desnakas, kvapiosios med\u017eiagos.<br \/>\nNaudojimo b\u016bdas: Puikiai tinka u\u017ekand\u017eiams, makaronams, ant keptos m\u0117sos, omletui.<\/span><\/p>","protected":false},"excerpt":{"rendered":"<p>Salsa Bianca al tartufo<\/p>","protected":false},"featured_media":9297,"template":"","meta":{"jetpack_publicize_message":"","jetpack_publicize_feature_enabled":true,"jetpack_social_post_already_shared":true,"jetpack_social_options":{"image_generator_settings":{"template":"highway","default_image_id":0,"font":"","enabled":false},"version":2}},"product_brand":[],"product_cat":[52,53],"product_tag":[565,563,564],"class_list":{"0":"post-8910","1":"product","2":"type-product","3":"status-publish","4":"has-post-thumbnail","6":"product_cat-padazai","7":"product_cat-uztepeles","8":"product_tag-baltasis-triufeliu-padazas","9":"product_tag-salsa-bianca-al-tartufo","10":"product_tag-white-truffle-sauce","12":"first","13":"instock","14":"sale","15":"taxable","16":"shipping-taxable","17":"purchasable","18":"product-type-simple"},"jetpack_publicize_connections":[],"jetpack_sharing_enabled":true,"_links":{"self":[{"href":"https:\/\/www.sologusto.com\/lt\/wp-json\/wp\/v2\/product\/8910","targetHints":{"allow":["GET"]}}],"collection":[{"href":"https:\/\/www.sologusto.com\/lt\/wp-json\/wp\/v2\/product"}],"about":[{"href":"https:\/\/www.sologusto.com\/lt\/wp-json\/wp\/v2\/types\/product"}],"wp:featuredmedia":[{"embeddable":true,"href":"https:\/\/www.sologusto.com\/lt\/wp-json\/wp\/v2\/media\/9297"}],"wp:attachment":[{"href":"https:\/\/www.sologusto.com\/lt\/wp-json\/wp\/v2\/media?parent=8910"}],"wp:term":[{"taxonomy":"product_brand","embeddable":true,"href":"https:\/\/www.sologusto.com\/lt\/wp-json\/wp\/v2\/product_brand?post=8910"},{"taxonomy":"product_cat","embeddable":true,"href":"https:\/\/www.sologusto.com\/lt\/wp-json\/wp\/v2\/product_cat?post=8910"},{"taxonomy":"product_tag","embeddable":true,"href":"https:\/\/www.sologusto.com\/lt\/wp-json\/wp\/v2\/product_tag?post=8910"}],"curies":[{"name":"wp","href":"https:\/\/api.w.org\/{rel}","templated":true}]}}