{"id":8908,"date":"2024-11-01T11:49:11","date_gmt":"2024-11-01T09:49:11","guid":{"rendered":"https:\/\/www.sologusto.com\/product\/tartufata-3"},"modified":"2026-01-11T11:56:43","modified_gmt":"2026-01-11T09:56:43","slug":"tartufata-3","status":"publish","type":"product","link":"https:\/\/www.sologusto.com\/lt\/produktas\/tartufata-3\/","title":{"rendered":"&#8220;Tartufata&#8221; Trufelis Pada\u017eas 80 g"},"content":{"rendered":"<p>La ricetta della TARTUFATA \u00e8 molto semplice, la prima ricetta nata in Casa Bianconi che porta con s\u00e9 la storia e il profumo di questa azienda. La salsa \u00e8 ottima da spalmare sul pane, per condire la pasta, come ripieno per ravioli o tortelli, per crepes o per arricchire la carne, \u00e8 perfetta per le scaloppine e fantastica sopra la tagliata, ma anche per il roastbeef. Si sposa molto bene con le uova sia fritte che sode. La salsa ha il 5% di tartufo, ha un\u2019ottima resa, ne basta pochissima per dare ad ogni preparazione un sapore inconfondibile. Provala anche sulla pizza, sugli hamburger e per degli sfiziosi aperitivi!<\/p>\n<p>Ingredienti<br \/>\nFunghi coltivati 60%(Agaricus Bisporus) e relativo gruppo, olio di semi di mais, Tartufo Estivo (Tuber Aestivum Vitt) 5%, sale, prezzemolo, aglio, pepe, aromi.<\/p>\n<p>&#8212; &#8212;<\/p>\n<p>TARTUFATA receptas labai paprastas, pirmasis Casa Bianconi sukurtas receptas, kuriame atsine\u0161a \u0161ios \u012fmon\u0117s istorija ir kvapas. Pada\u017eas puikiai tinka u\u017etepti ant duonos, pagardinti makaronus, kaip \u012fdar\u0105 \u012f raviolius ar tortelius, \u012f blynelius ar praturtinti m\u0117s\u0105, puikiai tiks prie \u0161uku\u010di\u0173 ir fantasti\u0161kai tinka ant grie\u017ein\u0117li\u0173, bet taip pat ir prie jautienos kepsnio. Labai dera ir su keptais, ir su kietai virtais kiau\u0161iniais. Pada\u017eas turi 5% triufeli\u0173, turi puik\u0173 derli\u0173, jo reikia labai nedaug, kad kiekvienas gaminys \u012fgaut\u0173 nepakartojam\u0105 skon\u012f. I\u0161bandykite ir ant picos, m\u0117saini\u0173 ir skani\u0173 aperityv\u0173!<\/p>\n<p>Ingredientai<br \/>\nKult\u016briniai grybai 60% (Agaricus Bisporus) ir giminingos grup\u0117s, kukur\u016bz\u0173 s\u0117kl\u0173 aliejus, vasariniai triufeliai (Tuber Aestivum Vitt) 5%, druska, petra\u017eol\u0117s, \u010desnakai, pipirai, kvapiosios med\u017eiagos.<\/p>\n<p>&#8212; &#8212;<\/p>\n<p>The TARTUFATA recipe is very simple, the first recipe created by Casa Bianconi that carries with it the history and the scent of this company. The sauce is excellent to spread on bread, to season pasta, as a filling for ravioli or tortelli, for crepes or to enrich meat, it is perfect for scallops and fantastic on top of sliced \u200b\u200bmeat, but also for roast beef. It goes very well with both fried and hard-boiled eggs. The sauce has 5% truffle, has an excellent yield, very little is enough to give each preparation an unmistakable flavor. Try it also on pizza, hamburgers and for delicious aperitifs!<\/p>\n<p>Ingredients<br \/>\nCultivated mushrooms 60% (Agaricus Bisporus) and related group, corn seed oil, Summer Truffle (Tuber Aestivum Vitt) 3%, salt, parsley, garlic, pepper, aromas.<\/p>","protected":false},"excerpt":{"rendered":"<p>Tartufata<\/p>\n<p>Trufelis padazas<\/p>\n<p>Trufle sauce<\/p>","protected":false},"featured_media":8944,"template":"","meta":{"jetpack_publicize_message":"","jetpack_publicize_feature_enabled":true,"jetpack_social_post_already_shared":true,"jetpack_social_options":{"image_generator_settings":{"template":"highway","default_image_id":0,"font":"","enabled":false},"version":2}},"product_brand":[],"product_cat":[52,53],"product_tag":[558,562,559,560,561],"class_list":{"0":"post-8908","1":"product","2":"type-product","3":"status-publish","4":"has-post-thumbnail","6":"product_cat-padazai","7":"product_cat-uztepeles","8":"product_tag-tartufata-3","9":"product_tag-tartufi-da-spalmare","10":"product_tag-tartufo","11":"product_tag-truffle","12":"product_tag-trumai","14":"first","15":"instock","16":"sale","17":"taxable","18":"shipping-taxable","19":"purchasable","20":"product-type-simple"},"jetpack_publicize_connections":[],"jetpack_sharing_enabled":true,"_links":{"self":[{"href":"https:\/\/www.sologusto.com\/lt\/wp-json\/wp\/v2\/product\/8908","targetHints":{"allow":["GET"]}}],"collection":[{"href":"https:\/\/www.sologusto.com\/lt\/wp-json\/wp\/v2\/product"}],"about":[{"href":"https:\/\/www.sologusto.com\/lt\/wp-json\/wp\/v2\/types\/product"}],"wp:featuredmedia":[{"embeddable":true,"href":"https:\/\/www.sologusto.com\/lt\/wp-json\/wp\/v2\/media\/8944"}],"wp:attachment":[{"href":"https:\/\/www.sologusto.com\/lt\/wp-json\/wp\/v2\/media?parent=8908"}],"wp:term":[{"taxonomy":"product_brand","embeddable":true,"href":"https:\/\/www.sologusto.com\/lt\/wp-json\/wp\/v2\/product_brand?post=8908"},{"taxonomy":"product_cat","embeddable":true,"href":"https:\/\/www.sologusto.com\/lt\/wp-json\/wp\/v2\/product_cat?post=8908"},{"taxonomy":"product_tag","embeddable":true,"href":"https:\/\/www.sologusto.com\/lt\/wp-json\/wp\/v2\/product_tag?post=8908"}],"curies":[{"name":"wp","href":"https:\/\/api.w.org\/{rel}","templated":true}]}}