{"id":8564,"date":"2024-08-13T14:44:57","date_gmt":"2024-08-13T11:44:57","guid":{"rendered":"https:\/\/www.sologusto.com\/?post_type=product&#038;p=8564"},"modified":"2025-10-26T09:05:40","modified_gmt":"2025-10-26T07:05:40","slug":"ypac-tyras-alyvuogiu-aliejus-segreti-di-famiglia-linija-olio-extravergine-di-oliva-linea-segreti-di-famiglia-500ml-olio-siciliano","status":"publish","type":"product","link":"https:\/\/www.sologusto.com\/lt\/produktas\/ypac-tyras-alyvuogiu-aliejus-segreti-di-famiglia-linija-olio-extravergine-di-oliva-linea-segreti-di-famiglia-500ml-olio-siciliano\/","title":{"rendered":"Ypa\u010d tyras alyvuogi\u0173 aliejus &#8220;Segreti di famiglia&#8221; linija &#8211; 500ml"},"content":{"rendered":"<p>Ypa\u010d tyras alyvuogi\u0173 aliejus &#8220;Segreti di famiglia&#8221; linija &#8211; Intenso &#8211; Intense Fruity<\/p>\n<p>M\u016bs\u0173 linija si\u016blo trij\u0173 r\u016b\u0161i\u0173 aliej\u0173, kuri\u0173 kiekvienas skirtas pagerinti j\u016bs\u0173 patiekal\u0173 skon\u012f.<\/p>\n<p>Nor\u0117dami prad\u0117ti savo kulinarin\u0119 kelion\u0119, m\u016bs\u0173 \u201eDelicate Fruity\u201c yra puikus pasirinkimas prie baltos m\u0117sos ir \u017euvies. D\u0117l savo lengvo ir gaivaus aromatinio profilio \u0161is aliejus pabr\u0117\u017eia skoni\u0173 subtilum\u0105.<\/p>\n<p>Pereinant \u012f m\u016bs\u0173 pasirinkimo esm\u0119, \u201eMedium Fruity\u201c yra tikras kulinarinis simbolis su nepriekai\u0161tingu vaisi\u0173 nat\u0173 ir lengvo a\u0161trumo balansu, \u0161is aliejus suteikia gylio ir charakterio.<\/p>\n<p>Galiausiai dr\u0105siems gomuriams ir raudonos m\u0117sos m\u0117g\u0117jams pristatome \u201eIntense Fruity\u201c su stipriu ir sodriu skoniu.<\/p>\n<p>Biancolilla monokult\u016bra<\/p>\n<p>Sicilijos aliejus<\/p>\n<p>&#8212; &#8212;<\/p>\n<p>&nbsp;<\/p>\n<p>Extra Virgin Olive Oil &#8220;Segreti di famiglia&#8221; line &#8211; Intense Fruity<\/p>\n<p>Our line offers three types of oil, each designed to enhance the taste of your dishes.<\/p>\n<p>To start the culinary journey, our \u2018Delicate Fruity\u2019 is the perfect choice for white meats and fish. With its light and fresh aromatic profile, this oil accentuates the delicacy of the flavours.<\/p>\n<p>Moving on to the heart of our selection, the \u2018Medium Fruity\u2019 is a true culinary wildcard with an impeccable balance of fruity notes and a slight spiciness, this oil adds depth and character.<\/p>\n<p>Finally, for bold palates and lovers of red meat, we present our \u2018Intense Fruity\u2019 with its strong and full-bodied flavor.<\/p>\n<p>Monocultivar Biancolilla<\/p>\n<p>Sicilian oil<\/p>\n<p>&nbsp;<\/p>","protected":false},"excerpt":{"rendered":"<p>Ypa\u010d tyras alyvuogi\u0173 aliejus &#8220;Segreti di famiglia&#8221; linija &#8211; Intenso &#8211; Intense Fruity M\u016bs\u0173 linija si\u016blo trij\u0173 r\u016b\u0161i\u0173 aliej\u0173, kuri\u0173 kiekvienas skirtas pagerinti j\u016bs\u0173 patiekal\u0173 skon\u012f. Nor\u0117dami prad\u0117ti savo kulinarin\u0119 [&hellip;]<\/p>\n","protected":false},"featured_media":8579,"template":"","meta":{"jetpack_publicize_message":"","jetpack_publicize_feature_enabled":true,"jetpack_social_post_already_shared":true,"jetpack_social_options":{"image_generator_settings":{"template":"highway","default_image_id":0,"font":"","enabled":false},"version":2}},"product_brand":[],"product_cat":[47],"product_tag":[198,197,533,67,534,532,66,311,480,530,531,485,535],"class_list":{"0":"post-8564","1":"product","2":"type-product","3":"status-publish","4":"has-post-thumbnail","6":"product_cat-alyvuogiu-aliejus","7":"product_tag-aliejus","8":"product_tag-alyvuogiu-aliejus","9":"product_tag-biancolilla","10":"product_tag-evo","11":"product_tag-maiolica","12":"product_tag-nocellara","13":"product_tag-olio","14":"product_tag-olio-di-oliva","15":"product_tag-olio-extra-vergine","16":"product_tag-olio-extravergine-di-oliva","17":"product_tag-oliva","18":"product_tag-sicilia","19":"product_tag-ypac-tyras-alyvuogiu-aliejus","21":"first","22":"outofstock","23":"sold-individually","24":"taxable","25":"shipping-taxable","26":"purchasable","27":"product-type-simple"},"jetpack_publicize_connections":[],"jetpack_sharing_enabled":true,"_links":{"self":[{"href":"https:\/\/www.sologusto.com\/lt\/wp-json\/wp\/v2\/product\/8564","targetHints":{"allow":["GET"]}}],"collection":[{"href":"https:\/\/www.sologusto.com\/lt\/wp-json\/wp\/v2\/product"}],"about":[{"href":"https:\/\/www.sologusto.com\/lt\/wp-json\/wp\/v2\/types\/product"}],"wp:featuredmedia":[{"embeddable":true,"href":"https:\/\/www.sologusto.com\/lt\/wp-json\/wp\/v2\/media\/8579"}],"wp:attachment":[{"href":"https:\/\/www.sologusto.com\/lt\/wp-json\/wp\/v2\/media?parent=8564"}],"wp:term":[{"taxonomy":"product_brand","embeddable":true,"href":"https:\/\/www.sologusto.com\/lt\/wp-json\/wp\/v2\/product_brand?post=8564"},{"taxonomy":"product_cat","embeddable":true,"href":"https:\/\/www.sologusto.com\/lt\/wp-json\/wp\/v2\/product_cat?post=8564"},{"taxonomy":"product_tag","embeddable":true,"href":"https:\/\/www.sologusto.com\/lt\/wp-json\/wp\/v2\/product_tag?post=8564"}],"curies":[{"name":"wp","href":"https:\/\/api.w.org\/{rel}","templated":true}]}}