{"id":8439,"date":"2024-03-26T19:41:33","date_gmt":"2024-03-26T17:41:33","guid":{"rendered":"https:\/\/www.sologusto.com\/?post_type=product&#038;p=8439"},"modified":"2026-01-11T11:57:09","modified_gmt":"2026-01-11T09:57:09","slug":"nobile-kavos-pupeles-1kg","status":"publish","type":"product","link":"https:\/\/www.sologusto.com\/lt\/produktas\/nobile-kavos-pupeles-1kg\/","title":{"rendered":"&#8220;Nobile&#8221; kavos pupel\u0117s 1kg"},"content":{"rendered":"<p>Nobile yra \u201eMokaSirs\u201c kavos pupeli\u0173 mi\u0161inys su sodriu, subalansuotu aromatu ir \u0161okolado poskoniu.<\/p>\n<p>Svoris 1000g<\/p>\n<p>Supakuota vakuume, trij\u0173 sluoksni\u0173 pl\u0117vele pakuot\u0117 su kompensaciniu vo\u017etuvu.<\/p>\n<p>Skrudinta ir supakuota Italijoje.<\/p>\n<p>Sud\u0117tis: Brazilijos ir Centrin\u0117s Amerikos arabika 100%<\/p>\n<p>&nbsp;<\/p>\n<p>Kavos mi\u0161in\u012f Nobile galima \u012fsigyti maltos kavos ir kapsuli\u0173 pavidalu.<\/p>","protected":false},"excerpt":{"rendered":"<p>&#8220;Nobile&#8221; kava &#8211; pupel\u0117s 1kg &#8211; Arabica 100%<\/p>","protected":false},"featured_media":8524,"template":"","meta":{"jetpack_publicize_message":"","jetpack_publicize_feature_enabled":true,"jetpack_social_post_already_shared":true,"jetpack_social_options":{"image_generator_settings":{"template":"highway","default_image_id":0,"font":"","enabled":false},"version":2}},"product_brand":[865],"product_cat":[46],"product_tag":[529,79,72,78,837,73,71,836,553,77],"class_list":{"0":"post-8439","1":"product","2":"type-product","3":"status-publish","4":"has-post-thumbnail","6":"product_brand-mokasirs","7":"product_cat-kava","8":"product_tag-arabica","9":"product_tag-beans-coffee","10":"product_tag-caffe","11":"product_tag-caffe-in-grani","12":"product_tag-cofee","13":"product_tag-coffee","14":"product_tag-kava","15":"product_tag-kavos","16":"product_tag-mokasirs","17":"product_tag-pupeles","19":"first","20":"instock","21":"sale","22":"featured","23":"taxable","24":"shipping-taxable","25":"purchasable","26":"product-type-simple"},"jetpack_publicize_connections":[],"jetpack_sharing_enabled":true,"_links":{"self":[{"href":"https:\/\/www.sologusto.com\/lt\/wp-json\/wp\/v2\/product\/8439","targetHints":{"allow":["GET"]}}],"collection":[{"href":"https:\/\/www.sologusto.com\/lt\/wp-json\/wp\/v2\/product"}],"about":[{"href":"https:\/\/www.sologusto.com\/lt\/wp-json\/wp\/v2\/types\/product"}],"wp:featuredmedia":[{"embeddable":true,"href":"https:\/\/www.sologusto.com\/lt\/wp-json\/wp\/v2\/media\/8524"}],"wp:attachment":[{"href":"https:\/\/www.sologusto.com\/lt\/wp-json\/wp\/v2\/media?parent=8439"}],"wp:term":[{"taxonomy":"product_brand","embeddable":true,"href":"https:\/\/www.sologusto.com\/lt\/wp-json\/wp\/v2\/product_brand?post=8439"},{"taxonomy":"product_cat","embeddable":true,"href":"https:\/\/www.sologusto.com\/lt\/wp-json\/wp\/v2\/product_cat?post=8439"},{"taxonomy":"product_tag","embeddable":true,"href":"https:\/\/www.sologusto.com\/lt\/wp-json\/wp\/v2\/product_tag?post=8439"}],"curies":[{"name":"wp","href":"https:\/\/api.w.org\/{rel}","templated":true}]}}