{"id":8373,"date":"2024-03-08T15:40:56","date_gmt":"2024-03-08T13:40:56","guid":{"rendered":"https:\/\/www.sologusto.com\/?post_type=product&#038;p=8373"},"modified":"2025-04-06T16:26:50","modified_gmt":"2025-04-06T13:26:50","slug":"pasta-makaronai-trecce-semola-bio","status":"publish","type":"product","link":"https:\/\/www.sologusto.com\/lt\/produktas\/pasta-makaronai-trecce-semola-bio\/","title":{"rendered":"Pasta &#8211; makaronai &#8211; Trecce semola bio"},"content":{"rendered":"<p>IRIS man\u0173 kruopos Trecce rigatai gaminami i\u0161 kiet\u0173j\u0173 kvie\u010di\u0173 mi\u0161inio, kur\u012f kruop\u0161\u010diai atrenkame kiekvieno naujo derliaus metu. Naudojami itali\u0161ki gr\u016bdai yra auginami tiesiogiai m\u016bs\u0173 tiekimo grandin\u0117je.<\/p>\n<p>&#8212; &#8212;<\/p>\n<p>IRIS semolina Trecce rigate are produced with a mixture of durum wheats carefully chosen by us at each new harvest. The grains used are Italian and are grown directly within our supply chain.<\/p>\n<p>&#8212; &#8212;<\/p>\n<p>Le Trecce rigate di semola IRIS sono prodotte con una miscela di grani duri scelti da noi con cura ad ogni nuovo raccolto. I grani utilizzati sono italiani e vengono coltivati direttamente all\u2019interno della nostra filiera.<\/p>\n<p>&#8212;<\/p>\n<p>Ekologi\u0161ki man\u0173 kruop\u0173 makaronai i\u0161 bronzos.<\/p>\n<p>SUD\u0116TIS: ekologi\u0161kos kiet\u0173j\u0173 kvie\u010di\u0173 man\u0173 kruopos<\/p>\n<p>Vidutin\u0117 maistin\u0117 vert\u0117 100 g<br \/>\nEnergin\u0117 vert\u0117: 1508 kJ \/ 356 kcal<br \/>\nRiebalai: 1,6 g<br \/>\ni\u0161 kuri\u0173 so\u010di\u0173j\u0173 riebal\u0173 r\u016bg\u0161\u010di\u0173: 0,4 g<br \/>\nAngliavandeniai: 72,4 g<br \/>\ni\u0161 kuri\u0173 cukr\u0173: 2,6 g<br \/>\nMaistin\u0117s skaidulos: 2,8 g<br \/>\nBaltymai: 11,5 g<br \/>\nDruska: 0 g<\/p>\n<p>Virimo laikas: 9 min<\/p>\n<p>saugykla<br \/>\nPageidautina laikyti v\u0117sioje, sausoje vietoje<\/p>\n<p>&nbsp;<\/p>\n<p>&nbsp;<\/p>","protected":false},"excerpt":{"rendered":"<p>Pasta &#8211; makaronai &#8211; Trecce di semola Bio<\/p>\n<p>Ekologi\u0161ki man\u0173 kruop\u0173 makaronai<\/p>\n<p>100% &#8220;Grano Italiano&#8221; &#8211; 100% Biological agricolture<\/p>","protected":false},"featured_media":8375,"template":"","meta":{"jetpack_publicize_message":"","jetpack_publicize_feature_enabled":true,"jetpack_social_post_already_shared":true,"jetpack_social_options":{"image_generator_settings":{"template":"highway","default_image_id":0,"font":"","enabled":false},"version":2}},"product_brand":[871],"product_cat":[214,55],"product_tag":[218,217,215,102,514,515],"class_list":{"0":"post-8373","1":"product","2":"type-product","3":"status-publish","4":"has-post-thumbnail","6":"product_brand-iris-bio","7":"product_cat-makaronai","8":"product_cat-pasta","9":"product_tag-bio","10":"product_tag-biological-pasta","11":"product_tag-makaroniai","12":"product_tag-pasta","13":"product_tag-trecce","14":"product_tag-trecce-di-semola","16":"first","17":"instock","18":"taxable","19":"shipping-taxable","20":"purchasable","21":"product-type-simple"},"jetpack_publicize_connections":[],"jetpack_sharing_enabled":true,"_links":{"self":[{"href":"https:\/\/www.sologusto.com\/lt\/wp-json\/wp\/v2\/product\/8373","targetHints":{"allow":["GET"]}}],"collection":[{"href":"https:\/\/www.sologusto.com\/lt\/wp-json\/wp\/v2\/product"}],"about":[{"href":"https:\/\/www.sologusto.com\/lt\/wp-json\/wp\/v2\/types\/product"}],"wp:featuredmedia":[{"embeddable":true,"href":"https:\/\/www.sologusto.com\/lt\/wp-json\/wp\/v2\/media\/8375"}],"wp:attachment":[{"href":"https:\/\/www.sologusto.com\/lt\/wp-json\/wp\/v2\/media?parent=8373"}],"wp:term":[{"taxonomy":"product_brand","embeddable":true,"href":"https:\/\/www.sologusto.com\/lt\/wp-json\/wp\/v2\/product_brand?post=8373"},{"taxonomy":"product_cat","embeddable":true,"href":"https:\/\/www.sologusto.com\/lt\/wp-json\/wp\/v2\/product_cat?post=8373"},{"taxonomy":"product_tag","embeddable":true,"href":"https:\/\/www.sologusto.com\/lt\/wp-json\/wp\/v2\/product_tag?post=8373"}],"curies":[{"name":"wp","href":"https:\/\/api.w.org\/{rel}","templated":true}]}}