{"id":8353,"date":"2024-03-08T08:14:43","date_gmt":"2024-03-08T06:14:43","guid":{"rendered":"https:\/\/www.sologusto.com\/?post_type=product&#038;p=8353"},"modified":"2026-01-11T11:58:05","modified_gmt":"2026-01-11T09:58:05","slug":"pasta-rummo-gnocchi-di-patate-bulviu-500g","status":"publish","type":"product","link":"https:\/\/www.sologusto.com\/lt\/produktas\/pasta-rummo-gnocchi-di-patate-bulviu-500g\/","title":{"rendered":"Pasta Rummo &#8211; &#8220;Gnocchi di patate&#8221; bulvi\u0173 gnoc\u010diai 500g."},"content":{"rendered":"<p>&nbsp;<\/p>\n<p><strong>Alergenai<\/strong><br \/>\nAlergenai<br \/>\nGali b\u016bti sojos<br \/>\nSud\u0117tyje yra kvie\u010di\u0173\/kvie\u010di\u0173<br \/>\nKitas tekstas, susij\u0119s su alergenais<br \/>\nGali b\u016bti sojos p\u0117dsak\u0173<\/p>\n<div class=\"flex max-w-full flex-col flex-grow\">\n<div class=\"min-h-8 text-message flex w-full flex-col items-end gap-2 whitespace-normal break-words text-start [.text-message+&amp;]:mt-5\" dir=\"auto\" data-message-author-role=\"assistant\" data-message-id=\"324e02a7-05bf-418e-a7ee-9f5d3f2a8e7c\" data-message-model-slug=\"gpt-4o-mini\">\n<div class=\"flex w-full flex-col gap-1 empty:hidden first:pt-[3px]\">\n<div class=\"markdown prose w-full break-words dark:prose-invert light\">\n<p>Pagaminta i\u0161 100% \u0161vie\u017ei\u0173 ital\u0173 bulvi\u0173 ir itali\u0161k\u0173 kiet\u0173j\u0173 kvie\u010di\u0173 man\u0173 kruop\u0173.<br \/>\nVirimo laikas \u2013 2 minut\u0117s, nusunkti, kai produktas i\u0161kyla \u012f pavir\u0161i\u0173.<\/p>\n<\/div>\n<\/div>\n<\/div>\n<\/div>\n<div class=\"mb-2 flex gap-3 empty:hidden -ml-2\">\n<div class=\"items-center justify-start rounded-xl p-1 flex\">\n<div class=\"flex items-center\">\n<div class=\"flex\"><\/div>\n<\/div>\n<\/div>\n<\/div>\n<p><strong>Ingridientai<\/strong><br \/>\nIngridientai<br \/>\n\u0161vie\u017eios bulv\u0117s 80 proc.<br \/>\nkiet\u0173j\u0173 kvie\u010di\u0173 man\u0173 kruopos 10%<br \/>\nBulvi\u0173 krakmolas 6,5%<br \/>\nry\u017ei\u0173 miltai 1,5%<br \/>\ndruska 1,4%<br \/>\nr\u016bg\u0161tingum\u0105 reguliuojanti med\u017eiaga: pieno r\u016bg\u0161tis 0,45%<br \/>\nKonservantas: sorbo r\u016bg\u0161tis 0,08%<br \/>\nNat\u016bralus skonis 0,06%<br \/>\nCiber\u017eol\u0117 0,01 %<br \/>\nGali b\u016bti sojos p\u0117dsak\u0173<\/p>\n<p><strong>Kilm\u0117<\/strong><br \/>\nKaimas<br \/>\nItalija<br \/>\nKilm\u0117<br \/>\nSu 100 % itali\u0161komis \u0161vie\u017eiomis bulv\u0117mis | Ir su itali\u0161k\u0173 kiet\u0173j\u0173 kvie\u010di\u0173 man\u0173 kruopomis<\/p>\n<p>&nbsp;<\/p>\n","protected":false},"excerpt":{"rendered":"<p>&nbsp; Alergenai Alergenai Gali b\u016bti sojos Sud\u0117tyje yra kvie\u010di\u0173\/kvie\u010di\u0173 Kitas tekstas, susij\u0119s su alergenais Gali b\u016bti sojos p\u0117dsak\u0173 Pagaminta i\u0161 100% \u0161vie\u017ei\u0173 ital\u0173 bulvi\u0173 ir itali\u0161k\u0173 kiet\u0173j\u0173 kvie\u010di\u0173 man\u0173 kruop\u0173. [&hellip;]<\/p>\n","protected":false},"featured_media":8358,"template":"","meta":{"jetpack_publicize_message":"","jetpack_publicize_feature_enabled":true,"jetpack_social_post_already_shared":true,"jetpack_social_options":{"image_generator_settings":{"template":"highway","default_image_id":0,"font":"","enabled":false},"version":2}},"product_brand":[867],"product_cat":[497,214,55],"product_tag":[217,499,320,832,215,102,498,407],"class_list":{"0":"post-8353","1":"product","2":"type-product","3":"status-publish","4":"has-post-thumbnail","6":"product_brand-rummo","7":"product_cat-gnocchi","8":"product_cat-makaronai","9":"product_cat-pasta","10":"product_tag-biological-pasta","11":"product_tag-bulviu-gnocchi","12":"product_tag-gnocchi","13":"product_tag-gnocciai","14":"product_tag-makaroniai","15":"product_tag-pasta","16":"product_tag-patate","17":"product_tag-rummo","19":"first","20":"instock","21":"sale","22":"taxable","23":"shipping-taxable","24":"purchasable","25":"product-type-simple"},"jetpack_publicize_connections":[],"jetpack_sharing_enabled":true,"_links":{"self":[{"href":"https:\/\/www.sologusto.com\/lt\/wp-json\/wp\/v2\/product\/8353","targetHints":{"allow":["GET"]}}],"collection":[{"href":"https:\/\/www.sologusto.com\/lt\/wp-json\/wp\/v2\/product"}],"about":[{"href":"https:\/\/www.sologusto.com\/lt\/wp-json\/wp\/v2\/types\/product"}],"wp:featuredmedia":[{"embeddable":true,"href":"https:\/\/www.sologusto.com\/lt\/wp-json\/wp\/v2\/media\/8358"}],"wp:attachment":[{"href":"https:\/\/www.sologusto.com\/lt\/wp-json\/wp\/v2\/media?parent=8353"}],"wp:term":[{"taxonomy":"product_brand","embeddable":true,"href":"https:\/\/www.sologusto.com\/lt\/wp-json\/wp\/v2\/product_brand?post=8353"},{"taxonomy":"product_cat","embeddable":true,"href":"https:\/\/www.sologusto.com\/lt\/wp-json\/wp\/v2\/product_cat?post=8353"},{"taxonomy":"product_tag","embeddable":true,"href":"https:\/\/www.sologusto.com\/lt\/wp-json\/wp\/v2\/product_tag?post=8353"}],"curies":[{"name":"wp","href":"https:\/\/api.w.org\/{rel}","templated":true}]}}