{"id":8342,"date":"2024-02-24T15:47:18","date_gmt":"2024-02-24T13:47:18","guid":{"rendered":"https:\/\/www.sologusto.com\/?post_type=product&#038;p=8342"},"modified":"2026-01-11T11:58:06","modified_gmt":"2026-01-11T09:58:06","slug":"pasta-lenato-spaghetti-spaghetti-makaronai-500g","status":"publish","type":"product","link":"https:\/\/www.sologusto.com\/lt\/produktas\/pasta-lenato-spaghetti-spaghetti-makaronai-500g\/","title":{"rendered":"Pasta Lenato &#8211; Spaghetti &#8211; &#8220;Spaghetti&#8221; makaronai 500g."},"content":{"rendered":"<p>Lenato Agricultural Company makaron\u0173 gamykla, perdirbta ekologi\u0161kai, suteikia gyvyb\u0117s kokybi\u0161kiems amatinink\u0173 sausiems makaronams. Pilnas ir strukt\u016brizuotas skonis, jo gerumas, nat\u016brali spalva ir puikus atsparumas kepimui, gerbiant tradicijas, gali nustebinti vartotojus kvie\u010di\u0173 kvapu, kuris i\u0161siskiria atidarius makaron\u0173 pakuot\u0119. Paslaptys: technika, te\u0161los apdorojimas vakuume, sertifikuoto geriamojo vandens naudojimas, bronzinis pie\u0161inys, garantuojantis tankum\u0105 ir \u0161iurk\u0161tum\u0105 bei prakaitavimo l\u0105stel\u0117s nat\u016braliam d\u017ei\u016bvimui.<\/p>\n<p>&#8212; &#8212;<\/p>\n<p>The pasta factory of the Lenato Agricultural Company, in organic conversion, gives life to a quality artisanal dry pasta. The full and structured taste, its goodness, the natural color and the superb cooking resistance, respecting tradition, are capable of surprising consumers with the scent of wheat that it releases after opening the pasta package. The secrets are: the technique, the vacuum processing of the dough, the use of certified drinking water, the bronze drawing which guarantees density and roughness and the sweating cells for natural drying.<\/p>\n<p>&#8212; &#8212;<\/p>\n<p>Il pastificio dell\u2019<strong>Azienda Agricola Lenato,\u00a0<\/strong>in conversione biologica, d\u00e0 vita ad una\u00a0<strong>pasta secca artigianale<\/strong>\u00a0di qualit\u00e0. Il gusto pieno e strutturato, la sua bont\u00e0, il colore naturale e la superba tenuta in cottura, rispettando la tradizione, sono capaci di sorprendere i consumatori per il profumo di grano che sprigiona dopo aver aperto la confezione di pasta. I segreti sono: la tecnica, la lavorazione sottovuoto degli impasti, l\u2019uso di acqua potabile certificata, la trafilatura in bronzo che garantisce densit\u00e0 e rugosit\u00e0 e le celle di sudorazione per l\u2019essiccazione naturale.<\/p>\n<p>&nbsp;<\/p>\n<table width=\"279\">\n<tbody>\n<tr>\n<td><strong>Serving Size<\/strong><\/td>\n<td>\u200e100 Grams<\/td>\n<\/tr>\n<tr>\n<td><strong>Energy (kcal)<\/strong><\/td>\n<td>\u200e360.89 kcal<\/td>\n<\/tr>\n<tr>\n<td><strong>Fat<\/strong><\/td>\n<td>\u200e1.6 Grams<\/td>\n<\/tr>\n<tr>\n<td><strong>of which:<\/strong><\/td>\n<td><\/td>\n<\/tr>\n<tr>\n<td><strong>&#8211; Saturates<\/strong><\/td>\n<td>\u200e.3 Grams<\/td>\n<\/tr>\n<tr>\n<td><strong>Carbohydrate<\/strong><\/td>\n<td>\u200e69.5 Grams<\/td>\n<\/tr>\n<tr>\n<td><strong>of which:<\/strong><\/td>\n<td><\/td>\n<\/tr>\n<tr>\n<td><strong>&#8211; Sugars<\/strong><\/td>\n<td>\u200e3.1 Grams<\/td>\n<\/tr>\n<tr>\n<td><strong>Fibre<\/strong><\/td>\n<td>\u200e2.9 Grams<\/td>\n<\/tr>\n<tr>\n<td><strong>Protein<\/strong><\/td>\n<td>\u200e14.5 Grams<\/td>\n<\/tr>\n<\/tbody>\n<\/table>\n<p>&nbsp;<\/p>\n<table width=\"279\">\n<tbody>\n<tr>\n<td><strong>Porcija<\/strong><\/td>\n<td>\u200e100 Grams<\/td>\n<\/tr>\n<tr>\n<td><strong>Energija (kcal)<\/strong><\/td>\n<td>\u200e360.89 kcal<\/td>\n<\/tr>\n<tr>\n<td><strong>Riebalai<\/strong><\/td>\n<td>\u200e1.6 Grams<\/td>\n<\/tr>\n<tr>\n<td><strong>of which:<\/strong><\/td>\n<td><\/td>\n<\/tr>\n<tr>\n<td><strong>Prisotinti<\/strong><\/td>\n<td>\u200e.3 G<\/td>\n<\/tr>\n<tr>\n<td><strong>Angliavandeniai<\/strong><\/td>\n<td>\u200e69.5 G<\/td>\n<\/tr>\n<tr>\n<td><strong>i\u0161 kuri\u0173:<\/strong><\/td>\n<td><\/td>\n<\/tr>\n<tr>\n<td><strong>Cukrus<\/strong><\/td>\n<td>\u200e3.1 G<\/td>\n<\/tr>\n<tr>\n<td><strong>Pluo\u0161tas<\/strong><\/td>\n<td>\u200e2.9 G<\/td>\n<\/tr>\n<tr>\n<td><strong>Baltymai<\/strong><\/td>\n<td>\u200e14.5 G<\/td>\n<\/tr>\n<\/tbody>\n<\/table>\n<p><a href=\"https:\/\/www.sologusto.com\/wp-content\/uploads\/2024\/02\/certificazione_made_in_sicily-150x150-min.png.webp\"><img loading=\"lazy\" decoding=\"async\" data-attachment-id=\"8325\" data-permalink=\"https:\/\/www.sologusto.com\/lt\/?attachment_id=8325\" data-orig-file=\"https:\/\/www.sologusto.com\/wp-content\/uploads\/2024\/02\/certificazione_made_in_sicily-150x150-min.png.webp\" data-orig-size=\"150,150\" data-comments-opened=\"1\" data-image-meta=\"{&quot;aperture&quot;:&quot;0&quot;,&quot;credit&quot;:&quot;&quot;,&quot;camera&quot;:&quot;&quot;,&quot;caption&quot;:&quot;&quot;,&quot;created_timestamp&quot;:&quot;0&quot;,&quot;copyright&quot;:&quot;&quot;,&quot;focal_length&quot;:&quot;0&quot;,&quot;iso&quot;:&quot;0&quot;,&quot;shutter_speed&quot;:&quot;0&quot;,&quot;title&quot;:&quot;&quot;,&quot;orientation&quot;:&quot;0&quot;}\" data-image-title=\"certificazione_made_in_sicily-150&amp;#215;150-min.png\" data-image-description=\"\" data-image-caption=\"\" data-large-file=\"https:\/\/www.sologusto.com\/wp-content\/uploads\/2024\/02\/certificazione_made_in_sicily-150x150-min.png.webp\" class=\"alignnone size-full wp-image-8325\" src=\"https:\/\/www.sologusto.com\/wp-content\/uploads\/2024\/02\/certificazione_made_in_sicily-150x150-min.png.webp\" alt=\"\" width=\"150\" height=\"150\" srcset=\"https:\/\/www.sologusto.com\/wp-content\/uploads\/2024\/02\/certificazione_made_in_sicily-150x150-min.png.webp 150w, https:\/\/www.sologusto.com\/wp-content\/uploads\/2024\/02\/certificazione_made_in_sicily-150x150-min.png-75x75.webp 75w, https:\/\/www.sologusto.com\/wp-content\/uploads\/2024\/02\/certificazione_made_in_sicily-150x150-min.png-100x100.webp 100w\" sizes=\"auto, (max-width: 150px) 100vw, 150px\" \/><\/a><a href=\"https:\/\/www.sologusto.com\/wp-content\/uploads\/2024\/02\/lenato_eccellenze_italiane-150x150-min.png.webp\"><img loading=\"lazy\" decoding=\"async\" data-attachment-id=\"8326\" data-permalink=\"https:\/\/www.sologusto.com\/lt\/?attachment_id=8326\" data-orig-file=\"https:\/\/www.sologusto.com\/wp-content\/uploads\/2024\/02\/lenato_eccellenze_italiane-150x150-min.png.webp\" data-orig-size=\"150,150\" data-comments-opened=\"1\" data-image-meta=\"{&quot;aperture&quot;:&quot;0&quot;,&quot;credit&quot;:&quot;&quot;,&quot;camera&quot;:&quot;&quot;,&quot;caption&quot;:&quot;&quot;,&quot;created_timestamp&quot;:&quot;0&quot;,&quot;copyright&quot;:&quot;&quot;,&quot;focal_length&quot;:&quot;0&quot;,&quot;iso&quot;:&quot;0&quot;,&quot;shutter_speed&quot;:&quot;0&quot;,&quot;title&quot;:&quot;&quot;,&quot;orientation&quot;:&quot;0&quot;}\" data-image-title=\"lenato_eccellenze_italiane-150&amp;#215;150-min.png\" data-image-description=\"\" data-image-caption=\"\" data-large-file=\"https:\/\/www.sologusto.com\/wp-content\/uploads\/2024\/02\/lenato_eccellenze_italiane-150x150-min.png.webp\" class=\"alignnone size-full wp-image-8326\" src=\"https:\/\/www.sologusto.com\/wp-content\/uploads\/2024\/02\/lenato_eccellenze_italiane-150x150-min.png.webp\" alt=\"\" width=\"150\" height=\"150\" srcset=\"https:\/\/www.sologusto.com\/wp-content\/uploads\/2024\/02\/lenato_eccellenze_italiane-150x150-min.png.webp 150w, https:\/\/www.sologusto.com\/wp-content\/uploads\/2024\/02\/lenato_eccellenze_italiane-150x150-min.png-75x75.webp 75w, https:\/\/www.sologusto.com\/wp-content\/uploads\/2024\/02\/lenato_eccellenze_italiane-150x150-min.png-100x100.webp 100w\" sizes=\"auto, (max-width: 150px) 100vw, 150px\" \/><\/a><a href=\"https:\/\/www.sologusto.com\/wp-content\/uploads\/2024\/02\/lenato_tracciabilita_csqa-150x150-min.png.webp\"><img loading=\"lazy\" decoding=\"async\" data-attachment-id=\"8327\" data-permalink=\"https:\/\/www.sologusto.com\/lt\/?attachment_id=8327\" data-orig-file=\"https:\/\/www.sologusto.com\/wp-content\/uploads\/2024\/02\/lenato_tracciabilita_csqa-150x150-min.png.webp\" data-orig-size=\"150,150\" data-comments-opened=\"1\" data-image-meta=\"{&quot;aperture&quot;:&quot;0&quot;,&quot;credit&quot;:&quot;&quot;,&quot;camera&quot;:&quot;&quot;,&quot;caption&quot;:&quot;&quot;,&quot;created_timestamp&quot;:&quot;0&quot;,&quot;copyright&quot;:&quot;&quot;,&quot;focal_length&quot;:&quot;0&quot;,&quot;iso&quot;:&quot;0&quot;,&quot;shutter_speed&quot;:&quot;0&quot;,&quot;title&quot;:&quot;&quot;,&quot;orientation&quot;:&quot;0&quot;}\" data-image-title=\"lenato_tracciabilita_csqa-150&amp;#215;150-min.png\" data-image-description=\"\" data-image-caption=\"\" data-large-file=\"https:\/\/www.sologusto.com\/wp-content\/uploads\/2024\/02\/lenato_tracciabilita_csqa-150x150-min.png.webp\" class=\"alignnone size-full wp-image-8327\" src=\"https:\/\/www.sologusto.com\/wp-content\/uploads\/2024\/02\/lenato_tracciabilita_csqa-150x150-min.png.webp\" alt=\"\" width=\"150\" height=\"150\" srcset=\"https:\/\/www.sologusto.com\/wp-content\/uploads\/2024\/02\/lenato_tracciabilita_csqa-150x150-min.png.webp 150w, https:\/\/www.sologusto.com\/wp-content\/uploads\/2024\/02\/lenato_tracciabilita_csqa-150x150-min.png-75x75.webp 75w, https:\/\/www.sologusto.com\/wp-content\/uploads\/2024\/02\/lenato_tracciabilita_csqa-150x150-min.png-100x100.webp 100w\" sizes=\"auto, (max-width: 150px) 100vw, 150px\" \/><\/a><\/p>","protected":false},"excerpt":{"rendered":"<p>&nbsp;<\/p>\n<p>&nbsp;<\/p>","protected":false},"featured_media":8343,"template":"","meta":{"jetpack_publicize_message":"","jetpack_publicize_feature_enabled":true,"jetpack_social_post_already_shared":true,"jetpack_social_options":{"image_generator_settings":{"template":"highway","default_image_id":0,"font":"","enabled":false},"version":2}},"product_brand":[868],"product_cat":[214,55],"product_tag":[218,483,217,484,482,102,489,490,487,488,485,486,221],"class_list":{"0":"post-8342","1":"product","2":"type-product","3":"status-publish","4":"has-post-thumbnail","6":"product_brand-lenato","7":"product_cat-makaronai","8":"product_cat-pasta","9":"product_tag-bio","10":"product_tag-biologica","11":"product_tag-biological-pasta","12":"product_tag-km-zero","13":"product_tag-lenato","14":"product_tag-pasta","15":"product_tag-pasta-artigianale","16":"product_tag-pasta-biologica","17":"product_tag-pastificio","18":"product_tag-pastificio-artigianale","19":"product_tag-sicilia","20":"product_tag-sicily","21":"product_tag-spaghetti","23":"first","24":"instock","25":"sale","26":"taxable","27":"shipping-taxable","28":"purchasable","29":"product-type-simple"},"jetpack_publicize_connections":[],"jetpack_sharing_enabled":true,"_links":{"self":[{"href":"https:\/\/www.sologusto.com\/lt\/wp-json\/wp\/v2\/product\/8342","targetHints":{"allow":["GET"]}}],"collection":[{"href":"https:\/\/www.sologusto.com\/lt\/wp-json\/wp\/v2\/product"}],"about":[{"href":"https:\/\/www.sologusto.com\/lt\/wp-json\/wp\/v2\/types\/product"}],"wp:featuredmedia":[{"embeddable":true,"href":"https:\/\/www.sologusto.com\/lt\/wp-json\/wp\/v2\/media\/8343"}],"wp:attachment":[{"href":"https:\/\/www.sologusto.com\/lt\/wp-json\/wp\/v2\/media?parent=8342"}],"wp:term":[{"taxonomy":"product_brand","embeddable":true,"href":"https:\/\/www.sologusto.com\/lt\/wp-json\/wp\/v2\/product_brand?post=8342"},{"taxonomy":"product_cat","embeddable":true,"href":"https:\/\/www.sologusto.com\/lt\/wp-json\/wp\/v2\/product_cat?post=8342"},{"taxonomy":"product_tag","embeddable":true,"href":"https:\/\/www.sologusto.com\/lt\/wp-json\/wp\/v2\/product_tag?post=8342"}],"curies":[{"name":"wp","href":"https:\/\/api.w.org\/{rel}","templated":true}]}}