{"id":7828,"date":"2022-11-09T21:47:29","date_gmt":"2022-11-09T19:47:29","guid":{"rendered":"https:\/\/www.sologusto.com\/?post_type=product&#038;p=7828"},"modified":"2026-01-11T11:58:07","modified_gmt":"2026-01-11T09:58:07","slug":"spicchi-di-carciofi-290g-artisoku-skilteles-alyvuogiu-aliejuje-290g","status":"publish","type":"product","link":"https:\/\/www.sologusto.com\/lt\/produktas\/spicchi-di-carciofi-290g-artisoku-skilteles-alyvuogiu-aliejuje-290g\/","title":{"rendered":"Spicchi di carciofi 290g. &#8211; Arti\u0161ok\u0173 skiltel\u0117s alyvuogi\u0173 aliejuje 290g."},"content":{"rendered":"<p>Arti\u0161ok\u0173 skiltel\u0117s alyvuogi\u0173 aliejuje<\/p>\n<p>Ingredientai: Arti\u0161ok\u0173 skiltel\u0117s 69%, ypa\u010d tyras alyvuogi\u0173 aliejus 30%, vynuogi\u0173 actas,<br \/>\nj\u016bros druska, pipirai, rug\u0161tingum\u0105 reguliuojanti med\u017eiaga: citrinos r\u016bg\u0161tis.<\/p>\n<p>Grynasis kiekis: 290g.<\/p>\n<p>Geriausia vartoti iki: \u017ei\u016br\u0117ti ant pakuot\u0117s.<\/p>\n<p>Pagaminta Italijoje.<\/p>","protected":false},"excerpt":{"rendered":"<p>Arti\u0161ok\u0173 skiltel\u0117s alyvuogi\u0173 aliejuje Ingredientai: Arti\u0161ok\u0173 skiltel\u0117s 69%, ypa\u010d tyras alyvuogi\u0173 aliejus 30%, vynuogi\u0173 actas, j\u016bros druska, pipirai, rug\u0161tingum\u0105 reguliuojanti med\u017eiaga: citrinos r\u016bg\u0161tis. Grynasis kiekis: 290g. Geriausia vartoti iki: \u017ei\u016br\u0117ti [&hellip;]<\/p>\n","protected":false},"featured_media":8525,"template":"","meta":{"jetpack_publicize_message":"","jetpack_publicize_feature_enabled":true,"jetpack_social_post_already_shared":false,"jetpack_social_options":{"image_generator_settings":{"template":"highway","default_image_id":0,"font":"","enabled":false},"version":2}},"product_brand":[],"product_cat":[50],"product_tag":[451,449,106,450],"class_list":{"0":"post-7828","1":"product","2":"type-product","3":"status-publish","4":"has-post-thumbnail","6":"product_cat-darzoves-aliejuje","7":"product_tag-artisoku","8":"product_tag-carciofi","9":"product_tag-carciofi-spaccati","10":"product_tag-spicchi-di-carciofi","12":"first","13":"instock","14":"sale","15":"taxable","16":"shipping-taxable","17":"purchasable","18":"product-type-simple"},"jetpack_publicize_connections":[],"jetpack_sharing_enabled":true,"_links":{"self":[{"href":"https:\/\/www.sologusto.com\/lt\/wp-json\/wp\/v2\/product\/7828","targetHints":{"allow":["GET"]}}],"collection":[{"href":"https:\/\/www.sologusto.com\/lt\/wp-json\/wp\/v2\/product"}],"about":[{"href":"https:\/\/www.sologusto.com\/lt\/wp-json\/wp\/v2\/types\/product"}],"wp:featuredmedia":[{"embeddable":true,"href":"https:\/\/www.sologusto.com\/lt\/wp-json\/wp\/v2\/media\/8525"}],"wp:attachment":[{"href":"https:\/\/www.sologusto.com\/lt\/wp-json\/wp\/v2\/media?parent=7828"}],"wp:term":[{"taxonomy":"product_brand","embeddable":true,"href":"https:\/\/www.sologusto.com\/lt\/wp-json\/wp\/v2\/product_brand?post=7828"},{"taxonomy":"product_cat","embeddable":true,"href":"https:\/\/www.sologusto.com\/lt\/wp-json\/wp\/v2\/product_cat?post=7828"},{"taxonomy":"product_tag","embeddable":true,"href":"https:\/\/www.sologusto.com\/lt\/wp-json\/wp\/v2\/product_tag?post=7828"}],"curies":[{"name":"wp","href":"https:\/\/api.w.org\/{rel}","templated":true}]}}