{"id":7069,"date":"2021-08-16T15:21:55","date_gmt":"2021-08-16T12:21:55","guid":{"rendered":"https:\/\/www.sologusto.com\/?post_type=product&#038;p=7069"},"modified":"2025-04-06T13:51:01","modified_gmt":"2025-04-06T10:51:01","slug":"caputo-pizzeria-25-kg-miltai-flour","status":"publish","type":"product","link":"https:\/\/www.sologusto.com\/lt\/produktas\/caputo-pizzeria-25-kg-miltai-flour\/","title":{"rendered":"Caputo Pizzeria &#8211; 25 Kg &#8211; Miltai &#8211; Flour"},"content":{"rendered":"<h1 class=\"pad-sm-t-4 pad-xs-t-2\">Caputo Pizzeria &#8211; Miltai &#8211; Flour &#8211; 25 Kg<\/h1>\n<h2 class=\"xs-width-100\">Long fermentation<\/h2>\n<div class=\"excerpt pad-xs-t-1 pad-sm-t-1 mar-sm-b-0\">\n<p>Flour with strong, elastic gluten, ideal for dough that requires a long fermentation<\/p>\n<\/div>\n<p>Elastic gluten and soft starch help doughs to get a great hydration. Light, with a perfect rising, satisfy the best maestri pizzaioli&#8217;s needs. Ideal for neapolitan classic pizza.<\/p>\n<p>&nbsp;<\/p>\n<div class=\"row rowTable rigaDispFirstColumn\">\n<div class=\"col-xs-6 col-sm-6 col-md-6 firstColumn\">TIPO FARINA<\/div>\n<div class=\"col-xs-6 col-sm-6 col-md-6 colonnaKilo rigaOtherColumns\">&#8220;00&#8221;<\/div>\n<\/div>\n<div class=\"row rowTable\">\n<div class=\"col-xs-6 col-sm-6 col-md-6 firstColumn\">PROTEINE<\/div>\n<div class=\"col-xs-6 col-sm-6 col-md-6 colonnaKilo rigaOtherColumns\">12,50%<\/div>\n<\/div>\n<div class=\"row rowTable rigaDispFirstColumn\">\n<div class=\"col-xs-6 col-sm-6 col-md-6 firstColumn\">SHELF LIFE<\/div>\n<div class=\"col-xs-6 col-sm-6 col-md-6 colonnaKilo rigaOtherColumns\">11 months<\/div>\n<\/div>\n<div class=\"row rowTable\">\n<div class=\"col-xs-6 col-sm-6 col-md-6 firstColumn\">PANIFICAZIONE<\/div>\n<div class=\"col-xs-6 col-sm-6 col-md-6 colonnaKilo rigaOtherColumns\">W 260\/270<\/div>\n<\/div>\n<div class=\"row rowTable rigaDispFirstColumn\">\n<div class=\"col-xs-6 col-sm-6 col-md-6 firstColumn\">ELASTICIT\u00c0<\/div>\n<div class=\"col-xs-6 col-sm-6 col-md-6 colonnaKilo rigaOtherColumns\">P\/L 0,50 \/ 0,60<\/div>\n<\/div>\n<div><\/div>\n<div>&#8212;<\/div>\n<div>\n<p>This item is on request only you will get the order only when it will arrive in our warehouse usually in 10 working days<\/p>\n<p>&#8211; &#8211;<\/p>\n<p>\u0160i\u0105 prek\u0119 tik papra\u0161ius, u\u017esakym\u0105 gausite tik tada, kai ji atvyks \u012f m\u016bs\u0173 sand\u0117l\u012f paprastai per 10 darbo dien\u0173<\/p>\n<\/div>\n<p>&nbsp;<\/p>","protected":false},"excerpt":{"rendered":"<h1 class=\"pad-sm-t-4 pad-xs-t-2\">Caputo Pizzeria &#8211; Miltai<\/h1>\n<h2 class=\"xs-width-100\">Long fermentation<\/h2>\n<div class=\"excerpt pad-xs-t-1 pad-sm-t-1 mar-sm-b-0\">\n<p>Flour with strong, elastic gluten, ideal for dough that requires a long fermentation<\/p>\n<\/div>\n<p>Elastic gluten and soft starch help doughs to get a great hydration. Light, with a perfect rising, satisfy the best maestri pizzaioli&#8217;s needs. Ideal for neapolitan classic pizza.<\/p>\n<p>&nbsp;<\/p>\n<div class=\"row rowTable rigaDispFirstColumn\">\n<div class=\"col-xs-6 col-sm-6 col-md-6 firstColumn\">TIPO FARINA<\/div>\n<div class=\"col-xs-6 col-sm-6 col-md-6 colonnaKilo rigaOtherColumns\">&#8220;00&#8221;<\/div>\n<\/div>\n<div class=\"row rowTable\">\n<div class=\"col-xs-6 col-sm-6 col-md-6 firstColumn\">PROTEINE<\/div>\n<div class=\"col-xs-6 col-sm-6 col-md-6 colonnaKilo rigaOtherColumns\">12,50%<\/div>\n<\/div>\n<div class=\"row rowTable rigaDispFirstColumn\">\n<div class=\"col-xs-6 col-sm-6 col-md-6 firstColumn\">SHELF LIFE<\/div>\n<div class=\"col-xs-6 col-sm-6 col-md-6 colonnaKilo rigaOtherColumns\">11 months<\/div>\n<\/div>\n<div class=\"row rowTable\">\n<div class=\"col-xs-6 col-sm-6 col-md-6 firstColumn\">PANIFICAZIONE<\/div>\n<div class=\"col-xs-6 col-sm-6 col-md-6 colonnaKilo rigaOtherColumns\">W 260\/270<\/div>\n<\/div>\n<div class=\"row rowTable rigaDispFirstColumn\">\n<div class=\"col-xs-6 col-sm-6 col-md-6 firstColumn\">ELASTICIT\u00c0<\/div>\n<div class=\"col-xs-6 col-sm-6 col-md-6 colonnaKilo rigaOtherColumns\">P\/L 0,50 \/ 0,60<\/div>\n<\/div>\n<div><\/div>\n<div>&#8212;<\/div>\n<div>\n<p>This item is on request only you will get the order only when it will arrive in our warehouse usually in 10 working days<\/p>\n<p>&#8211; &#8211;<\/p>\n<p>\u0160i\u0105 prek\u0119 tik papra\u0161ius, u\u017esakym\u0105 gausite tik tada, kai ji atvyks \u012f m\u016bs\u0173 sand\u0117l\u012f paprastai per 10 darbo dien\u0173<\/p>\n<\/div>\n<p>&nbsp;<\/p>\n<p>&nbsp;<\/p>","protected":false},"featured_media":7070,"template":"","meta":{"jetpack_publicize_message":"","jetpack_publicize_feature_enabled":true,"jetpack_social_post_already_shared":true,"jetpack_social_options":{"image_generator_settings":{"template":"highway","default_image_id":0,"font":"","enabled":false},"version":2}},"product_brand":[],"product_cat":[54],"product_tag":[206,64,62,246],"class_list":{"0":"post-7069","1":"product","2":"type-product","3":"status-publish","4":"has-post-thumbnail","6":"product_cat-miltai","7":"product_tag-caputo","8":"product_tag-flour","9":"product_tag-miltai","10":"product_tag-napoli","12":"first","13":"onbackorder","14":"taxable","15":"shipping-taxable","16":"purchasable","17":"product-type-simple"},"jetpack_publicize_connections":[],"jetpack_sharing_enabled":true,"_links":{"self":[{"href":"https:\/\/www.sologusto.com\/lt\/wp-json\/wp\/v2\/product\/7069","targetHints":{"allow":["GET"]}}],"collection":[{"href":"https:\/\/www.sologusto.com\/lt\/wp-json\/wp\/v2\/product"}],"about":[{"href":"https:\/\/www.sologusto.com\/lt\/wp-json\/wp\/v2\/types\/product"}],"wp:featuredmedia":[{"embeddable":true,"href":"https:\/\/www.sologusto.com\/lt\/wp-json\/wp\/v2\/media\/7070"}],"wp:attachment":[{"href":"https:\/\/www.sologusto.com\/lt\/wp-json\/wp\/v2\/media?parent=7069"}],"wp:term":[{"taxonomy":"product_brand","embeddable":true,"href":"https:\/\/www.sologusto.com\/lt\/wp-json\/wp\/v2\/product_brand?post=7069"},{"taxonomy":"product_cat","embeddable":true,"href":"https:\/\/www.sologusto.com\/lt\/wp-json\/wp\/v2\/product_cat?post=7069"},{"taxonomy":"product_tag","embeddable":true,"href":"https:\/\/www.sologusto.com\/lt\/wp-json\/wp\/v2\/product_tag?post=7069"}],"curies":[{"name":"wp","href":"https:\/\/api.w.org\/{rel}","templated":true}]}}