{"id":6511,"date":"2020-11-28T12:21:49","date_gmt":"2020-11-28T10:21:49","guid":{"rendered":"https:\/\/www.sologusto.com\/?post_type=product&#038;p=6511"},"modified":"2026-01-11T11:59:57","modified_gmt":"2026-01-11T09:59:57","slug":"pasta-makaronai-linguine","status":"publish","type":"product","link":"https:\/\/www.sologusto.com\/lt\/produktas\/pasta-makaronai-linguine\/","title":{"rendered":"Pasta &#8211; makaronai &#8211; Linguine"},"content":{"rendered":"<p>\u201eLinguine\u201c yra sta\u010diakampis makaron\u0173 pj\u016bvis, pana\u0161us \u012f susmulkintus spage\u010dius. D\u0117l savo formos ir bronzos pie\u0161inio IRIS man\u0173 kruopos lingvinas puikiai tinka pada\u017eui sustiprinti; jie sugeria pada\u017e\u0105 ir taip leid\u017eia jums m\u0117gautis \u012fvairiais skonio niuansais. 100% itali\u0161k\u0173 kvie\u010di\u0173.<\/p>\n<p>&#8212; &#8212;<\/p>\n<p>Linguine is a rectangular section of pasta, similar to crushed spaghetti. Thanks to their shape and bronze drawing, IRIS semolina linguine are excellent for enhancing the sauce; they absorb the sauce thus allowing you to savor the various nuances of flavor. 100% Italian wheat.<\/p>\n<p>&nbsp;<\/p>","protected":false},"excerpt":{"rendered":"<p>Pasta &#8211; makaronai &#8211; Linguine<\/p>\n<p>100% &#8220;Grano Italiano&#8221; &#8211; 100% Biological agricolture<\/p>","protected":false},"featured_media":6498,"template":"","meta":{"jetpack_publicize_message":"","jetpack_publicize_feature_enabled":true,"jetpack_social_post_already_shared":true,"jetpack_social_options":{"image_generator_settings":{"template":"highway","default_image_id":0,"font":"","enabled":false},"version":2}},"product_brand":[871],"product_cat":[214,55],"product_tag":[218,217,223,215,102],"class_list":{"0":"post-6511","1":"product","2":"type-product","3":"status-publish","4":"has-post-thumbnail","6":"product_brand-iris-bio","7":"product_cat-makaronai","8":"product_cat-pasta","9":"product_tag-bio","10":"product_tag-biological-pasta","11":"product_tag-linguine","12":"product_tag-makaroniai","13":"product_tag-pasta","15":"first","16":"instock","17":"sale","18":"taxable","19":"shipping-taxable","20":"purchasable","21":"product-type-simple"},"jetpack_publicize_connections":[],"jetpack_sharing_enabled":true,"_links":{"self":[{"href":"https:\/\/www.sologusto.com\/lt\/wp-json\/wp\/v2\/product\/6511","targetHints":{"allow":["GET"]}}],"collection":[{"href":"https:\/\/www.sologusto.com\/lt\/wp-json\/wp\/v2\/product"}],"about":[{"href":"https:\/\/www.sologusto.com\/lt\/wp-json\/wp\/v2\/types\/product"}],"wp:featuredmedia":[{"embeddable":true,"href":"https:\/\/www.sologusto.com\/lt\/wp-json\/wp\/v2\/media\/6498"}],"wp:attachment":[{"href":"https:\/\/www.sologusto.com\/lt\/wp-json\/wp\/v2\/media?parent=6511"}],"wp:term":[{"taxonomy":"product_brand","embeddable":true,"href":"https:\/\/www.sologusto.com\/lt\/wp-json\/wp\/v2\/product_brand?post=6511"},{"taxonomy":"product_cat","embeddable":true,"href":"https:\/\/www.sologusto.com\/lt\/wp-json\/wp\/v2\/product_cat?post=6511"},{"taxonomy":"product_tag","embeddable":true,"href":"https:\/\/www.sologusto.com\/lt\/wp-json\/wp\/v2\/product_tag?post=6511"}],"curies":[{"name":"wp","href":"https:\/\/api.w.org\/{rel}","templated":true}]}}