{"id":6508,"date":"2020-11-28T12:10:54","date_gmt":"2020-11-28T10:10:54","guid":{"rendered":"https:\/\/www.sologusto.com\/?post_type=product&#038;p=6508"},"modified":"2025-04-06T16:26:52","modified_gmt":"2025-04-06T13:26:52","slug":"pasta-makaronai-spaghetti","status":"publish","type":"product","link":"https:\/\/www.sologusto.com\/lt\/produktas\/pasta-makaronai-spaghetti\/","title":{"rendered":"Pasta &#8211; makaronai &#8211; Spaghetti"},"content":{"rendered":"<p>Spage\u010diai skolingi d\u0117l savo vardo pana\u0161umo su virvel\u0117mis. Jie yra makaron\u0173 forma, labiausiai i\u0161skirianti mus pasaulyje. D\u0117l formos ir dyd\u017eio spage\u010diai yra ypa\u010d universalus makaron\u0173 formatas. IRIS man\u0173 kruop\u0173 spage\u010diai gaminami i\u0161 kruop\u0161\u010diai paruo\u0161to gr\u016bd\u0173 mi\u0161inio kiekvieno derliaus nu\u0117mimo metu. Gr\u016bdai, kurie yra itali\u0161ki ir gaunami tiesiai i\u0161 m\u016bs\u0173 100% ital\u0173 tiekimo grandin\u0117s<\/p>\n<p>&#8212; &#8212;<\/p>\n<p>Spaghetti owes their name to the similarity they have with strings. They are the pasta shape that most distinguishes us in the world. The shape and size make spaghetti a particularly versatile pasta format. The IRIS semolina spaghetti are produced with a mixture of grains carefully chosen at each harvest. The grains, which are Italian, and come directly from our 100% Italian supply chain<\/p>\n<p>&nbsp;<\/p>","protected":false},"excerpt":{"rendered":"<p>Pasta &#8211; makaronai &#8211; Spaghetti<\/p>\n<p>100% &#8220;Grano Italiano&#8221; &#8211; 100% Biological agricolture<\/p>","protected":false},"featured_media":6495,"template":"","meta":{"jetpack_publicize_message":"","jetpack_publicize_feature_enabled":true,"jetpack_social_post_already_shared":true,"jetpack_social_options":{"image_generator_settings":{"template":"highway","default_image_id":0,"font":"","enabled":false},"version":2}},"product_brand":[871],"product_cat":[214,55],"product_tag":[218,217,215,102,221],"class_list":{"0":"post-6508","1":"product","2":"type-product","3":"status-publish","4":"has-post-thumbnail","6":"product_brand-iris-bio","7":"product_cat-makaronai","8":"product_cat-pasta","9":"product_tag-bio","10":"product_tag-biological-pasta","11":"product_tag-makaroniai","12":"product_tag-pasta","13":"product_tag-spaghetti","15":"first","16":"outofstock","17":"taxable","18":"shipping-taxable","19":"purchasable","20":"product-type-simple"},"jetpack_publicize_connections":[],"jetpack_sharing_enabled":true,"_links":{"self":[{"href":"https:\/\/www.sologusto.com\/lt\/wp-json\/wp\/v2\/product\/6508","targetHints":{"allow":["GET"]}}],"collection":[{"href":"https:\/\/www.sologusto.com\/lt\/wp-json\/wp\/v2\/product"}],"about":[{"href":"https:\/\/www.sologusto.com\/lt\/wp-json\/wp\/v2\/types\/product"}],"wp:featuredmedia":[{"embeddable":true,"href":"https:\/\/www.sologusto.com\/lt\/wp-json\/wp\/v2\/media\/6495"}],"wp:attachment":[{"href":"https:\/\/www.sologusto.com\/lt\/wp-json\/wp\/v2\/media?parent=6508"}],"wp:term":[{"taxonomy":"product_brand","embeddable":true,"href":"https:\/\/www.sologusto.com\/lt\/wp-json\/wp\/v2\/product_brand?post=6508"},{"taxonomy":"product_cat","embeddable":true,"href":"https:\/\/www.sologusto.com\/lt\/wp-json\/wp\/v2\/product_cat?post=6508"},{"taxonomy":"product_tag","embeddable":true,"href":"https:\/\/www.sologusto.com\/lt\/wp-json\/wp\/v2\/product_tag?post=6508"}],"curies":[{"name":"wp","href":"https:\/\/api.w.org\/{rel}","templated":true}]}}