{"id":6506,"date":"2020-11-28T12:07:05","date_gmt":"2020-11-28T10:07:05","guid":{"rendered":"https:\/\/www.sologusto.com\/?post_type=product&#038;p=6506"},"modified":"2026-01-11T11:59:57","modified_gmt":"2026-01-11T09:59:57","slug":"pasta-makaronai-fusilli","status":"publish","type":"product","link":"https:\/\/www.sologusto.com\/lt\/produktas\/pasta-makaronai-fusilli\/","title":{"rendered":"Pasta &#8211; makaronai &#8211; Fusilli"},"content":{"rendered":"<p>Fusilli, kaip ir daugelis kit\u0173 makaron\u0173 form\u0173, yra kil\u0119s i\u0161 Piet\u0173 Italijos. J\u0173 pavadinimas kilo i\u0161 \u201everpst\u0117s\u201c &#8211; instrumento, aplink kur\u012f buvo apvyniota vilna. IRIS man\u0173 kruopos yra traukiamos i\u0161 bronzos, tod\u0117l makaronai tampa grubesni ir por\u0117tesni, puikiai sugeria pada\u017eus ir pagerina j\u0173 skon\u012f. IRIS man\u0173 kruopos gaminamos i\u0161 itali\u0161k\u0173 kiet\u0173j\u0173 kvie\u010di\u0173<\/p>\n<p>&#8212; &#8212;<\/p>\n<p>Fusilli, like many other pasta shapes, come from southern Italy. Their name derives from &#8220;spindle&#8221;, an instrument around which the wool was wrapped. The IRIS semolina fusilli are bronze drawn, this allows to make the pasta more rough and porous, perfect for absorbing the sauces and enhancing the flavor. The IRIS semolina fusilli are produced with Italian durum wheat<\/p>\n<p>&nbsp;<\/p>","protected":false},"excerpt":{"rendered":"<p>Pasta &#8211; makaronai &#8211; Fusilli<\/p>\n<p>100% &#8220;Grano Italiano&#8221; &#8211; 100% Biological agricolture<\/p>","protected":false},"featured_media":6486,"template":"","meta":{"jetpack_publicize_message":"","jetpack_publicize_feature_enabled":true,"jetpack_social_post_already_shared":true,"jetpack_social_options":{"image_generator_settings":{"template":"highway","default_image_id":0,"font":"","enabled":false},"version":2}},"product_brand":[871],"product_cat":[214,55],"product_tag":[218,217,220,215,102],"class_list":{"0":"post-6506","1":"product","2":"type-product","3":"status-publish","4":"has-post-thumbnail","6":"product_brand-iris-bio","7":"product_cat-makaronai","8":"product_cat-pasta","9":"product_tag-bio","10":"product_tag-biological-pasta","11":"product_tag-fusilli","12":"product_tag-makaroniai","13":"product_tag-pasta","15":"first","16":"instock","17":"sale","18":"taxable","19":"shipping-taxable","20":"purchasable","21":"product-type-simple"},"jetpack_publicize_connections":[],"jetpack_sharing_enabled":true,"_links":{"self":[{"href":"https:\/\/www.sologusto.com\/lt\/wp-json\/wp\/v2\/product\/6506","targetHints":{"allow":["GET"]}}],"collection":[{"href":"https:\/\/www.sologusto.com\/lt\/wp-json\/wp\/v2\/product"}],"about":[{"href":"https:\/\/www.sologusto.com\/lt\/wp-json\/wp\/v2\/types\/product"}],"wp:featuredmedia":[{"embeddable":true,"href":"https:\/\/www.sologusto.com\/lt\/wp-json\/wp\/v2\/media\/6486"}],"wp:attachment":[{"href":"https:\/\/www.sologusto.com\/lt\/wp-json\/wp\/v2\/media?parent=6506"}],"wp:term":[{"taxonomy":"product_brand","embeddable":true,"href":"https:\/\/www.sologusto.com\/lt\/wp-json\/wp\/v2\/product_brand?post=6506"},{"taxonomy":"product_cat","embeddable":true,"href":"https:\/\/www.sologusto.com\/lt\/wp-json\/wp\/v2\/product_cat?post=6506"},{"taxonomy":"product_tag","embeddable":true,"href":"https:\/\/www.sologusto.com\/lt\/wp-json\/wp\/v2\/product_tag?post=6506"}],"curies":[{"name":"wp","href":"https:\/\/api.w.org\/{rel}","templated":true}]}}