{"id":6503,"date":"2020-11-28T11:56:51","date_gmt":"2020-11-28T09:56:51","guid":{"rendered":"https:\/\/www.sologusto.com\/?post_type=product&#038;p=6503"},"modified":"2025-07-16T11:57:39","modified_gmt":"2025-07-16T08:57:39","slug":"pasta-makaronai-maccheroni","status":"publish","type":"product","link":"https:\/\/www.sologusto.com\/lt\/produktas\/pasta-makaronai-maccheroni\/","title":{"rendered":"Pasta &#8211; makaronai &#8211; &#8220;maccheroni&#8221;"},"content":{"rendered":"<p>\u201eMakaronai\u201c yra makaron\u0173 forma, kuri taip i\u0161gars\u0117jo, kad tapo simboliu, skirian\u010diu mus pasaulyje, kaip spage\u010diai. IRIS man\u0173 kruop\u0173 makaron\u0173 bronzinis pie\u0161inys leid\u017eia gauti maloniai grubesnius ir por\u0117tus makaronus, idealiai tinka pada\u017eams sugerti ir sustiprinti. Kietieji kvie\u010diai, naudojami IRIS man\u0173 kruop\u0173 makaronams gaminti, yra auginami tiesiogiai Italijos tiekimo grandin\u0117je.<\/p>\n<p>&#8212; &#8212;<\/p>\n<p>The &#8220;maccheroni&#8221; are a pasta shape that has become so famous that it has become a symbol that distinguishes us in the world, like spaghetti. The bronze drawing of the IRIS semolina macaroni allows to obtain a pleasantly rougher and more porous pasta, ideal for absorbing and enhancing sauces. The durum wheat used to produce IRIS semolina &#8220;maccheroni&#8221; is grown directly within the Italian supply chain.<\/p>\n<p>&nbsp;<\/p>","protected":false},"excerpt":{"rendered":"<p>Pasta &#8211; makaronai &#8211; &#8220;maccheroni&#8221;<\/p>\n<p>100% &#8220;Grano Italiano&#8221; &#8211; 100% Biological agricolture<\/p>","protected":false},"featured_media":6491,"template":"","meta":{"jetpack_publicize_message":"","jetpack_publicize_feature_enabled":true,"jetpack_social_post_already_shared":true,"jetpack_social_options":{"image_generator_settings":{"template":"highway","default_image_id":0,"font":"","enabled":false},"version":2}},"product_brand":[871],"product_cat":[214,55],"product_tag":[218,217,216,215,102],"class_list":{"0":"post-6503","1":"product","2":"type-product","3":"status-publish","4":"has-post-thumbnail","6":"product_brand-iris-bio","7":"product_cat-makaronai","8":"product_cat-pasta","9":"product_tag-bio","10":"product_tag-biological-pasta","11":"product_tag-maccheroni","12":"product_tag-makaroniai","13":"product_tag-pasta","15":"first","16":"outofstock","17":"taxable","18":"shipping-taxable","19":"purchasable","20":"product-type-simple"},"jetpack_publicize_connections":[],"jetpack_sharing_enabled":true,"_links":{"self":[{"href":"https:\/\/www.sologusto.com\/lt\/wp-json\/wp\/v2\/product\/6503","targetHints":{"allow":["GET"]}}],"collection":[{"href":"https:\/\/www.sologusto.com\/lt\/wp-json\/wp\/v2\/product"}],"about":[{"href":"https:\/\/www.sologusto.com\/lt\/wp-json\/wp\/v2\/types\/product"}],"wp:featuredmedia":[{"embeddable":true,"href":"https:\/\/www.sologusto.com\/lt\/wp-json\/wp\/v2\/media\/6491"}],"wp:attachment":[{"href":"https:\/\/www.sologusto.com\/lt\/wp-json\/wp\/v2\/media?parent=6503"}],"wp:term":[{"taxonomy":"product_brand","embeddable":true,"href":"https:\/\/www.sologusto.com\/lt\/wp-json\/wp\/v2\/product_brand?post=6503"},{"taxonomy":"product_cat","embeddable":true,"href":"https:\/\/www.sologusto.com\/lt\/wp-json\/wp\/v2\/product_cat?post=6503"},{"taxonomy":"product_tag","embeddable":true,"href":"https:\/\/www.sologusto.com\/lt\/wp-json\/wp\/v2\/product_tag?post=6503"}],"curies":[{"name":"wp","href":"https:\/\/api.w.org\/{rel}","templated":true}]}}