{"id":6454,"date":"2020-10-20T12:31:02","date_gmt":"2020-10-20T09:31:02","guid":{"rendered":"https:\/\/www.sologusto.com\/?post_type=product&#038;p=6454"},"modified":"2026-01-11T11:59:57","modified_gmt":"2026-01-11T09:59:57","slug":"miltai-caputo-mulino-pizzeria-5kg","status":"publish","type":"product","link":"https:\/\/www.sologusto.com\/lt\/produktas\/miltai-caputo-mulino-pizzeria-5kg\/","title":{"rendered":"Miltai &#8211; Caputo Mulino Pizzeria 5kg"},"content":{"rendered":"<p>Ingredientai: Kvietiniai miltai tipo &#8220;00&#8221; (be pried\u0173 ir ferment\u0173), gali tur\u0117ti sojos p\u0117dsak\u0173, glitimas.<\/p>\n<p>Svoris 5kg.<\/p>\n<p>Milt\u0173 tipas: 00<br \/>\nBaltytmai 12,50%<br \/>\nGaliojimas 11 m\u0117n.<br \/>\nElastingumas P\/L 0,50 \/ 0,60<\/p>\n<p>EN:<br \/>\nFlour Type &#8220;00&#8221;<br \/>\nProteine 12,50%<br \/>\nShelf life 11 months<br \/>\nBaking force W 260\/270<br \/>\nElasticity P\/L 0,50 \/ 0,60<\/p>","protected":false},"excerpt":{"rendered":"<p>Miltai &#8211; Caputo Mulino di Napoli Pizzeria &#8211; Caputo Flour Pizzeria pack 5KG<\/p>","protected":false},"featured_media":7818,"template":"","meta":{"jetpack_publicize_message":"","jetpack_publicize_feature_enabled":true,"jetpack_social_post_already_shared":true,"jetpack_social_options":{"image_generator_settings":{"template":"highway","default_image_id":0,"font":"","enabled":false},"version":2}},"product_brand":[],"product_cat":[54],"product_tag":[427,206,63,64,62,402],"class_list":{"0":"post-6454","1":"product","2":"type-product","3":"status-publish","4":"has-post-thumbnail","6":"product_cat-miltai","7":"product_tag-5kg","8":"product_tag-caputo","9":"product_tag-farina","10":"product_tag-flour","11":"product_tag-miltai","12":"product_tag-pizzeria","14":"first","15":"outofstock","16":"sale","17":"taxable","18":"shipping-taxable","19":"purchasable","20":"product-type-simple"},"jetpack_publicize_connections":[],"jetpack_sharing_enabled":true,"_links":{"self":[{"href":"https:\/\/www.sologusto.com\/lt\/wp-json\/wp\/v2\/product\/6454","targetHints":{"allow":["GET"]}}],"collection":[{"href":"https:\/\/www.sologusto.com\/lt\/wp-json\/wp\/v2\/product"}],"about":[{"href":"https:\/\/www.sologusto.com\/lt\/wp-json\/wp\/v2\/types\/product"}],"wp:featuredmedia":[{"embeddable":true,"href":"https:\/\/www.sologusto.com\/lt\/wp-json\/wp\/v2\/media\/7818"}],"wp:attachment":[{"href":"https:\/\/www.sologusto.com\/lt\/wp-json\/wp\/v2\/media?parent=6454"}],"wp:term":[{"taxonomy":"product_brand","embeddable":true,"href":"https:\/\/www.sologusto.com\/lt\/wp-json\/wp\/v2\/product_brand?post=6454"},{"taxonomy":"product_cat","embeddable":true,"href":"https:\/\/www.sologusto.com\/lt\/wp-json\/wp\/v2\/product_cat?post=6454"},{"taxonomy":"product_tag","embeddable":true,"href":"https:\/\/www.sologusto.com\/lt\/wp-json\/wp\/v2\/product_tag?post=6454"}],"curies":[{"name":"wp","href":"https:\/\/api.w.org\/{rel}","templated":true}]}}