{"id":5343,"date":"2020-02-21T21:53:22","date_gmt":"2020-02-21T19:53:22","guid":{"rendered":"https:\/\/www.sologusto.com\/product\/import-placeholder-for-1010352\/"},"modified":"2025-04-06T13:51:28","modified_gmt":"2025-04-06T10:51:28","slug":"trofietiniai-makaronai","status":"publish","type":"product","link":"https:\/\/www.sologusto.com\/lt\/produktas\/trofietiniai-makaronai\/","title":{"rendered":"Trofietiniai makaronai &#8211; Troffie"},"content":{"rendered":"<p><strong>Pasta &#8220;Trofiete&#8221;<\/strong><\/p>\n<p><strong>Sud\u0117tis: Kiet\u0173j\u0173 kvie\u010di\u0173 man\u0173 kruopos. Sud\u0117tyje yra gliuteno.<\/strong><\/p>\n<p><strong>Energetin\u0117 vert\u0117 (100g): 1512kJ\/357kcal. Riebalai: 1.5g, i\u0161 j\u0173 so\u010di\u0173j\u0173: 0.3g. Angliavandeniai: 72g i\u0161 j\u0173 cukrus: 2.2g, Baltymai: 12g, Druska: 0.02g<\/strong><\/p>\n<p><strong>Svoris netto: 500g<\/strong><\/p>\n<p><strong>Geriausia iki: \u017er. ant pakuot\u0117s<\/strong><\/p>\n<p><strong>Laikyti v\u0117sioje ir v\u0117dinamoje patalpoje.<\/strong><\/p>\n<p><strong>Pagaminta Italijoje.<\/strong><\/p>","protected":false},"excerpt":{"rendered":"<p>Trofietiniai makaronai &#8211; Pasta &#8216;Troffiette&#8217; whole grain (ideal for Pesto)<\/p>","protected":false},"featured_media":5502,"template":"","meta":{"jetpack_publicize_message":"","jetpack_publicize_feature_enabled":true,"jetpack_social_post_already_shared":false,"jetpack_social_options":{"image_generator_settings":{"template":"highway","default_image_id":0,"font":"","enabled":false},"version":2}},"product_brand":[],"product_cat":[55],"product_tag":[105,102,104,103],"class_list":{"0":"post-5343","1":"product","2":"type-product","3":"status-publish","4":"has-post-thumbnail","6":"product_cat-pasta","7":"product_tag-makaronai","8":"product_tag-pasta","9":"product_tag-troffie","10":"product_tag-troffiette","12":"first","13":"outofstock","14":"taxable","15":"shipping-taxable","16":"purchasable","17":"product-type-simple"},"jetpack_publicize_connections":[],"jetpack_sharing_enabled":true,"_links":{"self":[{"href":"https:\/\/www.sologusto.com\/lt\/wp-json\/wp\/v2\/product\/5343","targetHints":{"allow":["GET"]}}],"collection":[{"href":"https:\/\/www.sologusto.com\/lt\/wp-json\/wp\/v2\/product"}],"about":[{"href":"https:\/\/www.sologusto.com\/lt\/wp-json\/wp\/v2\/types\/product"}],"wp:featuredmedia":[{"embeddable":true,"href":"https:\/\/www.sologusto.com\/lt\/wp-json\/wp\/v2\/media\/5502"}],"wp:attachment":[{"href":"https:\/\/www.sologusto.com\/lt\/wp-json\/wp\/v2\/media?parent=5343"}],"wp:term":[{"taxonomy":"product_brand","embeddable":true,"href":"https:\/\/www.sologusto.com\/lt\/wp-json\/wp\/v2\/product_brand?post=5343"},{"taxonomy":"product_cat","embeddable":true,"href":"https:\/\/www.sologusto.com\/lt\/wp-json\/wp\/v2\/product_cat?post=5343"},{"taxonomy":"product_tag","embeddable":true,"href":"https:\/\/www.sologusto.com\/lt\/wp-json\/wp\/v2\/product_tag?post=5343"}],"curies":[{"name":"wp","href":"https:\/\/api.w.org\/{rel}","templated":true}]}}