{"id":5342,"date":"2020-02-21T21:53:22","date_gmt":"2020-02-21T19:53:22","guid":{"rendered":"https:\/\/www.sologusto.com\/product\/import-placeholder-for-1010640\/"},"modified":"2025-04-06T13:51:28","modified_gmt":"2025-04-06T10:51:28","slug":"dziovinti-pomidorai-200g","status":"publish","type":"product","link":"https:\/\/www.sologusto.com\/lt\/produktas\/dziovinti-pomidorai-200g\/","title":{"rendered":"D\u017eiovinti pomidorai 200g"},"content":{"rendered":"<p>D\u017eiovinti pomidorai aliejuje &#8211; POMODORI SECCHI 200 G. IN OLIO EXTRA VERGINE DI OLIVA<\/p>\n<p>Sud\u0117tis: d\u017eiovinti pomidorai 69%, ypa\u010d tyras alyvuogi\u0173 aliejus 30%, raudon\u0117lis, balzamiko actas Modena IGP (vyno actas, vynuogi\u0173 misos koncentratas, sud\u0117tyje yra sulfit\u0173*), druska, r\u016bg\u0161tingumo reguliatorius: citrinos r\u016bg\u0161tis E330.<\/p>\n<p>*Alergij\u0105 ar netoleravim\u0105 sukelian\u010dios med\u017eiagos pary\u0161kintos.<\/p>\n<p>Energetin\u0117 vert\u0117 (100g): 874kJ\/200kcal. Riebalai: 17g, i\u0161 j\u0173 so\u010di\u0173j\u0173: 3.9g. Angliavandeniai: 3.9g i\u0161 j\u0173 cukrus: 3.9g, Baltymai: 5.1g, Druska: 2.5g<\/p>\n<p>Svoris netto: 200g<\/p>\n<p>Galiojimas: \u017ei\u016br\u0117ti ant pakuot\u0117s, laikyti \u0161aldytuve, atidarius suvatoti per 15 par\u0173.<\/p>\n<p>Pagaminta Italijoje<\/p>","protected":false},"excerpt":{"rendered":"<p>D\u017eiovinti pomidorai 200g &#8211; Dried tomatoes in EVO oil (Liguria)<\/p>\n<p>POMODORI SECCHI 200 G. IN OLIO EXTRA VERGINE DI OLIVA<\/p>\n<p>&nbsp;<\/p>","protected":false},"featured_media":7518,"template":"","meta":{"jetpack_publicize_message":"","jetpack_publicize_feature_enabled":true,"jetpack_social_post_already_shared":false,"jetpack_social_options":{"image_generator_settings":{"template":"highway","default_image_id":0,"font":"","enabled":false},"version":2}},"product_brand":[],"product_cat":[50],"product_tag":[139,138,97],"class_list":{"0":"post-5342","1":"product","2":"type-product","3":"status-publish","4":"has-post-thumbnail","6":"product_cat-darzoves-aliejuje","7":"product_tag-pomodori","8":"product_tag-pomodori-secchi-in-olio","9":"product_tag-pomodori-secchi-sottolio","11":"first","12":"outofstock","13":"taxable","14":"shipping-taxable","15":"purchasable","16":"product-type-simple"},"jetpack_publicize_connections":[],"jetpack_sharing_enabled":true,"_links":{"self":[{"href":"https:\/\/www.sologusto.com\/lt\/wp-json\/wp\/v2\/product\/5342","targetHints":{"allow":["GET"]}}],"collection":[{"href":"https:\/\/www.sologusto.com\/lt\/wp-json\/wp\/v2\/product"}],"about":[{"href":"https:\/\/www.sologusto.com\/lt\/wp-json\/wp\/v2\/types\/product"}],"wp:featuredmedia":[{"embeddable":true,"href":"https:\/\/www.sologusto.com\/lt\/wp-json\/wp\/v2\/media\/7518"}],"wp:attachment":[{"href":"https:\/\/www.sologusto.com\/lt\/wp-json\/wp\/v2\/media?parent=5342"}],"wp:term":[{"taxonomy":"product_brand","embeddable":true,"href":"https:\/\/www.sologusto.com\/lt\/wp-json\/wp\/v2\/product_brand?post=5342"},{"taxonomy":"product_cat","embeddable":true,"href":"https:\/\/www.sologusto.com\/lt\/wp-json\/wp\/v2\/product_cat?post=5342"},{"taxonomy":"product_tag","embeddable":true,"href":"https:\/\/www.sologusto.com\/lt\/wp-json\/wp\/v2\/product_tag?post=5342"}],"curies":[{"name":"wp","href":"https:\/\/api.w.org\/{rel}","templated":true}]}}