{"id":5334,"date":"2020-02-21T21:53:21","date_gmt":"2020-02-21T19:53:21","guid":{"rendered":"https:\/\/www.sologusto.com\/product\/import-placeholder-for-1010841\/"},"modified":"2025-05-08T10:32:15","modified_gmt":"2025-05-08T07:32:15","slug":"juros-gerybiu-padazas-180g","status":"publish","type":"product","link":"https:\/\/www.sologusto.com\/lt\/produktas\/juros-gerybiu-padazas-180g\/","title":{"rendered":"J\u016bros g\u0117rybi\u0173 pada\u017eas 180g"},"content":{"rendered":"<p>J\u016bros g\u0117rybi\u0173 pada\u017eas. &#8211; SUGO DI MARE<\/p>\n<p>Sud\u0117tis: pomidorai &#8220;Italiano&#8221; 70%, tunas* 15%, ypa\u010d tyras alyvuogi\u0173 aliejus 5%, sardin\u0117s* 1%, svog\u016bnai, an\u010diuviai 1%, \u010desnakai, druska, cukrus, petra\u017eol\u0117s. *Alergij\u0105 ar netoleravim\u0105 sukelian\u010dios med\u017eiagos pary\u0161kintos.<\/p>\n<p>Energetin\u0117 vert\u0117 (100g): 479kJ\/115kcal. Riebalai: 7.7g, i\u0161 j\u0173 so\u010di\u0173j\u0173: 1.3g. Angliavandeniai: 6g i\u0161 j\u0173 cukrus: 4.2g, Baltymai: 5g, Druska: 1.93g<\/p>\n<p>Svoris netto: 180g<\/p>\n<p>Galiojimas: \u017ei\u016br\u0117ti ant pakuot\u0117s, laikyti \u0161aldytuve, atidarius suvatoti per 4 paras<\/p>\n<p>Pagaminta Italijoje<\/p>","protected":false},"excerpt":{"rendered":"<p>J\u016bros g\u0117rybi\u0173 pada\u017eas 180g &#8211; Seafood sauce<\/p>\n<p>SUGO DI MARE<\/p>","protected":false},"featured_media":5718,"template":"","meta":{"jetpack_publicize_message":"","jetpack_publicize_feature_enabled":true,"jetpack_social_post_already_shared":false,"jetpack_social_options":{"image_generator_settings":{"template":"highway","default_image_id":0,"font":"","enabled":false},"version":2}},"product_brand":[],"product_cat":[52,53],"product_tag":[165,164,163],"class_list":{"0":"post-5334","1":"product","2":"type-product","3":"status-publish","4":"has-post-thumbnail","6":"product_cat-padazai","7":"product_cat-uztepeles","8":"product_tag-juros-gerybiu-padaza","9":"product_tag-seafood-sauce","10":"product_tag-sugo-di-mare","12":"first","13":"outofstock","14":"taxable","15":"shipping-taxable","16":"purchasable","17":"product-type-simple"},"jetpack_publicize_connections":[],"jetpack_sharing_enabled":true,"_links":{"self":[{"href":"https:\/\/www.sologusto.com\/lt\/wp-json\/wp\/v2\/product\/5334","targetHints":{"allow":["GET"]}}],"collection":[{"href":"https:\/\/www.sologusto.com\/lt\/wp-json\/wp\/v2\/product"}],"about":[{"href":"https:\/\/www.sologusto.com\/lt\/wp-json\/wp\/v2\/types\/product"}],"wp:featuredmedia":[{"embeddable":true,"href":"https:\/\/www.sologusto.com\/lt\/wp-json\/wp\/v2\/media\/5718"}],"wp:attachment":[{"href":"https:\/\/www.sologusto.com\/lt\/wp-json\/wp\/v2\/media?parent=5334"}],"wp:term":[{"taxonomy":"product_brand","embeddable":true,"href":"https:\/\/www.sologusto.com\/lt\/wp-json\/wp\/v2\/product_brand?post=5334"},{"taxonomy":"product_cat","embeddable":true,"href":"https:\/\/www.sologusto.com\/lt\/wp-json\/wp\/v2\/product_cat?post=5334"},{"taxonomy":"product_tag","embeddable":true,"href":"https:\/\/www.sologusto.com\/lt\/wp-json\/wp\/v2\/product_tag?post=5334"}],"curies":[{"name":"wp","href":"https:\/\/api.w.org\/{rel}","templated":true}]}}