{"id":5316,"date":"2020-02-21T21:53:04","date_gmt":"2020-02-21T19:53:04","guid":{"rendered":"https:\/\/www.sologusto.com\/product\/import-placeholder-for-1010617\/"},"modified":"2026-01-11T11:59:58","modified_gmt":"2026-01-11T09:59:58","slug":"pesto-ligure-not-pasteurized-padazas-180g","status":"publish","type":"product","link":"https:\/\/www.sologusto.com\/lt\/produktas\/pesto-ligure-not-pasteurized-padazas-180g\/","title":{"rendered":"Pesto Ligure (not pasteurized) pada\u017eas 180g"},"content":{"rendered":"<p>Pesto pada\u017eas &#8220;Ligure&#8221;<\/p>\n<p>Sud\u0117tis: ypa\u010d tyras alyvuogi\u0173 aliejus 62%, Genujos bazilik\u0173 DOP koncentratas 26%,<\/p>\n<p>pu\u0161ies rie\u0161utai*, s\u016bris Parmigiano Reggiano* (pienas*, druska, \u0161liu\u017eo fermentas ), \u010desnakai, vyno actas, r\u016bg\u0161tingumo reguliatorius: citrinos r\u016bg\u0161tis E330, pieno r\u016bg\u0161tis.<\/p>\n<p>E270. *Alergij\u0105 ar netoleravim\u0105 sukelian\u010dios med\u017eiagos pary\u0161kintos.<\/p>\n<p>Energetin\u0117 vert\u0117 (100g): 2520kJ\/602kcal. Riebalai: 64g, i\u0161 j\u0173 so\u010di\u0173j\u0173: 11g. Angliavandeniai: 0.7g i\u0161 j\u0173 cukrus: 0.3g, Baltymai: 5.1g, Druska: 3.5g<\/p>\n<p>Svoris netto: 180g<\/p>\n<p>Galiojimas: \u017ei\u016br\u0117ti ant pakuot\u0117s, laikyti \u0161aldytuve, atidarius suvatoti per 7 paras<\/p>\n<p>Pagaminta Italijoje<\/p>","protected":false},"excerpt":{"rendered":"<p>Pesto Ligure (not pasteurized) pada\u017eas 180g &#8211; &#8220;Pesto Ligure&#8221; not pastorized<\/p>","protected":false},"featured_media":5425,"template":"","meta":{"jetpack_publicize_message":"","jetpack_publicize_feature_enabled":true,"jetpack_social_post_already_shared":false,"jetpack_social_options":{"image_generator_settings":{"template":"highway","default_image_id":0,"font":"","enabled":false},"version":2}},"product_brand":[],"product_cat":[52,53],"product_tag":[91,92],"class_list":{"0":"post-5316","1":"product","2":"type-product","3":"status-publish","4":"has-post-thumbnail","6":"product_cat-padazai","7":"product_cat-uztepeles","8":"product_tag-pesto","9":"product_tag-pesto-ligure","11":"first","12":"instock","13":"sale","14":"taxable","15":"shipping-taxable","16":"purchasable","17":"product-type-simple"},"jetpack_publicize_connections":[],"jetpack_sharing_enabled":true,"_links":{"self":[{"href":"https:\/\/www.sologusto.com\/lt\/wp-json\/wp\/v2\/product\/5316","targetHints":{"allow":["GET"]}}],"collection":[{"href":"https:\/\/www.sologusto.com\/lt\/wp-json\/wp\/v2\/product"}],"about":[{"href":"https:\/\/www.sologusto.com\/lt\/wp-json\/wp\/v2\/types\/product"}],"wp:featuredmedia":[{"embeddable":true,"href":"https:\/\/www.sologusto.com\/lt\/wp-json\/wp\/v2\/media\/5425"}],"wp:attachment":[{"href":"https:\/\/www.sologusto.com\/lt\/wp-json\/wp\/v2\/media?parent=5316"}],"wp:term":[{"taxonomy":"product_brand","embeddable":true,"href":"https:\/\/www.sologusto.com\/lt\/wp-json\/wp\/v2\/product_brand?post=5316"},{"taxonomy":"product_cat","embeddable":true,"href":"https:\/\/www.sologusto.com\/lt\/wp-json\/wp\/v2\/product_cat?post=5316"},{"taxonomy":"product_tag","embeddable":true,"href":"https:\/\/www.sologusto.com\/lt\/wp-json\/wp\/v2\/product_tag?post=5316"}],"curies":[{"name":"wp","href":"https:\/\/api.w.org\/{rel}","templated":true}]}}