{"id":5292,"date":"2020-02-21T21:52:59","date_gmt":"2020-02-21T19:52:59","guid":{"rendered":"https:\/\/www.sologusto.com\/product\/pregiato-malta-kava\/"},"modified":"2026-01-11T11:59:58","modified_gmt":"2026-01-11T09:59:58","slug":"pregiato-malta-kava","status":"publish","type":"product","link":"https:\/\/www.sologusto.com\/lt\/produktas\/pregiato-malta-kava\/","title":{"rendered":"&#8220;Pregiato&#8221; malta kava 180g &#8211; &#8220;Pregiato&#8221; ground coffee"},"content":{"rendered":"<p>PREGIATO yra \u201eMokaSirs\u201c kavos pupeli\u0173 mi\u0161inys su sodriu, subalansuotu aromatu ir \u0161okolado poskoniu. Tai labai gerai subalansuotas Brazilijos ir Centrin\u0117s Amerikos arabik\u0173 su trupu\u010diu Robusta mi\u0161inys, kuriame dominuoja daugiausia saldus, pasi\u017eymintis pikanti\u0161komis natomis ir stipriu k\u016bnu skonis.<\/p>\n<p>Pupel\u0117s yra sumaltos, konsistensija ideali moka ir kavos aparatams su filtru.<\/p>\n<p>180g. Skrudinta ir supakuota Italijoje.<\/p>\n<p>Sud\u0117tis: Brazilijos ir Centrin\u0117s Amerikos arabika, Robusta kavos pupeli\u0173 mi\u0161inys.<\/p>","protected":false},"excerpt":{"rendered":"<p>&#8220;Pregiato&#8221; malta kava 250g.<\/p>","protected":false},"featured_media":7814,"template":"","meta":{"jetpack_publicize_message":"","jetpack_publicize_feature_enabled":true,"jetpack_social_post_already_shared":false,"jetpack_social_options":{"image_generator_settings":{"template":"highway","default_image_id":0,"font":"","enabled":false},"version":2}},"product_brand":[865],"product_cat":[46],"product_tag":[72,78,837,73,76,71,836,443,208,553,442],"class_list":{"0":"post-5292","1":"product","2":"type-product","3":"status-publish","4":"has-post-thumbnail","6":"product_brand-mokasirs","7":"product_cat-kava","8":"product_tag-caffe","9":"product_tag-caffe-in-grani","10":"product_tag-cofee","11":"product_tag-coffee","12":"product_tag-ground-coffee","13":"product_tag-kava","14":"product_tag-kavos","15":"product_tag-macinato","16":"product_tag-malta-kava","17":"product_tag-mokasirs","18":"product_tag-pregiato","20":"first","21":"outofstock","22":"sale","23":"featured","24":"taxable","25":"shipping-taxable","26":"purchasable","27":"product-type-simple"},"jetpack_publicize_connections":[],"jetpack_sharing_enabled":true,"_links":{"self":[{"href":"https:\/\/www.sologusto.com\/lt\/wp-json\/wp\/v2\/product\/5292","targetHints":{"allow":["GET"]}}],"collection":[{"href":"https:\/\/www.sologusto.com\/lt\/wp-json\/wp\/v2\/product"}],"about":[{"href":"https:\/\/www.sologusto.com\/lt\/wp-json\/wp\/v2\/types\/product"}],"wp:featuredmedia":[{"embeddable":true,"href":"https:\/\/www.sologusto.com\/lt\/wp-json\/wp\/v2\/media\/7814"}],"wp:attachment":[{"href":"https:\/\/www.sologusto.com\/lt\/wp-json\/wp\/v2\/media?parent=5292"}],"wp:term":[{"taxonomy":"product_brand","embeddable":true,"href":"https:\/\/www.sologusto.com\/lt\/wp-json\/wp\/v2\/product_brand?post=5292"},{"taxonomy":"product_cat","embeddable":true,"href":"https:\/\/www.sologusto.com\/lt\/wp-json\/wp\/v2\/product_cat?post=5292"},{"taxonomy":"product_tag","embeddable":true,"href":"https:\/\/www.sologusto.com\/lt\/wp-json\/wp\/v2\/product_tag?post=5292"}],"curies":[{"name":"wp","href":"https:\/\/api.w.org\/{rel}","templated":true}]}}