{"id":5280,"date":"2020-02-21T21:52:54","date_gmt":"2020-02-21T19:52:54","guid":{"rendered":"https:\/\/www.sologusto.com\/product\/import-placeholder-for-122\/"},"modified":"2025-04-16T14:23:30","modified_gmt":"2025-04-16T11:23:30","slug":"pregiato-pupeles","status":"publish","type":"product","link":"https:\/\/www.sologusto.com\/lt\/produktas\/pregiato-pupeles\/","title":{"rendered":"&#8220;Pregiato&#8221; kavos pupel\u0117s 1kg"},"content":{"rendered":"<p>PREGIATO yra \u201eMokaSirs\u201c kavos pupeli\u0173 mi\u0161inys su sodriu, subalansuotu aromatu ir \u0161okolado poskoniu. Tai labai gerai subalansuotas Brazilijos ir Centrin\u0117s Amerikos arabik\u0173 su trupu\u010diu Robusta mi\u0161inys, kuriame dominuoja daugiausia saldus, pasi\u017eymintis pikanti\u0161komis natomis ir stipriu k\u016bnu skonis.<\/p>\n<p>Svoris 1000g<\/p>\n<p>Supakuota vakuume, trij\u0173 sluoksni\u0173 pl\u0117vele pakuot\u0117 su kompensaciniu vo\u017etuvu.<\/p>\n<p>Skrudinta ir supakuota Italijoje.<\/p>\n<p>Sud\u0117tis: Brazilijos ir Centrin\u0117s Amerikos arabika, Robusta kavos pupeli\u0173 mi\u0161inys.<\/p>\n<p>&nbsp;<\/p>\n<p>Kavos mi\u0161in\u012f PREGIATO galima \u012fsigyti maltos kavos ir kapsuli\u0173 pavidalu.<\/p>","protected":false},"excerpt":{"rendered":"<p>&#8220;Pregiato&#8221; kava &#8211; pupel\u0117s 1kg<\/p>","protected":false},"featured_media":7398,"template":"","meta":{"jetpack_publicize_message":"","jetpack_publicize_feature_enabled":true,"jetpack_social_post_already_shared":false,"jetpack_social_options":{"image_generator_settings":{"template":"highway","default_image_id":0,"font":"","enabled":false},"version":2}},"product_brand":[865],"product_cat":[46],"product_tag":[79,72,78,837,73,71,836,553,77],"class_list":{"0":"post-5280","1":"product","2":"type-product","3":"status-publish","4":"has-post-thumbnail","6":"product_brand-mokasirs","7":"product_cat-kava","8":"product_tag-beans-coffee","9":"product_tag-caffe","10":"product_tag-caffe-in-grani","11":"product_tag-cofee","12":"product_tag-coffee","13":"product_tag-kava","14":"product_tag-kavos","15":"product_tag-mokasirs","16":"product_tag-pupeles","18":"first","19":"outofstock","20":"featured","21":"taxable","22":"shipping-taxable","23":"purchasable","24":"product-type-simple"},"jetpack_publicize_connections":[],"jetpack_sharing_enabled":true,"_links":{"self":[{"href":"https:\/\/www.sologusto.com\/lt\/wp-json\/wp\/v2\/product\/5280","targetHints":{"allow":["GET"]}}],"collection":[{"href":"https:\/\/www.sologusto.com\/lt\/wp-json\/wp\/v2\/product"}],"about":[{"href":"https:\/\/www.sologusto.com\/lt\/wp-json\/wp\/v2\/types\/product"}],"wp:featuredmedia":[{"embeddable":true,"href":"https:\/\/www.sologusto.com\/lt\/wp-json\/wp\/v2\/media\/7398"}],"wp:attachment":[{"href":"https:\/\/www.sologusto.com\/lt\/wp-json\/wp\/v2\/media?parent=5280"}],"wp:term":[{"taxonomy":"product_brand","embeddable":true,"href":"https:\/\/www.sologusto.com\/lt\/wp-json\/wp\/v2\/product_brand?post=5280"},{"taxonomy":"product_cat","embeddable":true,"href":"https:\/\/www.sologusto.com\/lt\/wp-json\/wp\/v2\/product_cat?post=5280"},{"taxonomy":"product_tag","embeddable":true,"href":"https:\/\/www.sologusto.com\/lt\/wp-json\/wp\/v2\/product_tag?post=5280"}],"curies":[{"name":"wp","href":"https:\/\/api.w.org\/{rel}","templated":true}]}}