{"id":9821,"date":"2025-07-03T11:11:33","date_gmt":"2025-07-03T08:11:33","guid":{"rendered":"https:\/\/www.sologusto.com\/?page_id=9821"},"modified":"2026-05-07T18:34:16","modified_gmt":"2026-05-07T15:34:16","slug":"membership-club","status":"publish","type":"page","link":"https:\/\/www.sologusto.com\/lt\/membership-club\/","title":{"rendered":"Naryst\u0117s klubas"},"content":{"rendered":"<div id=\"sg-membership-wrap\">\n<div class=\"sg-header\">\n<h1>Sologusto naryst\u0117s klubas<\/h1>\n<p>I\u0161skirtinumas, technologijos ir strategija itali\u0161ko maisto atei\u010diai.<\/p>\n<div class=\"sg-divider\"><\/div>\n<\/p><\/div>\n<div class=\"sg-cards-wrapper\">\n<div class=\"sg-cards-grid\">\n<div class=\"sg-card sg-card-prive\">\n<h3>Sologusto Priv\u00e9<\/h3>\n<p class=\"sg-desc\">Italija ant j\u016bs\u0173 stalo be joki\u0173 siuntimo i\u0161laid\u0173.<br \/><b>(puikiai tinka privatiems asmenims)<\/b><\/p>\n<div class=\"sg-price\">25\u20ac <span>Metinis mokestis<\/span><\/div>\n<ul>\n<li><b>\u2714 Nulin\u0117s siuntimo i\u0161laidos<\/b><\/li>\n<li><b>\u2714 Minimali u\u017esakymo suma: 20 \u20ac<\/b><\/li>\n<li><b>\u2714<\/b> Prieiga prie privataus katalogo<\/li>\n<\/ul>\n<p>        <a href=\"mailto:info@sologusto.com\"><button>Prisijunkite prie Priv\u00e9<\/button><\/a>\n      <\/div>\n<div class=\"sg-card sg-card-pro\">\n<div class=\"sg-badge\">PROFESIONALUS PASIRINKIMAS<\/div>\n<h3>Verslo partneris profesionalas<\/h3>\n<p class=\"sg-desc\">T\u0119stinumas ir meistri\u0161kumas HORECA specialistams.<\/p>\n<div class=\"sg-price\">95\u20ac <span>Metinis mokestis<\/span><\/div>\n<ul>\n<li><b>\u2714 Nulin\u0117s transporto i\u0161laidos<\/b><\/li>\n<li><b>\u2714 min. 3 u\u017esakymai per metus<\/b> (min. 350 \u20ac)<\/li>\n<li><b>\u2714 2 val. meniu \/ verslo konsultacijos<\/b><\/li>\n<li><b>\u2714<\/b> Garantuota tiekimo grandin\u0117<\/li>\n<\/ul>\n<p>        <a href=\"mailto:info@sologusto.com\"><button>Eiti \u012f profesional\u0173<\/button><\/a>\n      <\/div>\n<div class=\"sg-card sg-card-visionary\">\n<h3>Vizionierius novatorius<\/h3>\n<p class=\"sg-desc\">Strateginis protinis paj\u0117gumas ir agrotechnologij\u0173 patirtis.<\/p>\n<div class=\"sg-price\">499\u20ac <span>\/ Strategijos mokestis<\/span><\/div>\n<ul>\n<li><b>\u2714 N\u0117ra minimalaus u\u017esakymo<\/b><\/li>\n<li><b>\u2714 5 val. agrotechnikos konsultacijos*<\/b><\/li>\n<li><b>\u2714 Italijos prodiuseri\u0173 turas*<\/b><\/li>\n<li><b>\u2714<\/b> Individualus strategijos tiekimas<\/li>\n<\/ul>\n<p>        <a href=\"mailto:info@sologusto.com\"><button>Prad\u0117kite diegti naujoves<\/button><\/a>\n      <\/div>\n<\/p><\/div>\n<\/p><\/div>\n<div class=\"sg-detail-box\">\n<h3>* Vizionieri\u0161ko inovacij\u0173 paketo viduje<\/h3>\n<div class=\"sg-detail-grid\">\n<div>\n        <b>\u2022 Agrotechnologij\u0173 strategija ir konsultavimas:<\/b> \u012e kain\u0105 \u012fskai\u010diuotos 5 valandos specializuotos ekspert\u0173 konsultacijos tiekimo grandin\u0117s skaidrumo, blok\u0173 grandin\u0117s atsekamumo ir tiksliojo \u016bkininkavimo duomen\u0173 temomis, siekiant optimizuoti j\u016bs\u0173 versl\u0105.\n      <\/div>\n<div>\n        <b>\u2022 Art\u0117jantis prodiuseri\u0173 turas:<\/b> I\u0161skirtin\u0117 galimyb\u0117 aplankyti m\u016bs\u0173 Italijos gamintojus. Pasinaudokite <b>10% nuolaida<\/b> d\u0117l j\u016bs\u0173 verslo atvykstam\u0173j\u0173 ir degustacini\u0173 kelioni\u0173 organizavimo.\n      <\/div>\n<\/p><\/div>\n<\/p><\/div>\n<div class=\"sg-footer\">\n<p>* Visi mokes\u010diai yra <b>metinis<\/b> ir <b>\u012eskai\u010diuotas PVM<\/b>.<br \/>\n    Tvarus augimas pasitelkiant atrank\u0105 ir technologijas. Kiekvienas partneris gauna s\u0117kmei reikaling\u0105 param\u0105.<\/p>\n<\/p><\/div>\n<\/div>","protected":false},"excerpt":{"rendered":"<p>Sologusto Membership Club Exclusivity, Technology, and Strategy for the future of Italian Food. Sologusto Priv\u00e9 Italy on your table with no shipping costs.(perfect for private people) 25\u20ac \/ Annual Fee [&hellip;]<\/p>\n","protected":false},"author":1,"featured_media":0,"parent":0,"menu_order":0,"comment_status":"closed","ping_status":"closed","template":"","meta":{"footnotes":""},"class_list":["post-9821","page","type-page","status-publish","hentry"],"jetpack_sharing_enabled":true,"jetpack_shortlink":"https:\/\/wp.me\/PenU2I-2yp","_links":{"self":[{"href":"https:\/\/www.sologusto.com\/lt\/wp-json\/wp\/v2\/pages\/9821","targetHints":{"allow":["GET"]}}],"collection":[{"href":"https:\/\/www.sologusto.com\/lt\/wp-json\/wp\/v2\/pages"}],"about":[{"href":"https:\/\/www.sologusto.com\/lt\/wp-json\/wp\/v2\/types\/page"}],"author":[{"embeddable":true,"href":"https:\/\/www.sologusto.com\/lt\/wp-json\/wp\/v2\/users\/1"}],"replies":[{"embeddable":true,"href":"https:\/\/www.sologusto.com\/lt\/wp-json\/wp\/v2\/comments?post=9821"}],"version-history":[{"count":27,"href":"https:\/\/www.sologusto.com\/lt\/wp-json\/wp\/v2\/pages\/9821\/revisions"}],"predecessor-version":[{"id":10389,"href":"https:\/\/www.sologusto.com\/lt\/wp-json\/wp\/v2\/pages\/9821\/revisions\/10389"}],"wp:attachment":[{"href":"https:\/\/www.sologusto.com\/lt\/wp-json\/wp\/v2\/media?parent=9821"}],"curies":[{"name":"wp","href":"https:\/\/api.w.org\/{rel}","templated":true}]}}