{"id":362,"date":"2019-03-26T12:55:27","date_gmt":"2019-03-26T10:55:27","guid":{"rendered":"https:\/\/www.sologusto.com\/?page_id=362"},"modified":"2026-05-09T15:39:28","modified_gmt":"2026-05-09T12:39:28","slug":"advanced-services-for-horeca","status":"publish","type":"page","link":"https:\/\/www.sologusto.com\/lt\/advanced-services-for-horeca\/","title":{"rendered":"Ho.re.ca paslaugos"},"content":{"rendered":"<p><!-- ============================================================\n     SOLOGUSTO \u2014 HoReCa Services (ENGLISH)\n     Tab \"Text\" \u2192 cancella tutto \u2192 incolla \u2192 Aggiorna\n     ============================================================ --><\/p>\n<div class=\"sg-about\">\n<p>  <span class=\"sg-badge\">Profesionalios paslaugos<\/span><\/p>\n<h2>HoReCa ir verslo paslaugos<\/h2>\n<div class=\"sg-divider\"><\/div>\n<blockquote><p>Ar turite restoran\u0105, picerij\u0105, delikates\u0173 parduotuv\u0119 ar bar\u0105 ir norite pasi\u016blyti autenti\u0161k\u0173 itali\u0161k\u0173 produkt\u0173? \u201eSologusto\u201c yra atsakymas.<\/p><\/blockquote>\n<p>Bendradarbiaujame su auk\u0161\u010diausios kokyb\u0117s Italijos gamintojais, kurie gali patenkinti j\u016bs\u0173 poreikius. Ra\u0161ykite mums adresu <a href=\"mailto:business@sologusto.com\">business@sologusto.com<\/a> ir mes pateiksime jums individual\u0173 pasi\u016blym\u0105, kuris pad\u0117s jums paskatinti versl\u0105 ir pritraukti klient\u0173.<\/p>\n<h3 class=\"sg-section-title\">Kaip galime bendradarbiauti<\/h3>\n<p><strong>Pirkdami m\u016bs\u0173 produktus tiesiogiai:<\/strong> Pirkite tiesiai m\u016bs\u0173 svetain\u0117je \u2013 paprasta, patogu, joki\u0173 papildom\u0173 r\u016bpes\u010di\u0173.<\/p>\n<p><strong>U\u017esakymai kas m\u0117nes\u012f \/ kas du m\u0117nesius:<\/strong> El. pa\u0161tu prane\u0161kite mums, koki\u0173 produkt\u0173 jums reikia ir kiek suvartojate kiekvien\u0105 m\u0117nes\u012f. Bendradarbiaujame tik su ma\u017eomis ir vidutin\u0117mis Italijos \u012fmon\u0117mis \u2013 tikruoju Italijos maisto kult\u016bros stuburu. Joki\u0173 \u201eBarilla\u201c ar \u201eLavazza\u201c. Tik autenti\u0161ki gamintojai, si\u016blantys s\u0105\u017einingas kainas ir puiki\u0105 kokyb\u0119.<\/p>\n<p><strong>Produkt\u0173 lentynos pirkimas:<\/strong> \u012esigykite vis\u0105 lentyn\u0105 m\u016bs\u0173 produkt\u0173. Investicijos svyruoja nuo 400 iki 1700 eur\u0173 ir suteikia jums nuolaidas nuo 10% iki 30%. \u012esivaizduokite, kad parduodate klientams tai, k\u0105 jie k\u0105 tik paragavo j\u016bs\u0173 \u012fstaigoje \u2013 taip skatinate lojalum\u0105 ir pakartotinius apsilankymus.<\/p>\n<div class=\"sg-box-green\">\n<h3>M\u016bs\u0173 bendro prek\u0117s \u017eenklo programa<\/h3>\n<p>Kas 3 m\u0117nesius organizuojame savo produkt\u0173 degustacijas vietoje \u2013 vie\u0161butyje, restorane ar picerijoje \u2013 ir visada kvie\u010diame savo klientus dalyvauti. Ar gali b\u016bti geresn\u0117 proga surengti rengin\u012f j\u016bs\u0173 namuose?<\/p>\n<\/p><\/div>\n<h3 class=\"sg-section-title\">Lentyn\u0173 gamini\u0173 pavyzd\u017eiai<\/h3>\n<table style=\"width:100%;border-collapse:separate;border-spacing:12px;\">\n<tr>\n<td style=\"width:50%;vertical-align:top;background:#f8f8f6;border:1px solid #e5e5e0;border-radius:12px;padding:1.25rem;text-align:center;\">\n        <img decoding=\"async\" src=\"https:\/\/www.sologusto.com\/wp-content\/uploads\/2024\/11\/scaffale1.jpg\" alt=\"Sologusto shelf example 1\" style=\"max-width:100%;border-radius:8px;\">\n      <\/td>\n<td style=\"width:50%;vertical-align:top;background:#f8f8f6;border:1px solid #e5e5e0;border-radius:12px;padding:1.25rem;text-align:center;\">\n        <img decoding=\"async\" src=\"https:\/\/www.sologusto.com\/wp-content\/uploads\/2024\/11\/scaffale2.jpeg\" alt=\"Sologusto shelf example 2\" style=\"max-width:100%;border-radius:8px;\">\n      <\/td>\n<\/tr>\n<\/table>\n<h3 class=\"sg-section-title\">I\u0161pl\u0117stin\u0117s paslaugos \u2013 nuo A iki Z<\/h3>\n<p>Galime jus paremti kiekviename j\u016bs\u0173 projekto etape \u2013 nuo koncepcijos iki \u012fgyvendinimo. Viskas prasideda nuo j\u016bs\u0173 id\u0117jos i\u0161klausymo: investicijos, tikslai, vizija.<\/p>\n<ul>\n<li>J\u016bs\u0173 restorano, baro ar picerijos koncepcijos ir id\u0117jos vystymas<\/li>\n<li>Teritorijos analiz\u0117 ir tikslini\u0173 klient\u0173 profiliavimas<\/li>\n<li>Techninis mokymas \u2013 i\u0161planavimas, \u012franga, virtuv\u0117s prietaisai<\/li>\n<li>Verslo planas \u2013 sudarymas ir \u012fgyvendinimas<\/li>\n<li>I\u0161skirtinio, unikalaus meniu suk\u016brimas J\u016bs\u0173 klientams<\/li>\n<li>Personalo atranka ir mokymas \u2013 padav\u0117jai, somelj\u0117, vir\u0117jas, personalo vadovas<\/li>\n<li>Kasdienis operacinis kou\u010dingas<\/li>\n<li>Maisto saugojimas ir tiesioginis pristatymas \u012f j\u016bs\u0173 restoran\u0105 pagal pareikalavim\u0105<\/li>\n<\/ul>\n<h3 class=\"sg-section-title\">Papildomos pagalbos paslaugos<\/h3>\n<ul>\n<li>Interjero dizaino architektas<\/li>\n<li>Apskaita ir biurokratijos valdymas<\/li>\n<li>Rinkodara ir socialini\u0173 tinkl\u0173 valdymas<\/li>\n<li>Profesionali fotosesija<\/li>\n<\/ul>\n<div class=\"sg-manifesto\">\n<p>&#8220;This is the Italy we love \u2014 the one that, without being a big business, teaches about healthy and responsible food.&#8221;<\/p>\n<p>    <cite>\u2014 Sologusto<\/cite>\n  <\/div>\n<p style=\"margin-top:2rem;font-size:19px;\">Pasiruo\u0161\u0119 prad\u0117ti? Ra\u0161ykite <a href=\"mailto:business@sologusto.com\" style=\"color:#B85C2C;font-weight:700;\">business@sologusto.com<\/a> ir mes suteiksime jums vis\u0105 reikiam\u0105 informacij\u0105.<\/p>\n<\/div>","protected":false},"excerpt":{"rendered":"<p>Professional Services HoReCa &amp; Business Services Do you have a restaurant, pizzeria, delicatessen or bar and want to offer authentic Italian products? Sologusto is the answer. We work with top [&hellip;]<\/p>\n","protected":false},"author":1,"featured_media":0,"parent":0,"menu_order":0,"comment_status":"closed","ping_status":"closed","template":"","meta":{"footnotes":""},"class_list":["post-362","page","type-page","status-publish","hentry"],"jetpack_sharing_enabled":true,"jetpack_shortlink":"https:\/\/wp.me\/PenU2I-5Q","_links":{"self":[{"href":"https:\/\/www.sologusto.com\/lt\/wp-json\/wp\/v2\/pages\/362","targetHints":{"allow":["GET"]}}],"collection":[{"href":"https:\/\/www.sologusto.com\/lt\/wp-json\/wp\/v2\/pages"}],"about":[{"href":"https:\/\/www.sologusto.com\/lt\/wp-json\/wp\/v2\/types\/page"}],"author":[{"embeddable":true,"href":"https:\/\/www.sologusto.com\/lt\/wp-json\/wp\/v2\/users\/1"}],"replies":[{"embeddable":true,"href":"https:\/\/www.sologusto.com\/lt\/wp-json\/wp\/v2\/comments?post=362"}],"version-history":[{"count":4,"href":"https:\/\/www.sologusto.com\/lt\/wp-json\/wp\/v2\/pages\/362\/revisions"}],"predecessor-version":[{"id":10502,"href":"https:\/\/www.sologusto.com\/lt\/wp-json\/wp\/v2\/pages\/362\/revisions\/10502"}],"wp:attachment":[{"href":"https:\/\/www.sologusto.com\/lt\/wp-json\/wp\/v2\/media?parent=362"}],"curies":[{"name":"wp","href":"https:\/\/api.w.org\/{rel}","templated":true}]}}