{"id":338,"date":"2019-03-05T20:59:22","date_gmt":"2019-03-05T18:59:22","guid":{"rendered":"https:\/\/www.sologusto.com\/?page_id=338"},"modified":"2026-05-09T15:44:13","modified_gmt":"2026-05-09T12:44:13","slug":"our-producers","status":"publish","type":"page","link":"https:\/\/www.sologusto.com\/lt\/our-producers\/","title":{"rendered":"M\u016bs\u0173 gamintojai"},"content":{"rendered":"<p><!-- ============================================================\n     SOLOGUSTO \u2014 Our Producers (ENGLISH) v2\n     Tab \"Text\" \u2192 cancella tutto \u2192 incolla \u2192 Aggiorna\n     ============================================================ --><\/p>\n<div class=\"sg-about\">\n<p>  <span class=\"sg-badge\">M\u016bs\u0173 gamintojai<\/span><\/p>\n<h2>Tiesiai i\u0161 Italijos \u2014 m\u016bs\u0173 amatinink\u0173 partneriai<\/h2>\n<div class=\"sg-divider\"><\/div>\n<blockquote><p>&#8220;We source directly from small companies and rural producers \u2014 what Italy calls KM Zero. Everything we import is high quality and biologically produced.&#8221;<\/p><\/blockquote>\n<p>M\u016bs\u0173 pagrindini\u0173 gamintoj\u0173 s\u0105ra\u0161as yra kruop\u0161\u010diai sudarytas, ta\u010diau m\u016bs\u0173 tinklas yra daug platesnis. Papra\u0161ius, galime tiekti produkcij\u0105 prakti\u0161kai i\u0161 bet kurio Italijos amatininko.<\/p>\n<h3 class=\"sg-section-title\">&#x2615; Coffee<\/h3>\n<p><strong>Mokasirs SPA \u2013 Pavia, Lombardia<\/strong><\/p>\n<p>1954 m. kavalierius Giovanni Migliorini Pavijoje \u012fk\u016br\u0117 nedidel\u012f versl\u0105, skrudin\u0119s kav\u0105 ir pardavin\u0117j\u0119s kolonijinio stiliaus prekes. Jo tikslas: suteikti klientams galimyb\u0119 m\u0117gautis puikiu puodeliu kavos bare taip, kaip jie tai daryt\u0173 namuose.<\/p>\n<p>  <img decoding=\"async\" src=\"https:\/\/www.sologusto.com\/wp-content\/uploads\/2019\/03\/mokasirs_ovale.jpg\" alt=\"Mokasirs Coffee\" style=\"max-width:280px;border-radius:8px;margin:1rem 0;display:block;\"><\/p>\n<div class=\"sg-divider\"><\/div>\n<h3 class=\"sg-section-title\">&#x1f36a; Sweets &amp; Cookies<\/h3>\n<p><strong>Fraccaro Spumadoro SPA \u2013 Castelfranco Veneto, Venetas<\/strong><\/p>\n<p>\u012ekurta 1932 m., kai Elena ir Giovanni Fraccaro \u012fk\u016br\u0117 kepykl\u0105 Castelfranco Veneto miestelyje ir prad\u0117jo konditerijos tradicij\u0105, turin\u010di\u0105 daug \u017eadan\u010di\u0105 ateit\u012f. Gars\u0117ja foka\u010dijomis, panetonais ir slyv\u0173 pyragais.<\/p>\n<div class=\"sg-divider\"><\/div>\n<h3 class=\"sg-section-title\">&#x1fad2; Olive Oil, Vegetables in Oil &amp; Tomato Sauce<\/h3>\n<p><strong>Miliarium snc \u2013 Cerignola, Puglia<\/strong><\/p>\n<p>Ma\u017ea \u012fmon\u0117 Apulijoje, gaminanti auk\u0161tos kokyb\u0117s alyvuogi\u0173 aliej\u0173 (DOP, DOC) ir apie 30 skirting\u0173 dar\u017eovi\u0173 po alyvuogi\u0173 aliejumi. Garsi d\u0117l \u201eOlive di Cerignola\u201c \u2013 dideli\u0173 alyvuogi\u0173 i\u0161 \u0161io regiono \u2013 ir pomidor\u0173 pada\u017eo, laikomo tik stikliniuose indeliuose su aliejumi, pomidorais ir druska.<\/p>\n<div class=\"sg-divider\"><\/div>\n<h3 class=\"sg-section-title\">&#x1fad2; Olive Oil, Taggiasche Olives &amp; Pesto<\/h3>\n<p><strong>Frantoio Sant&#8217;Agata D&#8217;Oneglia \u2013 Imperia, Liguria<\/strong><\/p>\n<p>Aistra, tradicijos ir meil\u0117 vietovei nuo 1827 m. Mela \u0161eima yra siejama su Taggiasca alyvmed\u017ei\u0173 istorija \u2013 veisl\u0117s, kuri\u0105 Lig\u016brijos pakrant\u0117je 1600 m. atve\u017e\u0117 benediktin\u0173 vienuoliai. \u0160iandien modern\u016bs gamybos metodai u\u017etikrina toki\u0105 pa\u010di\u0105 kokyb\u0119 ir autenti\u0161kum\u0105, kuriuos klientai visada vertino.<\/p>\n<div class=\"sg-divider\"><\/div>\n<h3 class=\"sg-section-title\">&#x1f33e; Flour &amp; Grain Products<\/h3>\n<p><strong>Mulino Caputo \u2013 Neapolis, Kampanija<\/strong><\/p>\n<p>Nuo 1924 m. dosniai ir aistringai malame kvie\u010dius, kad profesionalams ir kepimo \u017einovams pasi\u016blytume auk\u0161\u010diausios kokyb\u0117s miltus \u2013 pagamintus su didele pagarba \u017ealiavoms ir tradicijoms. Trys Neapolio mal\u016bninink\u0173 meistr\u0173 kartos garantuoja itin auk\u0161tus standartus.<\/p>\n<div class=\"sg-divider\"><\/div>\n<h3 class=\"sg-section-title\">&#x1f33e; Rice<\/h3>\n<p><strong>Cascina Alberona \u2013 Mortara, Lombardia<\/strong><\/p>\n<p>Lomellinos \u2013 ry\u017ei\u0173 karalyst\u0117s \u2013 \u0161irdyje \u012fsik\u016br\u0119s \u201eFerraris Luigi\u201c \u016bkis 130 hektar\u0173 plote augina Carnaroli, S. Andrea ir Centauro veisles. Naudojamos s\u0117jomainos technologijos, siekiant suma\u017einti pesticid\u0173 ir chemini\u0173 tr\u0105\u0161\u0173 naudojim\u0105. Priklauso \u201eVenere\u201c ry\u017ei\u0173 tinklui, u\u017etikrinan\u010diam garantuot\u0105 kokyb\u0119.<\/p>\n<div class=\"sg-divider\"><\/div>\n<h3 class=\"sg-section-title\">&#x1f1ee;&#x1f1f9; And Many More \u2014 Our Extended Network<\/h3>\n<p>M\u016bs\u0173 gamintoj\u0173 tinklas neapsiriboja m\u016bs\u0173 pagrindiniais partneriais. Italijoje gyvena t\u016bkstan\u010diai nepaprast\u0173 amatinink\u0173 maisto produkt\u0173 gamintoj\u0173, ir mes turime ry\u0161i\u0173, patirties bei logistikos galimybi\u0173 \u012fsigyti produkcijos prakti\u0161kai i\u0161 bet kurio i\u0161 j\u0173.<\/p>\n<p><strong>Ie\u0161kote konkretaus itali\u0161ko produkto ar gamintojo?<\/strong> Tiesiog paklauskite \u2013 jei tai egzistuoja Italijoje, mes galime jums tai surasti.<\/p>\n<table style=\"width:100%;border-collapse:separate;border-spacing:0;\">\n<tr>\n<td style=\"padding:0.75rem 0;text-align:center;vertical-align:middle;\">\n        <img decoding=\"async\" src=\"https:\/\/www.sologusto.com\/wp-content\/uploads\/2022\/09\/altriloghi3.png\" alt=\"Other Sologusto partner producers\" style=\"max-width:100%;border-radius:8px;\">\n      <\/td>\n<\/tr>\n<\/table>\n<div class=\"sg-box-green\">\n<h3>Norite gauti ka\u017ek\u0105 konkretaus?<\/h3>\n<p>Our network covers every region of Italy \u2014 from Sicilian olive oil to Piedmontese wines, from Calabrian &#8216;nduja to Venetian prosecco. If it&#8217;s made in Italy, we can bring it to you.<\/p>\n<p style=\"margin-top:0.75rem;\">Ra\u0161yti <a href=\"mailto:business@sologusto.com\" style=\"color:#1e8449;font-weight:700;\">business@sologusto.com<\/a> and tell us what you&#8217;re looking for.<\/p>\n<\/p><\/div>\n<div class=\"sg-manifesto\">\n<p>&#8220;Every producer we work with shares our values \u2014 quality, authenticity and respect for the land.&#8221;<\/p>\n<p>    <cite>\u2014 Sologusto<\/cite>\n  <\/div>\n<\/div>","protected":false},"excerpt":{"rendered":"<p>Our Producers Straight from Italy \u2014 Our Artisan Partners &#8220;We source directly from small companies and rural producers \u2014 what Italy calls KM Zero. Everything we import is high quality [&hellip;]<\/p>\n","protected":false},"author":1,"featured_media":0,"parent":0,"menu_order":0,"comment_status":"closed","ping_status":"closed","template":"","meta":{"footnotes":""},"class_list":["post-338","page","type-page","status-publish","hentry"],"jetpack_sharing_enabled":true,"jetpack_shortlink":"https:\/\/wp.me\/PenU2I-5s","_links":{"self":[{"href":"https:\/\/www.sologusto.com\/lt\/wp-json\/wp\/v2\/pages\/338","targetHints":{"allow":["GET"]}}],"collection":[{"href":"https:\/\/www.sologusto.com\/lt\/wp-json\/wp\/v2\/pages"}],"about":[{"href":"https:\/\/www.sologusto.com\/lt\/wp-json\/wp\/v2\/types\/page"}],"author":[{"embeddable":true,"href":"https:\/\/www.sologusto.com\/lt\/wp-json\/wp\/v2\/users\/1"}],"replies":[{"embeddable":true,"href":"https:\/\/www.sologusto.com\/lt\/wp-json\/wp\/v2\/comments?post=338"}],"version-history":[{"count":4,"href":"https:\/\/www.sologusto.com\/lt\/wp-json\/wp\/v2\/pages\/338\/revisions"}],"predecessor-version":[{"id":10504,"href":"https:\/\/www.sologusto.com\/lt\/wp-json\/wp\/v2\/pages\/338\/revisions\/10504"}],"wp:attachment":[{"href":"https:\/\/www.sologusto.com\/lt\/wp-json\/wp\/v2\/media?parent=338"}],"curies":[{"name":"wp","href":"https:\/\/api.w.org\/{rel}","templated":true}]}}