{"id":10522,"date":"2026-05-10T12:56:52","date_gmt":"2026-05-10T09:56:52","guid":{"rendered":"https:\/\/www.sologusto.com\/password-reset\/"},"modified":"2026-05-10T12:56:52","modified_gmt":"2026-05-10T09:56:52","slug":"password-reset","status":"publish","type":"page","link":"https:\/\/www.sologusto.com\/lt\/password-reset\/","title":{"rendered":"Password Reset"},"content":{"rendered":"<form id=\"pms_recover_password_form\" class=\"pms-form\"  method=\"post\" action=\"\" data-trp-original-action=\"\">\n\n    <input type=\"hidden\" id=\"pmstkn\" name=\"pmstkn\" value=\"0bb80cf289\" \/><input type=\"hidden\" name=\"_wp_http_referer\" value=\"\/lt\/wp-json\/wp\/v2\/pages\/10522\" \/>\n    <p>Pra\u0161ome \u012fvesti savo vartotojo vard\u0105 arb\u0105 el. pa\u0161t\u0105.<br \/>Gausite nuorod\u0105 \u012f el. pa\u0161t\u0105, kad susikurtum\u0117te nauj\u0105 slapta\u017eod\u012f.<\/p>\n    <ul class=\"pms-form-fields-wrapper\">\n\n        \n                <li class=\"pms-field\">\n            <label for=\"pms_username_email\">Vartotojo vardas arba Elektroninio pa\u0161to adresas<\/label>\n            <input id=\"pms_username_email\" name=\"pms_username_email\" type=\"text\" value=\"\" \/>\n\n                    <\/li>\n\n        \n    <\/ul>\n\n    \n    <input type=\"submit\" name=\"wp-submit\" value=\"Atkurti slapta\u017ed\u012f\"\/>\n\n<input type=\"hidden\" name=\"trp-form-language\" value=\"lt\"\/><\/form>","protected":false},"excerpt":{"rendered":"","protected":false},"author":1,"featured_media":0,"parent":0,"menu_order":0,"comment_status":"closed","ping_status":"closed","template":"","meta":{"footnotes":""},"class_list":["post-10522","page","type-page","status-publish","hentry"],"jetpack_sharing_enabled":true,"jetpack_shortlink":"https:\/\/wp.me\/PenU2I-2JI","_links":{"self":[{"href":"https:\/\/www.sologusto.com\/lt\/wp-json\/wp\/v2\/pages\/10522","targetHints":{"allow":["GET"]}}],"collection":[{"href":"https:\/\/www.sologusto.com\/lt\/wp-json\/wp\/v2\/pages"}],"about":[{"href":"https:\/\/www.sologusto.com\/lt\/wp-json\/wp\/v2\/types\/page"}],"author":[{"embeddable":true,"href":"https:\/\/www.sologusto.com\/lt\/wp-json\/wp\/v2\/users\/1"}],"replies":[{"embeddable":true,"href":"https:\/\/www.sologusto.com\/lt\/wp-json\/wp\/v2\/comments?post=10522"}],"version-history":[{"count":0,"href":"https:\/\/www.sologusto.com\/lt\/wp-json\/wp\/v2\/pages\/10522\/revisions"}],"wp:attachment":[{"href":"https:\/\/www.sologusto.com\/lt\/wp-json\/wp\/v2\/media?parent=10522"}],"curies":[{"name":"wp","href":"https:\/\/api.w.org\/{rel}","templated":true}]}}