{"id":10516,"date":"2026-05-10T12:56:51","date_gmt":"2026-05-10T09:56:51","guid":{"rendered":"https:\/\/www.sologusto.com\/register\/"},"modified":"2026-05-10T15:05:28","modified_gmt":"2026-05-10T12:05:28","slug":"register","status":"publish","type":"page","link":"https:\/\/www.sologusto.com\/lt\/register\/","title":{"rendered":"Registruotis"},"content":{"rendered":"<div class=\"sg-about\">\n  <span class=\"sg-badge\">Tik nariams<\/span><\/p>\n<h2>Sologusto naryst\u0117s klubas<\/h2>\n<div class=\"sg-divider\"><\/div>\n<p class=\"sg-hp-sub\">Pasirinkite naryst\u0117s plan\u0105 ir gaukite i\u0161skirtin\u0119 prieig\u0105 prie m\u016bs\u0173 kruop\u0161\u010diai atrinkt\u0173 autenti\u0161k\u0173 itali\u0161k\u0173 produkt\u0173.<\/p>\n<\/div>\n\n<form id=\"pms_register-form\" class=\"pms-form\" method=\"POST\" action=\"\">\n\n    \n    <input type=\"hidden\" id=\"pmstkn\" name=\"pmstkn\" value=\"6959664002\" \/><input type=\"hidden\" name=\"_wp_http_referer\" value=\"\/lt\/wp-json\/wp\/v2\/pages\/10516\" \/>\n    <ul class=\"pms-form-fields-wrapper\">\n\n        \n        \n        <div class=\"pms-account-section-wrapper\">\n            \n                        <li class=\"pms-field pms-user-login-field\">\n                <label for=\"pms_user_login\">Varotojo vardas *<\/label>\n                <input id=\"pms_user_login\" name=\"user_login\" type=\"text\" value=\"\" \/>\n\n                            <\/li>\n\n                        <li class=\"pms-field pms-user-email-field\">\n                <label for=\"pms_user_email\">El. pa\u0161tas *<\/label>\n                <input id=\"pms_user_email\" name=\"user_email\" type=\"text\" value=\"\" \/>\n\n                            <\/li>\n\n                        <li class=\"pms-field pms-first-name-field\">\n                <label for=\"pms_first_name\">Vardas<\/label>\n                <input id=\"pms_first_name\" name=\"first_name\" type=\"text\" value=\"\" \/>\n\n                            <\/li>\n\n                        <li class=\"pms-field pms-last-name-field\">\n                <label for=\"pms_last_name\">Pavard\u0117<\/label>\n                <input id=\"pms_last_name\" name=\"last_name\" type=\"text\" value=\"\" \/>\n\n                            <\/li>\n\n                        <li class=\"pms-field pms-pass1-field\">\n                <label for=\"pms_pass1\">Slapta\u017eodis *<\/label>\n                <input id=\"pms_pass1\" name=\"pass1\" type=\"password\" \/>\n\n                \n                            <\/li>\n\n                        <li class=\"pms-field pms-pass2-field\">\n                <label for=\"pms_pass2\">Pakartokite slapta\u017eod\u012f *<\/label>\n                <input id=\"pms_pass2\" name=\"pass2\" type=\"password\" \/>\n\n                            <\/li>\n\n                    <\/div>\n\n        \n        <li class=\"pms-field pms-field-subscriptions\"><div class=\"pms-subscription-plan pms-subscription-plan-10524\"><label><input type=\"radio\" name=\"subscription_plans\" data-price=\"25\" data-duration=\"1\" data-fixed_membership=\"\" data-allow_renew=\"\" data-sign_up_fee=\"0\" data-trial=\"0\" data-recurring=\"2\"  value=\"10524\"  checked='checked'data-default-selected=\"true\" \/><span class=\"pms-subscription-plan-name\">Sologusto Priv\u00e9<\/span><span class=\"pms-subscription-plan-price\"><span class=\"pms-divider\"> - <\/span><span class=\"pms-subscription-plan-price-value\">25<\/span><span class=\"pms-subscription-plan-currency\">&#8364;<\/span><span class=\"pms-divider pms-duration-divider\"> \/ <\/span><span class=\"pms-subscription-plan-duration\">1 Year<\/span><\/span><span class=\"pms-subscription-plan-trial\"><\/span><span class=\"pms-subscription-plan-sign-up-fee\"><\/span><\/label><div class=\"pms-subscription-plan-description\">Italija ant j\u016bs\u0173 stalo be joki\u0173 siuntimo i\u0161laid\u0173. Prieiga prie privataus katalogo. Nulinis siuntimo mokestis. Minimali u\u017esakymo suma \u2013 20 \u20ac.<\/div><\/div><div class=\"pms-subscription-plan pms-subscription-plan-10525\"><label><input type=\"radio\" name=\"subscription_plans\" data-price=\"95\" data-duration=\"1\" data-fixed_membership=\"\" data-allow_renew=\"\" data-sign_up_fee=\"0\" data-trial=\"0\" data-recurring=\"2\"  value=\"10525\" data-default-checked=\"false\" \/><span class=\"pms-subscription-plan-name\">Verslo partneris profesionalas<\/span><span class=\"pms-subscription-plan-price\"><span class=\"pms-divider\"> - <\/span><span class=\"pms-subscription-plan-price-value\">95<\/span><span class=\"pms-subscription-plan-currency\">&#8364;<\/span><span class=\"pms-divider pms-duration-divider\"> \/ <\/span><span class=\"pms-subscription-plan-duration\">1 Year<\/span><\/span><span class=\"pms-subscription-plan-trial\"><\/span><span class=\"pms-subscription-plan-sign-up-fee\"><\/span><\/label><div class=\"pms-subscription-plan-description\">T\u0119stinumas ir meistri\u0161kumas HoReCa specialistams. Nulin\u0117s transportavimo i\u0161laidos. Ma\u017eiausiai 3 u\u017esakymai per metus (min. 350 \u20ac). 2 val. meniu \/ verslo konsultacijos. Garantuota tiekimo grandin\u0117.<\/div><\/div><div class=\"pms-subscription-plan pms-subscription-plan-10526\"><label><input type=\"radio\" name=\"subscription_plans\" data-price=\"499\" data-duration=\"1\" data-fixed_membership=\"\" data-allow_renew=\"\" data-sign_up_fee=\"0\" data-trial=\"0\" data-recurring=\"2\"  value=\"10526\" data-default-checked=\"false\" \/><span class=\"pms-subscription-plan-name\">Vizionierius novatorius<\/span><span class=\"pms-subscription-plan-price\"><span class=\"pms-divider\"> - <\/span><span class=\"pms-subscription-plan-price-value\">499<\/span><span class=\"pms-subscription-plan-currency\">&#8364;<\/span><span class=\"pms-divider pms-duration-divider\"> \/ <\/span><span class=\"pms-subscription-plan-duration\">1 Year<\/span><\/span><span class=\"pms-subscription-plan-trial\"><\/span><span class=\"pms-subscription-plan-sign-up-fee\"><\/span><\/label><div class=\"pms-subscription-plan-description\">Strategic brainpower & Agri-Tech expertise. No minimum order. 5h Agri-Tech Consulting. Italian Producers Tour. Bespoke Strategy Sourcing.<\/div><\/div><div class=\"pms-subscription-plan-auto-renew\"><label><input name=\"pms_recurring\" type=\"checkbox\" value=\"1\"  \/>Automati\u0161kai atnaujinti prenumerat\u0105<\/label><\/div><input type=\"hidden\" name=\"pms_default_recurring\" value=\"1\" \/><\/li>\n    <\/ul>\n\n    <span id=\"pms-submit-button-loading-placeholder-text\" style=\"display: none;\">Apdorojama. Pra\u0161ome palaukti...<\/span><div class=\"pms-paygates-holder\"><div id=\"pms-paygates-wrapper\"><input type=\"hidden\" class=\"pms_pay_gate\" name=\"pay_gate\" value=\"stripe_connect\" data-sign_up_fee=\"1\" data-trial=\"1\" data-recurring=\"1\"  data-type=\"extra_fields\" \/><\/div><ul id=\"pms-stripe-connect\" class=\"pms-field-section pms-paygate-extra-fields pms-paygate-extra-fields-stripe_connect\"><li class=\"pms-field pms-field-type-heading\"><h3>Payment Details<\/h3><\/li><div class=\"pms-spinner__holder\"><div class=\"pms-spinner\"><\/div><\/div><div id=\"pms-stripe-payment-elements\" style=\"display:none\"><\/div><\/ul><\/div><input type=\"hidden\" id=\"pms-process-checkout-nonce\" name=\"pms_process_checkout_nonce\" value=\"6c6cfddd28\"\/><input type=\"hidden\" id=\"stripe-pk\" value=\"pk_live_51GW9IjFU4IJ2vH50Etou88dfW4ofTd0y44Fkvizgs11puEZ6m95hjN8WScu5n2VwYAT9lJMOaV0jqc40JnpMwiI800AWFAHC5U\" \/><input type=\"hidden\" name=\"pms_stripe_connect_payment_intent\" value=\"\"\/><input type=\"hidden\" name=\"pms_stripe_connect_setup_intent\" value=\"\"\/><input type=\"hidden\" id=\"pms-stripe-ajax-update-payment-intent-nonce\" name=\"stripe_ajax_update_payment_intent_nonce\" value=\"96cc45e792\"\/>\n            <input class=\"pms-form-submit\" name=\"pms_register\" type=\"submit\" value=\"Registruokit\u0117s\" \/>\n    \n<input type=\"hidden\" name=\"trp-form-language\" value=\"lt\"\/><\/form>","protected":false},"excerpt":{"rendered":"<p>Members Only Sologusto Membership Club Choose your membership plan and get exclusive access to our curated selection of authentic Italian products.<\/p>","protected":false},"author":1,"featured_media":0,"parent":0,"menu_order":0,"comment_status":"closed","ping_status":"closed","template":"","meta":{"footnotes":""},"class_list":["post-10516","page","type-page","status-publish","hentry"],"jetpack_sharing_enabled":true,"jetpack_shortlink":"https:\/\/wp.me\/PenU2I-2JC","_links":{"self":[{"href":"https:\/\/www.sologusto.com\/lt\/wp-json\/wp\/v2\/pages\/10516","targetHints":{"allow":["GET"]}}],"collection":[{"href":"https:\/\/www.sologusto.com\/lt\/wp-json\/wp\/v2\/pages"}],"about":[{"href":"https:\/\/www.sologusto.com\/lt\/wp-json\/wp\/v2\/types\/page"}],"author":[{"embeddable":true,"href":"https:\/\/www.sologusto.com\/lt\/wp-json\/wp\/v2\/users\/1"}],"replies":[{"embeddable":true,"href":"https:\/\/www.sologusto.com\/lt\/wp-json\/wp\/v2\/comments?post=10516"}],"version-history":[{"count":2,"href":"https:\/\/www.sologusto.com\/lt\/wp-json\/wp\/v2\/pages\/10516\/revisions"}],"predecessor-version":[{"id":10532,"href":"https:\/\/www.sologusto.com\/lt\/wp-json\/wp\/v2\/pages\/10516\/revisions\/10532"}],"wp:attachment":[{"href":"https:\/\/www.sologusto.com\/lt\/wp-json\/wp\/v2\/media?parent=10516"}],"curies":[{"name":"wp","href":"https:\/\/api.w.org\/{rel}","templated":true}]}}