{"id":10512,"date":"2026-05-09T16:39:34","date_gmt":"2026-05-09T13:39:34","guid":{"rendered":"https:\/\/www.sologusto.com\/?page_id=10512"},"modified":"2026-05-09T16:39:34","modified_gmt":"2026-05-09T13:39:34","slug":"terms-and-conditions","status":"publish","type":"page","link":"https:\/\/www.sologusto.com\/lt\/terms-and-conditions\/","title":{"rendered":"S\u0105lygos ir nuostatos"},"content":{"rendered":"<p><!-- ============================================================\n     SOLOGUSTO \u2014 Terms & Conditions (ENGLISH)\n     Tab \"Text\" \u2192 cancella tutto \u2192 incolla \u2192 Aggiorna\n     ============================================================ --><\/p>\n<div class=\"sg-about\">\n<p>  <span class=\"sg-badge\">Teisinis<\/span><\/p>\n<h2>Paslaug\u0173 teikimo s\u0105lygos<\/h2>\n<div class=\"sg-divider\"><\/div>\n<h3 class=\"sg-section-title\">Ap\u017evalga<\/h3>\n<p>\u0160i\u0105 svetain\u0119 valdo <strong>VSI Tik Skoniui \u2013 Sologusto<\/strong>. Throughout the site, the terms &#8220;we&#8221;, &#8220;us&#8221; and &#8220;our&#8221; refer to VSI Tik Skoniui \u2013 Sologusto. We offer this website, including all information, tools and services available from this site to you, the user, conditioned upon your acceptance of all terms, conditions, policies and notices stated here.<\/p>\n<p>By visiting our site and\/or purchasing something from us, you engage in our &#8220;Service&#8221; and agree to be bound by the following terms and conditions. Please read these Terms of Service carefully before accessing or using our website.<\/p>\n<h3 class=\"sg-section-title\">1 skyrius. Internetin\u0117s parduotuv\u0117s s\u0105lygos<\/h3>\n<p>Sutikdami su \u0161iomis Paslaug\u0173 teikimo s\u0105lygomis, j\u016bs patvirtinate, kad esate pilnametis savo gyvenamosios \u0161alies nustatyta tvarka. J\u016bs negalite naudoti m\u016bs\u0173 produkt\u0173 jokiems neteis\u0117tiems ar neleistiniems tikslams. Pa\u017eeidus bet kuri\u0105 i\u0161 S\u0105lyg\u0173, j\u016bs\u0173 Paslaugos bus nedelsiant nutrauktos.<\/p>\n<h3 class=\"sg-section-title\">2 skirsnis. Bendrosios s\u0105lygos<\/h3>\n<p>Pasiliekame teis\u0119 bet kuriuo metu atsisakyti teikti paslaugas bet kam d\u0117l bet kokios prie\u017easties. Kredito korteli\u0173 informacija visada \u0161ifruojama perdavimo tinklais metu. J\u016bs sutinkate neatkurti, nekopijuoti, neparduoti ir neperparduoti jokios Paslaugos dalies be ai\u0161kaus ra\u0161ti\u0161ko m\u016bs\u0173 leidimo.<\/p>\n<h3 class=\"sg-section-title\">3 skirsnis. Informacijos tikslumas<\/h3>\n<p>Mes neatsakome, jei \u0161ioje svetain\u0117je pateikta informacija yra netiksli, nei\u0161sami ar neaktuali. Med\u017eiaga pateikiama tik bendro pob\u016bd\u017eio informacijai. Pasiliekame teis\u0119 bet kuriuo metu keisti \u0161ios svetain\u0117s turin\u012f.<\/p>\n<h3 class=\"sg-section-title\">4 skyrius. Paslaug\u0173 ir kain\u0173 pakeitimai<\/h3>\n<p>M\u016bs\u0173 produkt\u0173 kainos gali b\u016bti kei\u010diamos be \u012fsp\u0117jimo. Pasiliekame teis\u0119 bet kuriuo metu be \u012fsp\u0117jimo keisti arba nutraukti Paslaug\u0105. Mes neatsakome u\u017e jokius Paslaugos pakeitimus, kain\u0173 poky\u010dius, sustabdym\u0105 ar nutraukim\u0105.<\/p>\n<h3 class=\"sg-section-title\">5 skirsnis. Produktai ir paslaugos<\/h3>\n<p>Kai kurie produktai ar paslaugos gali b\u016bti prieinami tik internetu. \u0160i\u0173 produkt\u0173 kiekis gali b\u016bti ribotas, o gr\u0105\u017einti ar keisti juos galima tik pagal m\u016bs\u0173 taisykles. <a href=\"https:\/\/www.sologusto.com\/lt\/prekiu-pristatymas-ir-grazinimas\/\" style=\"color:#B85C2C;\">Gr\u0105\u017einimo politika<\/a>. Pasiliekame teis\u0119 bet kuriuo metu apriboti kiekius arba nutraukti bet kurio produkto gamyb\u0105.<\/p>\n<h3 class=\"sg-section-title\">6 skirsnis. S\u0105skait\u0173 fakt\u016br\u0173 i\u0161ra\u0161ymas ir s\u0105skaitos informacija<\/h3>\n<p>Pasiliekame teis\u0119 atsisakyti bet kokio u\u017esakymo. J\u016bs sutinkate pateikti naujausi\u0105, i\u0161sami\u0105 ir tiksli\u0105 pirkimo ir paskyros informacij\u0105 visiems pirkiniams. Pinigai gr\u0105\u017einami pradiniu mok\u0117jimo b\u016bdu per 3 darbo dienas.<\/p>\n<h3 class=\"sg-section-title\">7 skyrius. Papildomi \u012frankiai<\/h3>\n<p>Mes galime suteikti prieig\u0105 prie tre\u010di\u0173j\u0173 \u0161ali\u0173 \u012franki\u0173, kuri\u0173 nekontroliuojame. Bet koks pasirenkam\u0173 \u012franki\u0173 naudojimas yra visi\u0161kai j\u016bs\u0173 pa\u010di\u0173 rizika. Ateityje taip pat galime pasi\u016blyti nauj\u0173 paslaug\u0173 ar funkcij\u0173, kurioms taip pat bus taikomos \u0161ios S\u0105lygos.<\/p>\n<h3 class=\"sg-section-title\">8 skirsnis. Tre\u010di\u0173j\u0173 \u0161ali\u0173 nuorodos<\/h3>\n<p>Tre\u010di\u0173j\u0173 \u0161ali\u0173 nuorodos \u0161ioje svetain\u0117je gali nukreipti jus \u012f su mumis nesusijusias svetaines. Mes neatsakome u\u017e tre\u010di\u0173j\u0173 \u0161ali\u0173 svetaini\u0173 turin\u012f ar tikslum\u0105. Mes neatsakome u\u017e joki\u0105 \u017eal\u0105 ar nuostolius, susijusius su tre\u010di\u0173j\u0173 \u0161ali\u0173 sandoriais.<\/p>\n<h3 class=\"sg-section-title\">9 skyrius. Vartotoj\u0173 komentarai ir pateikimai<\/h3>\n<p>Jei siun\u010diate mums pasi\u016blymus, pasi\u016blymus ar kit\u0105 med\u017eiag\u0105, sutinkate, kad mes galime juos naudoti bet kuriuo metu be apribojim\u0173 ar atlygio. J\u016bs esate visi\u0161kai atsakingi u\u017e visus savo pateiktus komentarus ir j\u0173 tikslum\u0105.<\/p>\n<h3 class=\"sg-section-title\">10 skirsnis. Asmenin\u0117 informacija<\/h3>\n<p>J\u016bs\u0173 asmenin\u0117s informacijos pateikim\u0105 parduotuv\u0117je reglamentuoja m\u016bs\u0173 <a href=\"https:\/\/www.sologusto.com\/lt\/privacy-policy\/\" style=\"color:#B85C2C;\">Privatumo politika<\/a>.<\/p>\n<h3 class=\"sg-section-title\">11 skirsnis. Klaidos ir praleidimai<\/h3>\n<p>Kartais m\u016bs\u0173 svetain\u0117je gali b\u016bti informacijos, kurioje yra spausdinimo klaid\u0173, netikslum\u0173 ar praleidim\u0173. Pasiliekame teis\u0119 bet kuriuo metu be i\u0161ankstinio \u012fsp\u0117jimo i\u0161taisyti klaidas ir atnaujinti informacij\u0105.<\/p>\n<h3 class=\"sg-section-title\">12 skirsnis. Draud\u017eiamas naudojimas<\/h3>\n<p>Jums draud\u017eiama naudoti svetain\u0119 bet kokiems neteis\u0117tiems tikslams, pa\u017eeisti bet kokius \u012fstatymus, pa\u017eeisti intelektin\u0117s nuosavyb\u0117s teises, priekabiauti prie kit\u0173 ar juos diskriminuoti, platinti kenk\u0117ji\u0161kas programas ar trukdyti Paslaugos saugumo funkcijoms.<\/p>\n<h3 class=\"sg-section-title\">13 skirsnis. Garantij\u0173 atsisakymas<\/h3>\n<p>We do not guarantee that our service will be uninterrupted, timely, secure or error-free. The service and all products are provided &#8220;as is&#8221; and &#8220;as available&#8221; without any warranties of any kind. Our liability shall be limited to the maximum extent permitted by Lithuanian law.<\/p>\n<h3 class=\"sg-section-title\">14 skirsnis. \u017dalos atlyginimas<\/h3>\n<p>J\u016bs sutinkate atlyginti \u017eal\u0105 ir apsaugoti \u201eVSI Tik Skoniui \u2013 Sologusto\u201c bei m\u016bs\u0173 pareig\u016bnus, direktorius, agentus, rangovus ir darbuotojus nuo bet koki\u0173 pretenzij\u0173 ar reikalavim\u0173, kylan\u010di\u0173 d\u0117l j\u016bs\u0173 \u0161i\u0173 Paslaug\u0173 teikimo s\u0105lyg\u0173 pa\u017eeidimo.<\/p>\n<h3 class=\"sg-section-title\">15 skirsnis. Atskiriamumas<\/h3>\n<p>Jei kuri nors \u0161i\u0173 S\u0105lyg\u0173 nuostata pripa\u017e\u012fstama neteis\u0117ta arba ne\u012fgyvendinama, tokia nuostata bus atskirta nuo \u0161i\u0173 S\u0105lyg\u0173 nepaveikiant joki\u0173 kit\u0173 likusi\u0173 nuostat\u0173 galiojimo.<\/p>\n<h3 class=\"sg-section-title\">16 skirsnis. Nutraukimas<\/h3>\n<p>\u0160ios S\u0105lygos galioja, kol n\u0117ra nutraukiamos. Mes galime nutraukti \u0161i\u0105 sutart\u012f bet kuriuo metu be \u012fsp\u0117jimo, jei nesilaikysite kurios nors \u0161i\u0173 Paslaug\u0173 teikimo s\u0105lyg\u0173 s\u0105lygos ar nuostatos.<\/p>\n<h3 class=\"sg-section-title\">17 skirsnis. Visas susitarimas<\/h3>\n<p>\u0160ios Paslaug\u0173 teikimo s\u0105lygos sudaro vis\u0105 susitarim\u0105 tarp j\u016bs\u0173 ir m\u016bs\u0173 ir reglamentuoja j\u016bs\u0173 naudojim\u0105si Paslauga, pakeisdamos bet kokius ankstesnius susitarimus tarp j\u016bs\u0173 ir m\u016bs\u0173.<\/p>\n<h3 class=\"sg-section-title\">18 skirsnis. Taikoma teis\u0117<\/h3>\n<p>\u0160ioms Paslaug\u0173 teikimo s\u0105lygoms taikoma ir jos ai\u0161kinamos pagal <strong>Lietuva<\/strong>.<\/p>\n<h3 class=\"sg-section-title\">19 skirsnis. S\u0105lyg\u0173 pakeitimai<\/h3>\n<p>Pasiliekame teis\u0119 bet kuriuo metu atnaujinti arba pakeisti bet kuri\u0105 \u0161i\u0173 S\u0105lyg\u0173 dal\u012f. Toliau naudodamiesi m\u016bs\u0173 svetaine po bet koki\u0173 pakeitim\u0173, j\u016bs sutinkate su tais pakeitimais.<\/p>\n<div class=\"sg-box-green\">\n<h3>20 skirsnis. Kontaktin\u0117 informacija<\/h3>\n<p>Klausimus apie Paslaug\u0173 teikimo s\u0105lygas si\u0173skite mums adresu <a href=\"mailto:info@sologusto.com\" style=\"color:#1e8449;font-weight:700;\">info@sologusto.com<\/a><\/p>\n<p style=\"margin-top:0.75rem;\">\n      <strong>VSI Tik Skoniui \u2013 Sologusto<\/strong><br \/>\n      Vilkp\u0117d\u0117s g. 6D, LT-03151 Vilnius, Lietuva<br \/>\n      El. pa\u0161tas: info@sologusto.com<br \/>\n      Telefonas: +370 612 00408<br \/>\n      \u012emon\u0117s kodas: 303463394<br \/>\n      PVM kodas: LT100009044610\n    <\/p>\n<\/p><\/div>\n<\/div>","protected":false},"excerpt":{"rendered":"<p>Legal Terms of Service Overview This website is operated by VSI Tik Skoniui \u2013 Sologusto. Throughout the site, the terms &#8220;we&#8221;, &#8220;us&#8221; and &#8220;our&#8221; refer to VSI Tik Skoniui \u2013 [&hellip;]<\/p>\n","protected":false},"author":1,"featured_media":0,"parent":0,"menu_order":0,"comment_status":"closed","ping_status":"closed","template":"","meta":{"footnotes":""},"class_list":["post-10512","page","type-page","status-publish","hentry"],"jetpack_sharing_enabled":true,"jetpack_shortlink":"https:\/\/wp.me\/PenU2I-2Jy","_links":{"self":[{"href":"https:\/\/www.sologusto.com\/lt\/wp-json\/wp\/v2\/pages\/10512","targetHints":{"allow":["GET"]}}],"collection":[{"href":"https:\/\/www.sologusto.com\/lt\/wp-json\/wp\/v2\/pages"}],"about":[{"href":"https:\/\/www.sologusto.com\/lt\/wp-json\/wp\/v2\/types\/page"}],"author":[{"embeddable":true,"href":"https:\/\/www.sologusto.com\/lt\/wp-json\/wp\/v2\/users\/1"}],"replies":[{"embeddable":true,"href":"https:\/\/www.sologusto.com\/lt\/wp-json\/wp\/v2\/comments?post=10512"}],"version-history":[{"count":2,"href":"https:\/\/www.sologusto.com\/lt\/wp-json\/wp\/v2\/pages\/10512\/revisions"}],"predecessor-version":[{"id":10515,"href":"https:\/\/www.sologusto.com\/lt\/wp-json\/wp\/v2\/pages\/10512\/revisions\/10515"}],"wp:attachment":[{"href":"https:\/\/www.sologusto.com\/lt\/wp-json\/wp\/v2\/media?parent=10512"}],"curies":[{"name":"wp","href":"https:\/\/api.w.org\/{rel}","templated":true}]}}